{"id":5270,"date":"2022-12-01T09:54:00","date_gmt":"2022-12-01T08:54:00","guid":{"rendered":"https:\/\/cestavon.sk\/amal\/"},"modified":"2025-09-11T12:55:06","modified_gmt":"2025-09-11T10:55:06","slug":"amal","status":"publish","type":"page","link":"https:\/\/cestavon.sk\/en\/amal\/","title":{"rendered":"AMAL"},"content":{"rendered":"\n<div class=\"component-video-section\">\n  <div class=\"container\">\n    <div class=\"row right\">\n      <div class=\"col-6 col-sm-12\">\n        <div class=\"video-wrap\">\n          <picture><source media=\"(min-width: 0px) and (max-width: 767px)\" srcset=\"https:\/\/cestavon.sk\/wp-content\/uploads\/2023\/05\/omama_035-455x607.jpg\"><source media=\"(min-width: 768px) and (max-width: 1023px)\" srcset=\"https:\/\/cestavon.sk\/wp-content\/uploads\/2023\/05\/omama_035-683x910.jpg\"><source media=\"(min-width: 1024px) and (max-width: 1439px)\" srcset=\"https:\/\/cestavon.sk\/wp-content\/uploads\/2023\/05\/omama_035-1366x1821.jpg\"><img decoding=\"async\" style=\"border-radius: 0px;\" src=\"https:\/\/cestavon.sk\/wp-content\/uploads\/2023\/05\/omama_035-1366x1821.jpg\"><\/picture>        <\/div>\n      <\/div>\n      <div class=\"col-6 col-sm-12\">\n        <div class=\"content-wrap\">\n          <h1>The AMAL program<\/h1><p>To help us understand each other.\r\n\r\nThe word &#8220;amal&#8221; means &#8220;friend&#8221; in international Romani, &#8220;hope&#8221; in Arabic and &#8220;hard work&#8221; in Hebrew.\r\n\r\nThe volunteers in our program, called Amals, are people who have decided to share their time and knowledge with people from excluded Roma communities.<\/p>        <\/div>\n      <\/div>\n    <\/div>\n  <\/div>\n<\/div>\n\n<div style=\"height: 90px;\" class=\"component-spacer-d \"><\/div>\n<div style=\"height: 45px;\" class=\"component-spacer-m \"><\/div>\n\n\n<section class=\"text \">\n  <div class=\"container\">\n    <div class=\"row\">\n      <div class=\"col-12 text-wrap\">\n        <p style=\"text-align: left;color: #000000;\">The AMAL program supports people from poor communities who want to develop their language skills and continue their education. We connect individuals from excluded communities with volunteers from the majority, known as Amals. Each volunteer is paired with a participant from the community to focus on enhancing Slovak language skills or explore other relevant subjects during their online lessons. However, it is not just about sharing knowledge; they exchange perspectives and life experiences and discover each other\u2019s worlds.\r\n\r\nThe program, therefore, also educates people from the majority and helps to foster understanding and build new connections. Initially, the program aimed to support Omamas in improving their language skills, as for many of them, Slovak is not their native language. Although they usually speak Slovak at a good communicative level, many of them struggled with new and specialized topics during their training sessions or found sharing experiences and expressing opinions challenging. Language is an integral part of our identity \u2013 it allows us to understand ourselves, process our thoughts, talk about our experiences, and connect with those around us. Through language, we can continue to learn and grow both intellectually and personally.<\/p>      <\/div>\n    <\/div>\n  <\/div>\n<\/section>\n\n\n<div style=\"height: 90px;\" class=\"component-spacer-d \"><\/div>\n<div style=\"height: 45px;\" class=\"component-spacer-m \"><\/div>\n\n\n\n\n\n\n\n\n\n\n  <div class=\"inoby-img-with-text \">\n    <div class=\"container\">\n      <div class=\"row left\">\n        <div class=\"col-12\">\n          <div class=\"img-with-text-wrap left\">\n            <div class=\"img-wrap\">\n              <picture><img decoding=\"async\" style=\"border-radius: 0px;\" src=\"https:\/\/cestavon.sk\/wp-content\/uploads\/2023\/10\/Cesta-von-web-36-455x607.jpg\"><\/picture>            <\/div>\n            <div class=\"content-wrap\">\n              <div class=\"text-wrap\">\n                <p><h4>The focus of the AMAL program gradually expanded to cover all our programs, including OMAMA, ZEBRA and FILIP.<\/h4>\r\n<div data-olk-copy-source=\"MailCompose\">It evolved into an internal educational platform for women working within the Omama program. It also provides education adapted to the needs of the youth leaders and teenagers of the ZEBRA program, as well as the participants in the FILIP program.<\/div>\r\n<div>At the same time, AMAL also brings together supporters of Cesta von, who have chosen to participate actively in our mission as volunteers.<\/div><\/p>              <\/div>\n              <div class=\"button-wrap\">\n                              <\/div>\n            <\/div>\n          <\/div>\n        <\/div>\n      <\/div>\n    <\/div>\n  <\/div>\n\n\n<div style=\"height: 100px;\" class=\"component-spacer-d \"><\/div>\n<div style=\"height: 80px;\" class=\"component-spacer-m \"><\/div>\n\n\n<section class=\"cta-grid\">\n  <div class=\"container\">\n    <div class=\"row\">\n      <div class=\"col-12\">\n        <div class=\"cta-grid-wrap\"><div class=\"cta-grid-box\"><img decoding=\"async\" src=\"https:\/\/cestavon.sk\/wp-content\/uploads\/2024\/11\/omama2024_012-683x683.jpg\" alt=\"\"><h5>What challenges does AMAL address?<\/h5><p>People from excluded poor communities often lack opportunities to improve their language skills and continue learning in ways that would suit their specific needs. A negative perception of the Roma people still prevails in society, with many people influenced by stereotypes, pre-conceived beliefs and a lack of direct interaction. People from excluded communities and the majority rarely have opportunities to meet, exchange experiences, and foster relationships with each other.<\/p><\/div><div class=\"cta-grid-box\"><img decoding=\"async\" src=\"https:\/\/cestavon.sk\/wp-content\/uploads\/2024\/11\/Cesta-von-web-46-683x683.jpg\" alt=\"\"><h5>What are the main principles?<\/h5><p>AMAL provides opportunities for people in poor communities to learn and grow through language learning and thematic lessons. It enriches and promotes their knowledge of Romani history, language, and culture, creates opportunities for sharing experiences, and strengthens the voice of the excluded communities. At the same time, the program also educates and raises awareness among the majority population, helping them to gain a deeper understanding of generational poverty.<\/p><\/div><div class=\"cta-grid-box\"><img decoding=\"async\" src=\"https:\/\/cestavon.sk\/wp-content\/uploads\/2024\/11\/Cesta-von-web-38-1-683x683.jpg\" alt=\"\"><h5>What is AMAL&#039;s goal?<\/h5><p>With its innovative and proven methods, the AMAL program serves as a model of good practice, providing education, growth, and enrichment to everyone involved. Through personal experiences, it offers both volunteers and excluded community members new perspectives and insights, deepens mutual understanding, and contributes to developing an inclusive education ecosystem and social cohesion.<\/p><\/div><\/div>      <\/div>\n    <\/div>\n  <\/div>\n<\/section>\n\n\n<section class=\"component-testimonials \">\n  <div class=\"container\">\n    <div class=\"row\">\n      <div class=\"col-6 col-sm-12\">\n        <picture><source media=\"(min-width: 0px) and (max-width: 767px)\" srcset=\"https:\/\/cestavon.sk\/wp-content\/uploads\/2023\/05\/Co-mi-dali-hodiny-slovenciny-scaled-e1685015520205-455x607.jpg\"><source media=\"(min-width: 768px) and (max-width: 1023px)\" srcset=\"https:\/\/cestavon.sk\/wp-content\/uploads\/2023\/05\/Co-mi-dali-hodiny-slovenciny-scaled-e1685015520205-683x910.jpg\"><source media=\"(min-width: 1024px) and (max-width: 1439px)\" srcset=\"https:\/\/cestavon.sk\/wp-content\/uploads\/2023\/05\/Co-mi-dali-hodiny-slovenciny-scaled-e1685015520205-683x910.jpg\"><img decoding=\"async\" style=\"border-radius: 0px;\" src=\"https:\/\/cestavon.sk\/wp-content\/uploads\/2023\/05\/Co-mi-dali-hodiny-slovenciny-scaled-e1685015520205-683x910.jpg\"><\/picture>      <\/div>\n      <div class=\"col-6 col-sm-12\">\n        <h2>What do omamas say?<\/h2><p> <\/p>        <div class=\"quote-mark mark-first\"><\/div>\n        <div class=\"testimonials-slider\" id=\"testimonials-slider-wrapper69eeae1ac4625\" data-infinite=\"1\" data-slides=\"1\" data-automatic=\"0\">\n                    <div class=\"testimonial-box\">\n            <p>\n              I can now explain what I need and understand things better [at the doctor&#8217;s]. That&#8217;s where I feel I&#8217;ve made the biggest improvement.\r\nI&#8217;m not so shy anymore about expressing what I want.            <\/p>\n            <div class=\"author-box\">\n              <div class=\"author-image\"><picture><source media=\"(min-width: 0px) and (max-width: 767px)\" srcset=\"https:\/\/cestavon.sk\/wp-content\/uploads\/2023\/05\/Monika_Raslavice-228x228.png\"><source media=\"(min-width: 768px) and (max-width: 1023px)\" srcset=\"https:\/\/cestavon.sk\/wp-content\/uploads\/2023\/05\/Monika_Raslavice-228x228.png\"><source media=\"(min-width: 1024px) and (max-width: 1439px)\" srcset=\"https:\/\/cestavon.sk\/wp-content\/uploads\/2023\/05\/Monika_Raslavice-228x228.png\"><img decoding=\"async\" style=\"border-radius: 0px;\" src=\"https:\/\/cestavon.sk\/wp-content\/uploads\/2023\/05\/Monika_Raslavice-228x228.png\"><\/picture><\/div>              <div class=\"author-content\">\n                <p class=\"small\">Monika<\/p>\n                <span class=\"caption\">omama<\/span>\n              <\/div>\n            <\/div>\n          <\/div>\n                              <div class=\"testimonial-box\">\n            <p>\n              When I started having the online sessions with my Amal tutor, I saw how kind, friendly, and caring she is. She told me that she would introduce me to her husband and son, and I also introduced her to my granddaughter and grandson. As a result, we knew everything about each other. And it was no longer just a program, but a friendship.            <\/p>\n            <div class=\"author-box\">\n              <div class=\"author-image\"><picture><source media=\"(min-width: 0px) and (max-width: 767px)\" srcset=\"https:\/\/cestavon.sk\/wp-content\/uploads\/2023\/01\/CESTA-VON_omamy-a-mentorky_FAREBNE-3-228x228.jpg\"><source media=\"(min-width: 768px) and (max-width: 1023px)\" srcset=\"https:\/\/cestavon.sk\/wp-content\/uploads\/2023\/01\/CESTA-VON_omamy-a-mentorky_FAREBNE-3-228x228.jpg\"><source media=\"(min-width: 1024px) and (max-width: 1439px)\" srcset=\"https:\/\/cestavon.sk\/wp-content\/uploads\/2023\/01\/CESTA-VON_omamy-a-mentorky_FAREBNE-3-228x228.jpg\"><img decoding=\"async\" style=\"border-radius: 0px;\" src=\"https:\/\/cestavon.sk\/wp-content\/uploads\/2023\/01\/CESTA-VON_omamy-a-mentorky_FAREBNE-3-228x228.jpg\"><\/picture><\/div>              <div class=\"author-content\">\n                <p class=\"small\">Ivet<\/p>\n                <span class=\"caption\">omama<\/span>\n              <\/div>\n            <\/div>\n          <\/div>\n                              <div class=\"testimonial-box\">\n            <p>\n              Even if I gave the wrong [answer]\u2026 and it did happen sometimes. But it didn&#8217;t matter. It was no big deal; every mistake can be corrected.            <\/p>\n            <div class=\"author-box\">\n              <div class=\"author-image\"><picture><source media=\"(min-width: 0px) and (max-width: 767px)\" srcset=\"https:\/\/cestavon.sk\/wp-content\/uploads\/2024\/07\/Eva-Orackova-228x228.jpg\"><source media=\"(min-width: 768px) and (max-width: 1023px)\" srcset=\"https:\/\/cestavon.sk\/wp-content\/uploads\/2024\/07\/Eva-Orackova-228x228.jpg\"><source media=\"(min-width: 1024px) and (max-width: 1439px)\" srcset=\"https:\/\/cestavon.sk\/wp-content\/uploads\/2024\/07\/Eva-Orackova-228x228.jpg\"><img decoding=\"async\" style=\"border-radius: 0px;\" src=\"https:\/\/cestavon.sk\/wp-content\/uploads\/2024\/07\/Eva-Orackova-228x228.jpg\"><\/picture><\/div>              <div class=\"author-content\">\n                <p class=\"small\">Evka<\/p>\n                <span class=\"caption\">omama<\/span>\n              <\/div>\n            <\/div>\n          <\/div>\n                              <div class=\"testimonial-box\">\n            <p>\n              Honestly, this one hour a week is probably the time I spend in the most meaningful and valuable way.            <\/p>\n            <div class=\"author-box\">\n              <div class=\"author-image\"><picture><source media=\"(min-width: 0px) and (max-width: 767px)\" srcset=\"https:\/\/cestavon.sk\/wp-content\/uploads\/2024\/11\/muz-228x228.png\"><source media=\"(min-width: 768px) and (max-width: 1023px)\" srcset=\"https:\/\/cestavon.sk\/wp-content\/uploads\/2024\/11\/muz-228x228.png\"><source media=\"(min-width: 1024px) and (max-width: 1439px)\" srcset=\"https:\/\/cestavon.sk\/wp-content\/uploads\/2024\/11\/muz-228x228.png\"><img decoding=\"async\" style=\"border-radius: 0px;\" src=\"https:\/\/cestavon.sk\/wp-content\/uploads\/2024\/11\/muz-228x228.png\"><\/picture><\/div>              <div class=\"author-content\">\n                <p class=\"small\">Miro<\/p>\n                <span class=\"caption\">AMAL tutor within the ZEBRA program<\/span>\n              <\/div>\n            <\/div>\n          <\/div>\n                              <div class=\"testimonial-box\">\n            <p>\n              For me, the AMAL program represents a deep sense of connection and understanding. By strengthening the Omama&#8217;s language skills, we are building a bridge of words, emotions, and pure humanity together.             <\/p>\n            <div class=\"author-box\">\n              <div class=\"author-image\"><picture><source media=\"(min-width: 0px) and (max-width: 767px)\" srcset=\"https:\/\/cestavon.sk\/wp-content\/uploads\/2024\/11\/muz-1-228x228.png\"><source media=\"(min-width: 768px) and (max-width: 1023px)\" srcset=\"https:\/\/cestavon.sk\/wp-content\/uploads\/2024\/11\/muz-1-228x228.png\"><source media=\"(min-width: 1024px) and (max-width: 1439px)\" srcset=\"https:\/\/cestavon.sk\/wp-content\/uploads\/2024\/11\/muz-1-228x228.png\"><img decoding=\"async\" style=\"border-radius: 0px;\" src=\"https:\/\/cestavon.sk\/wp-content\/uploads\/2024\/11\/muz-1-228x228.png\"><\/picture><\/div>              <div class=\"author-content\">\n                <p class=\"small\">Zuzka<\/p>\n                <span class=\"caption\">AMAL tutor within the OMAMA program<\/span>\n              <\/div>\n            <\/div>\n          <\/div>\n                            <\/div>\n        <div class=\"quote-mark mark-last\"><\/div>\n                <div class=\"keen-arrows\" style=\"display: none;\" for=\"testimonials-slider-wrapper69eeae1ac4625\" >\n    <div class=\"keen-arrow left\"><<\/div> \n    <div class=\"keen-arrow right\">><\/div> \n<\/div>                      <\/div>\n    <\/div>\n  <\/div>\n<\/section>\n\n\n<div style=\"height: 90px;\" class=\"component-spacer-d \"><\/div>\n<div style=\"height: 45px;\" class=\"component-spacer-m \"><\/div>\n\n\n\n\n<div style=\"height: 40px;\" class=\"component-spacer-d \"><\/div>\n<div style=\"height: 20px;\" class=\"component-spacer-m \"><\/div>\n\n\n\n\n\n\n<div class=\"component-side-graphics \">\n  <div class=\"container\">\n    <img decoding=\"async\" style=\"left: 0px; width: fit-content; transform: translate(-100%,-70%)\" class=\"side-graphics-element\"\n      src=\"https:\/\/cestavon.sk\/wp-content\/uploads\/2022\/10\/circle-stripped.svg\" alt=\"Postrann\u00e1 grafika\">\n  <\/div>\n<\/div>\n\n\n<div class=\"component-side-graphics \">\n  <div class=\"container\">\n    <img decoding=\"async\" style=\"right: 0px; width: fit-content; transform: translate(150%,-150%)\" class=\"side-graphics-element\"\n      src=\"https:\/\/cestavon.sk\/wp-content\/uploads\/2022\/10\/two-outline-dots-orange.svg\" alt=\"Postrann\u00e1 grafika\">\n  <\/div>\n<\/div>\n\n\n\n\n<div style=\"height: 120px;\" class=\"component-spacer-d \"><\/div>\n<div style=\"height: 60px;\" class=\"component-spacer-m \"><\/div>\n\n\n<section class=\"text \">\n  <div class=\"container\">\n    <div class=\"row\">\n      <div class=\"col-12 text-wrap\">\n        <h2 style=\"text-align: left;color: #0d214d;\">People behind the program:<\/h2>      <\/div>\n    <\/div>\n  <\/div>\n<\/section>\n\n\n  <div class=\"inoby-img-with-text \">\n    <div class=\"container\">\n      <div class=\"row left\">\n        <div class=\"col-12\">\n          <div class=\"img-with-text-wrap left\">\n            <div class=\"img-wrap\">\n              <picture><img decoding=\"async\" style=\"border-radius: 0px;\" src=\"https:\/\/cestavon.sk\/wp-content\/uploads\/2023\/10\/Cesta-von-web-52-455x607.jpg\"><\/picture>            <\/div>\n            <div class=\"content-wrap\">\n              <div class=\"text-wrap\">\n                <p><div data-olk-copy-source=\"MailCompose\">Mgr. Eva \u0160panov\u00e1, PhD. (Lecturer and Author of study materials for learning Slovak as a foreign language)<\/div>\r\n<div data-olk-copy-source=\"MailCompose\">\u00a0<\/div>\r\n<div>Assoc. Prof. Svetlana Kapalkov\u00e1, PhD. (Expert on Speech Development and Bilingualism, Director of the Institute of Child Speech)<\/div>\r\n<div>\u00a0<\/div>\r\n<div>Mgr. Monika Nemcov\u00e1, PhD (Department of Communication Disorders, Faculty of Education, Comenius University)<\/div>\r\n<div>\u00a0<\/div>\r\n<div>PaedDr. Zuzana R\u00e9v\u00e9szov\u00e1 (Special Education Teacher focusing on the topics of inclusive education)<\/div>\r\n<div>\u00a0<\/div>\r\n<div>Mgr. J\u00falia Choleva, PhD.<\/div>\r\n<div>(\u013d. \u0160t\u00far Institute of Linguistics, Slovak Academy of Sciences)<\/div>\r\n<div>\u00a0<\/div>\r\n<div>Mgr. Zuzana Laurincov\u00e1 (Design &amp; Impact Manager at Teach for Slovakia)<\/div>\r\n<div>\u00a0<\/div>\r\n<div>Mgr. Martina Hor\u0148\u00e1kov\u00e1 (Romologist)<\/div>\r\n<div>\u00a0<\/div>\r\n<div>Prof. Magdal\u00e9na Kubanyiov\u00e1 PhD.<\/div>\r\n<div>(Director of the Centre for Language Education Research at the University of Leeds)<\/div><\/p>              <\/div>\n              <div class=\"button-wrap\">\n                              <\/div>\n            <\/div>\n          <\/div>\n        <\/div>\n      <\/div>\n    <\/div>\n  <\/div>\n\n\n<div class=\"component-side-graphics \">\n  <div class=\"container\">\n    <img decoding=\"async\" style=\"left: 0px; width: fit-content; transform: translate(-110%,-10%)\" class=\"side-graphics-element\"\n      src=\"https:\/\/cestavon.sk\/wp-content\/uploads\/2022\/10\/dotted-grid.svg\" alt=\"Postrann\u00e1 grafika\">\n  <\/div>\n<\/div>\n\n\n<div class=\"component-side-graphics \">\n  <div class=\"container\">\n    <img decoding=\"async\" style=\"right: 0px; width: 10px; transform: translate(-100%,-50%)\" class=\"side-graphics-element\"\n      src=\"https:\/\/cestavon.sk\/wp-content\/uploads\/2022\/10\/two-outline-dots-orange.svg\" alt=\"Postrann\u00e1 grafika\">\n  <\/div>\n<\/div>\n\n\n<div class=\"component-side-graphics \">\n  <div class=\"container\">\n    <img decoding=\"async\" style=\"right: 0px; width: fit-content; transform: translate(-100%,-50%)\" class=\"side-graphics-element\"\n      src=\"https:\/\/cestavon.sk\/wp-content\/uploads\/2022\/10\/icon-heart.svg\" alt=\"Postrann\u00e1 grafika\">\n  <\/div>\n<\/div>\n\n\n<div style=\"height: 120px;\" class=\"component-spacer-d \"><\/div>\n<div style=\"height: 60px;\" class=\"component-spacer-m \"><\/div>\n\n\n<section class=\"text \">\n  <div class=\"container\">\n    <div class=\"row\">\n      <div class=\"col-12 text-wrap\">\n        <h3 style=\"color: #05a597;\">A guide to enabling human encounters through teaching an additonial language<\/h3>      <\/div>\n    <\/div>\n  <\/div>\n<\/section>\n\n\n<section class=\"text \">\n  <div class=\"container\">\n    <div class=\"row\">\n      <div class=\"col-12 text-wrap\">\n        <p style=\"\">In 2023, we created a guide that can be used by future volunteers and other organizations operating in a similar field. It is called Language education in third spaces (A guide to enabling human encounters through teaching an additional language). A third space is any informal, non-formal educational space.<\/p>      <\/div>\n    <\/div>\n  <\/div>\n<\/section>\n\n\n<section class=\"component-downloads \">\n  <div class=\"container\">\n    <div class=\"row\">\n      <div class=\"col-12\">\n        <div class=\"downloads-wrap\">\n                    <div class=\"download-item\">\n            <h5>A guide to those participating in third spaces as volunteers<\/h5><a target=\"_blank\" class=\"download-link\" href=\"https:\/\/cestavon.sk\/wp-content\/uploads\/2025\/09\/AMAL-Encounter.pdf\">AMAL &#8211; Encounter<\/a>          <\/div>\n                  <\/div>\n      <\/div>\n    <\/div>\n  <\/div>\n<\/section>\n","protected":false},"excerpt":{"rendered":"","protected":false},"author":3,"featured_media":0,"parent":0,"menu_order":0,"comment_status":"closed","ping_status":"closed","template":"","meta":{"inline_featured_image":false,"footnotes":""},"class_list":["post-5270","page","type-page","status-publish","hentry"],"yoast_head":"<!-- This site is optimized with the Yoast SEO plugin v24.2 - https:\/\/yoast.com\/wordpress\/plugins\/seo\/ -->\n<title>AMAL - Cesta von<\/title>\n<meta name=\"robots\" content=\"index, follow, max-snippet:-1, max-image-preview:large, max-video-preview:-1\" \/>\n<link rel=\"canonical\" href=\"https:\/\/cestavon.sk\/en\/amal\/\" \/>\n<meta property=\"og:locale\" content=\"en_US\" \/>\n<meta property=\"og:type\" content=\"article\" \/>\n<meta property=\"og:title\" content=\"AMAL - Cesta von\" \/>\n<meta property=\"og:url\" content=\"https:\/\/cestavon.sk\/en\/amal\/\" \/>\n<meta property=\"og:site_name\" content=\"Cesta von\" \/>\n<meta property=\"article:publisher\" content=\"https:\/\/www.facebook.com\/cestavon.sk\" \/>\n<meta property=\"article:modified_time\" content=\"2025-09-11T10:55:06+00:00\" \/>\n<meta name=\"twitter:card\" content=\"summary_large_image\" \/>\n<script type=\"application\/ld+json\" class=\"yoast-schema-graph\">{\"@context\":\"https:\/\/schema.org\",\"@graph\":[{\"@type\":\"WebPage\",\"@id\":\"https:\/\/cestavon.sk\/en\/amal\/\",\"url\":\"https:\/\/cestavon.sk\/en\/amal\/\",\"name\":\"AMAL - Cesta von\",\"isPartOf\":{\"@id\":\"https:\/\/cestavon.sk\/en\/#website\"},\"datePublished\":\"2022-12-01T08:54:00+00:00\",\"dateModified\":\"2025-09-11T10:55:06+00:00\",\"breadcrumb\":{\"@id\":\"https:\/\/cestavon.sk\/en\/amal\/#breadcrumb\"},\"inLanguage\":\"en-US\",\"potentialAction\":[{\"@type\":\"ReadAction\",\"target\":[\"https:\/\/cestavon.sk\/en\/amal\/\"]}]},{\"@type\":\"BreadcrumbList\",\"@id\":\"https:\/\/cestavon.sk\/en\/amal\/#breadcrumb\",\"itemListElement\":[{\"@type\":\"ListItem\",\"position\":1,\"name\":\"Domovsk\u00e1 str\u00e1nka\",\"item\":\"https:\/\/cestavon.sk\/en\/\"},{\"@type\":\"ListItem\",\"position\":2,\"name\":\"AMAL\"}]},{\"@type\":\"WebSite\",\"@id\":\"https:\/\/cestavon.sk\/en\/#website\",\"url\":\"https:\/\/cestavon.sk\/en\/\",\"name\":\"Cesta von\",\"description\":\"Pom\u00f4\u017ete n\u00e1m p\u00edsa\u0165 pr\u00edbehy so \u0161\u0165astn\u00fdm koncom\",\"publisher\":{\"@id\":\"https:\/\/cestavon.sk\/en\/#organization\"},\"potentialAction\":[{\"@type\":\"SearchAction\",\"target\":{\"@type\":\"EntryPoint\",\"urlTemplate\":\"https:\/\/cestavon.sk\/en\/?s={search_term_string}\"},\"query-input\":{\"@type\":\"PropertyValueSpecification\",\"valueRequired\":true,\"valueName\":\"search_term_string\"}}],\"inLanguage\":\"en-US\"},{\"@type\":\"Organization\",\"@id\":\"https:\/\/cestavon.sk\/en\/#organization\",\"name\":\"Cesta von\",\"url\":\"https:\/\/cestavon.sk\/en\/\",\"logo\":{\"@type\":\"ImageObject\",\"inLanguage\":\"en-US\",\"@id\":\"https:\/\/cestavon.sk\/en\/#\/schema\/logo\/image\/\",\"url\":\"https:\/\/cestavon.sk\/wp-content\/uploads\/2023\/07\/LOGO_SIMPLE_MENTOL-03.png\",\"contentUrl\":\"https:\/\/cestavon.sk\/wp-content\/uploads\/2023\/07\/LOGO_SIMPLE_MENTOL-03.png\",\"width\":1182,\"height\":1182,\"caption\":\"Cesta von\"},\"image\":{\"@id\":\"https:\/\/cestavon.sk\/en\/#\/schema\/logo\/image\/\"},\"sameAs\":[\"https:\/\/www.facebook.com\/cestavon.sk\",\"https:\/\/www.instagram.com\/cestavon\/\",\"https:\/\/sk.linkedin.com\/company\/cesta-von\"]}]}<\/script>\n<!-- \/ Yoast SEO plugin. -->","yoast_head_json":{"title":"AMAL - Cesta von","robots":{"index":"index","follow":"follow","max-snippet":"max-snippet:-1","max-image-preview":"max-image-preview:large","max-video-preview":"max-video-preview:-1"},"canonical":"https:\/\/cestavon.sk\/en\/amal\/","og_locale":"en_US","og_type":"article","og_title":"AMAL - Cesta von","og_url":"https:\/\/cestavon.sk\/en\/amal\/","og_site_name":"Cesta von","article_publisher":"https:\/\/www.facebook.com\/cestavon.sk","article_modified_time":"2025-09-11T10:55:06+00:00","twitter_card":"summary_large_image","schema":{"@context":"https:\/\/schema.org","@graph":[{"@type":"WebPage","@id":"https:\/\/cestavon.sk\/en\/amal\/","url":"https:\/\/cestavon.sk\/en\/amal\/","name":"AMAL - Cesta von","isPartOf":{"@id":"https:\/\/cestavon.sk\/en\/#website"},"datePublished":"2022-12-01T08:54:00+00:00","dateModified":"2025-09-11T10:55:06+00:00","breadcrumb":{"@id":"https:\/\/cestavon.sk\/en\/amal\/#breadcrumb"},"inLanguage":"en-US","potentialAction":[{"@type":"ReadAction","target":["https:\/\/cestavon.sk\/en\/amal\/"]}]},{"@type":"BreadcrumbList","@id":"https:\/\/cestavon.sk\/en\/amal\/#breadcrumb","itemListElement":[{"@type":"ListItem","position":1,"name":"Domovsk\u00e1 str\u00e1nka","item":"https:\/\/cestavon.sk\/en\/"},{"@type":"ListItem","position":2,"name":"AMAL"}]},{"@type":"WebSite","@id":"https:\/\/cestavon.sk\/en\/#website","url":"https:\/\/cestavon.sk\/en\/","name":"Cesta von","description":"Pom\u00f4\u017ete n\u00e1m p\u00edsa\u0165 pr\u00edbehy so \u0161\u0165astn\u00fdm koncom","publisher":{"@id":"https:\/\/cestavon.sk\/en\/#organization"},"potentialAction":[{"@type":"SearchAction","target":{"@type":"EntryPoint","urlTemplate":"https:\/\/cestavon.sk\/en\/?s={search_term_string}"},"query-input":{"@type":"PropertyValueSpecification","valueRequired":true,"valueName":"search_term_string"}}],"inLanguage":"en-US"},{"@type":"Organization","@id":"https:\/\/cestavon.sk\/en\/#organization","name":"Cesta von","url":"https:\/\/cestavon.sk\/en\/","logo":{"@type":"ImageObject","inLanguage":"en-US","@id":"https:\/\/cestavon.sk\/en\/#\/schema\/logo\/image\/","url":"https:\/\/cestavon.sk\/wp-content\/uploads\/2023\/07\/LOGO_SIMPLE_MENTOL-03.png","contentUrl":"https:\/\/cestavon.sk\/wp-content\/uploads\/2023\/07\/LOGO_SIMPLE_MENTOL-03.png","width":1182,"height":1182,"caption":"Cesta von"},"image":{"@id":"https:\/\/cestavon.sk\/en\/#\/schema\/logo\/image\/"},"sameAs":["https:\/\/www.facebook.com\/cestavon.sk","https:\/\/www.instagram.com\/cestavon\/","https:\/\/sk.linkedin.com\/company\/cesta-von"]}]}},"_links":{"self":[{"href":"https:\/\/cestavon.sk\/en\/wp-json\/wp\/v2\/pages\/5270","targetHints":{"allow":["GET"]}}],"collection":[{"href":"https:\/\/cestavon.sk\/en\/wp-json\/wp\/v2\/pages"}],"about":[{"href":"https:\/\/cestavon.sk\/en\/wp-json\/wp\/v2\/types\/page"}],"author":[{"embeddable":true,"href":"https:\/\/cestavon.sk\/en\/wp-json\/wp\/v2\/users\/3"}],"replies":[{"embeddable":true,"href":"https:\/\/cestavon.sk\/en\/wp-json\/wp\/v2\/comments?post=5270"}],"version-history":[{"count":24,"href":"https:\/\/cestavon.sk\/en\/wp-json\/wp\/v2\/pages\/5270\/revisions"}],"predecessor-version":[{"id":7859,"href":"https:\/\/cestavon.sk\/en\/wp-json\/wp\/v2\/pages\/5270\/revisions\/7859"}],"wp:attachment":[{"href":"https:\/\/cestavon.sk\/en\/wp-json\/wp\/v2\/media?parent=5270"}],"curies":[{"name":"wp","href":"https:\/\/api.w.org\/{rel}","templated":true}]}}