{"id":5286,"date":"2022-10-18T10:38:50","date_gmt":"2022-10-18T08:38:50","guid":{"rendered":"https:\/\/cestavon.sk\/omama\/"},"modified":"2024-10-08T14:34:09","modified_gmt":"2024-10-08T12:34:09","slug":"omama","status":"publish","type":"page","link":"https:\/\/cestavon.sk\/en\/omama\/","title":{"rendered":"OMAMA"},"content":{"rendered":"\n<div class=\"component-video-section\">\n  <div class=\"container\">\n    <div class=\"row right\">\n      <div class=\"col-6 col-sm-12\">\n        <div class=\"video-wrap\">\n          <picture><source media=\"(min-width: 0px) and (max-width: 767px)\" srcset=\"https:\/\/cestavon.sk\/wp-content\/uploads\/2023\/05\/omama_059-455x607.jpg\"><source media=\"(min-width: 768px) and (max-width: 1023px)\" srcset=\"https:\/\/cestavon.sk\/wp-content\/uploads\/2023\/05\/omama_059-683x910.jpg\"><source media=\"(min-width: 1024px) and (max-width: 1439px)\" srcset=\"https:\/\/cestavon.sk\/wp-content\/uploads\/2023\/05\/omama_059-1366x1821.jpg\"><img decoding=\"async\" style=\"border-radius: 0px;\" src=\"https:\/\/cestavon.sk\/wp-content\/uploads\/2023\/05\/omama_059-1366x1821.jpg\"><\/picture><a class=\"link link-play glightbox-item\" href=\"https:\/\/youtu.be\/O5oeeDwa0fg?list=PLmUyYESv0t4AZDXxmk5WRb5hRcqLJf7em\"><svg width=\"68\" height=\"68\" viewBox=\"0 0 68 68\" fill=\"none\" xmlns=\"http:\/\/www.w3.org\/2000\/svg\">\n            <rect width=\"68\" height=\"68\" rx=\"34\" fill=\"#05A597\"\/>\n            <path d=\"M33.0048 38.0096C32.6824 38.2822 32.1881 38.0572 32.182 37.6351L32.0647 29.5514C32.0585 29.1213 32.5622 28.8846 32.8893 29.1639L37.7043 33.2747C37.9388 33.4749 37.938 33.8376 37.7025 34.0367L33.0048 38.0096Z\" fill=\"white\"\/>\n            <\/svg>Play video<\/a>        <\/div>\n      <\/div>\n      <div class=\"col-6 col-sm-12\">\n        <div class=\"content-wrap\">\n          <h1>The Omama Program<\/h1><p>The first 1,000 days have a profound impact on our lives. Omamas, women coming from poor marginalized communities, help mothers learn how to support their children&#8217;s development from day one. This gives them a solid foundation to build upon when they enter preschool and school.<\/p>        <\/div>\n      <\/div>\n    <\/div>\n  <\/div>\n<\/div>\n\n<div style=\"height: 140px;\" class=\"component-spacer-d \"><\/div>\n<div style=\"height: 70px;\" class=\"component-spacer-m \"><\/div>\n\n\n<section class=\"text \">\n  <div class=\"container\">\n    <div class=\"row\">\n      <div class=\"col-12 text-wrap\">\n        <h2 style=\"text-align: left;color: #0d214d;\">How does it <color>work?<color><\/h2>      <\/div>\n    <\/div>\n  <\/div>\n<\/section>\n\n\n<div class=\"component-side-graphics \">\n  <div class=\"container\">\n    <img decoding=\"async\" style=\"left: 0px; width: fit-content; transform: translate(-100%,-70%)\" class=\"side-graphics-element\"\n      src=\"https:\/\/cestavon.sk\/wp-content\/uploads\/2022\/10\/circle-stripped.svg\" alt=\"Postrann\u00e1 grafika\">\n  <\/div>\n<\/div>\n\n\n<section class=\"cta-grid\">\n  <div class=\"container\">\n    <div class=\"row\">\n      <div class=\"col-12\">\n        <div class=\"cta-grid-wrap\"><div class=\"cta-grid-box\"><img decoding=\"async\" src=\"https:\/\/cestavon.sk\/wp-content\/uploads\/2023\/01\/omama_2022_069-683x683.jpg\" alt=\"\"><h5>1. Understanding the issue<\/h5><p>Thousands of children living in generational poverty face significant challenges from the very start. Difficult living conditions and chronic stress negatively affect their healthy development.<\/p><\/div><div class=\"cta-grid-box\"><img decoding=\"async\" src=\"https:\/\/cestavon.sk\/wp-content\/uploads\/2023\/01\/omama_062-683x683.jpg\" alt=\"\"><h5>2. Our strategy for change<\/h5><p>Trained Roma women, known as omamas, regularly visit families with babies, toddlers and small children to help their parents learn how to prepare their children for school.<\/p><\/div><div class=\"cta-grid-box\"><img decoding=\"async\" src=\"https:\/\/cestavon.sk\/wp-content\/uploads\/2023\/01\/omama_141-683x683.jpg\" alt=\"\"><h5>3. Our vision for the future<\/h5><p>We are committed to ensuring that every child born in poverty has access to early support to unlock their potential. Our goal is to help them grow up into successful and thriving individuals.<\/p><\/div><\/div>      <\/div>\n    <\/div>\n  <\/div>\n<\/section>\n\n\n<div style=\"height: 48px;\" class=\"component-spacer-d \"><\/div>\n<div style=\"height: 24px;\" class=\"component-spacer-m \"><\/div>\n\n\n<section class=\"component-buttons\">\n  <div class=\"container\">\n    <div class=\"row\">\n      <div class=\"col-12 buttons-wrap fullwidth-mobile\"\n        style=\"justify-content: center;\">\n        <a href=\"\/en\/omama\/about-poverty-and-why-the-omama-program-was-created\/\" target=\"_self\" class=\"button button-outline\" style=\"margin: 0 0px 0px;\">Read more<\/a>      <\/div>\n    <\/div>\n  <\/div>\n<\/section>\n\n\n<div style=\"height: 90px;\" class=\"component-spacer-d \"><\/div>\n<div style=\"height: 50px;\" class=\"component-spacer-m \"><\/div>\n\n\n<div class=\"component-side-graphics \">\n  <div class=\"container\">\n    <img decoding=\"async\" style=\"right: 0px; width: fit-content; transform: translate(150%,-150%)\" class=\"side-graphics-element\"\n      src=\"https:\/\/cestavon.sk\/wp-content\/uploads\/2022\/10\/two-outline-dots-orange.svg\" alt=\"Postrann\u00e1 grafika\">\n  <\/div>\n<\/div>\n\n\n<section class=\"component-testimonials \">\n  <div class=\"container\">\n    <div class=\"row\">\n      <div class=\"col-6 col-sm-12\">\n        <picture><source media=\"(min-width: 0px) and (max-width: 767px)\" srcset=\"https:\/\/cestavon.sk\/wp-content\/uploads\/2023\/03\/omama_224-455x607.jpg\"><source media=\"(min-width: 768px) and (max-width: 1023px)\" srcset=\"https:\/\/cestavon.sk\/wp-content\/uploads\/2023\/03\/omama_224-683x910.jpg\"><source media=\"(min-width: 1024px) and (max-width: 1439px)\" srcset=\"https:\/\/cestavon.sk\/wp-content\/uploads\/2023\/03\/omama_224-683x910.jpg\"><img decoding=\"async\" style=\"border-radius: 0px;\" src=\"https:\/\/cestavon.sk\/wp-content\/uploads\/2023\/03\/omama_224-683x910.jpg\"><\/picture>      <\/div>\n      <div class=\"col-6 col-sm-12\">\n        <h2>What people are saying about us<\/h2><p> <\/p>        <div class=\"quote-mark mark-first\"><\/div>\n        <div class=\"testimonials-slider\" id=\"testimonials-slider-wrapper69f43db0a2f2d\" data-infinite=\"0\" data-slides=\"1\" data-automatic=\"0\">\n                    <div class=\"testimonial-box\">\n            <p>\n              I can see that the OMAMA program is making a real difference. Children who had lessons with Ivetka within the OMAMA program are more confident and used to engaging in similar activities. Whenever I need the children to do something, those who had regular lessons with Ivetka are the first ones to join in. They are the ones setting the pace and motivating others.            <\/p>\n            <div class=\"author-box\">\n              <div class=\"author-image\"><picture><source media=\"(min-width: 0px) and (max-width: 767px)\" srcset=\"https:\/\/cestavon.sk\/wp-content\/uploads\/2023\/03\/Jana-Petalikova_k-vyroku-228x228.png\"><source media=\"(min-width: 768px) and (max-width: 1023px)\" srcset=\"https:\/\/cestavon.sk\/wp-content\/uploads\/2023\/03\/Jana-Petalikova_k-vyroku-228x228.png\"><source media=\"(min-width: 1024px) and (max-width: 1439px)\" srcset=\"https:\/\/cestavon.sk\/wp-content\/uploads\/2023\/03\/Jana-Petalikova_k-vyroku-228x228.png\"><img decoding=\"async\" style=\"border-radius: 0px;\" src=\"https:\/\/cestavon.sk\/wp-content\/uploads\/2023\/03\/Jana-Petalikova_k-vyroku-228x228.png\"><\/picture><\/div>              <div class=\"author-content\">\n                <p class=\"small\">Jana Petal\u00edkov\u00e1<\/p>\n                <span class=\"caption\">Kindergarten principal, Mur\u00e1nska Dlh\u00e1 L\u00faka<\/span>\n              <\/div>\n            <\/div>\n          <\/div>\n                            <\/div>\n        <div class=\"quote-mark mark-last\"><\/div>\n                <a href=\"https:\/\/cestavon.sk\/en\/omama\/about-poverty-and-why-the-omama-program-was-created\/\" target=\"_o-chudobe-a-preco-omama\/\" class=\"button \">More informations<\/a>      <\/div>\n    <\/div>\n  <\/div>\n<\/section>\n\n\n<div style=\"height: 120px;\" class=\"component-spacer-d \"><\/div>\n<div style=\"height: 60px;\" class=\"component-spacer-m \"><\/div>\n\n\n<div class=\"component-side-graphics \">\n  <div class=\"container\">\n    <img decoding=\"async\" style=\"left: 0px; width: fit-content; transform: translate(-110%,-10%)\" class=\"side-graphics-element\"\n      src=\"https:\/\/cestavon.sk\/wp-content\/uploads\/2022\/10\/dotted-grid.svg\" alt=\"Postrann\u00e1 grafika\">\n  <\/div>\n<\/div>\n\n\n<div class=\"component-side-graphics \">\n  <div class=\"container\">\n    <img decoding=\"async\" style=\"right: 0px; width: fit-content; transform: translate(100%,-10%)\" class=\"side-graphics-element\"\n      src=\"https:\/\/cestavon.sk\/wp-content\/uploads\/2022\/10\/dotted-grid.svg\" alt=\"Postrann\u00e1 grafika\">\n  <\/div>\n<\/div>\n\n\n  <section class=\"counter \">\n    <div class=\"container\">\n      <div class=\"row\">\n        <div class=\"col-12\">\n          <div class=\"counter-wrap g-col-4 g-col-lg-2 g-col-sm-1\">\n            <div class=\"counter-item\"><div class=\"counter-number\">52<\/div><p class=\"counter-text\">Om\u00e1m<\/p><\/div><div class=\"counter-item\"><div class=\"counter-number\">24<\/div><p class=\"counter-text\">Mentoriek<\/p><\/div><div class=\"counter-item\"><div class=\"counter-number\">37<\/div><p class=\"counter-text\">Komun\u00edt<\/p><\/div><div class=\"counter-item\"><div class=\"counter-number\">1102<\/div><p class=\"counter-text\">Det\u00ed vo veku od 0-4 roky<\/p><\/div>          <\/div>\n        <\/div>\n      <\/div>\n    <\/div>\n  <\/section>\n  \n\n<div style=\"height: 50px;\" class=\"component-spacer-d \"><\/div>\n<div style=\"height: 20px;\" class=\"component-spacer-m \"><\/div>\n\n\n  <div class=\"inoby-img-with-text \">\n    <div class=\"container\">\n      <div class=\"row right\">\n        <div class=\"col-12\">\n          <div class=\"img-with-text-wrap right\">\n            <div class=\"img-wrap\">\n              <picture><img decoding=\"async\" style=\"border-radius: 0px;\" src=\"https:\/\/cestavon.sk\/wp-content\/uploads\/2023\/03\/omama_052-scaled-e1680011220774-455x607.jpg\"><\/picture>            <\/div>\n            <div class=\"content-wrap\">\n              <div class=\"text-wrap\">\n                <p><h2><span style=\"color: #0d214d;\">Program locations<\/span><\/h2>\r\n<p>The OMAMA program was first launched as a pilot in three poor marginalized communities. Today, we are already active in 36 such communities.<\/p>\r\n<p>&nbsp;<\/p>\r\n<p>We would not be able to keep the program running long-term and expand it to more communities without the support of the dedicated individuals and organizations who believe in our mission. We aim for our program to achieve high social return by keeping our expenses low and maximizing our impact. <a href=\"https:\/\/cestavon.sk\/pre-darcov\/\">Become part of the change and join our mission. <\/a>With the support of the state and the people like you, we intend to expand our project to as many poor communities as possible.<\/p><\/p>              <\/div>\n              <div class=\"button-wrap\">\n                <a href=\"\/kde-posobime\/\" class=\"button\">Map of Omama&#8217;s communities<\/a>              <\/div>\n            <\/div>\n          <\/div>\n        <\/div>\n      <\/div>\n    <\/div>\n  <\/div>\n\n\n  <div class=\"inoby-img-with-text \">\n    <div class=\"container\">\n      <div class=\"row left\">\n        <div class=\"col-12\">\n          <div class=\"img-with-text-wrap left\">\n            <div class=\"img-wrap\">\n              <picture><img decoding=\"async\" style=\"border-radius: 0px;\" src=\"https:\/\/cestavon.sk\/wp-content\/uploads\/2023\/03\/omama_071-455x607.jpg\"><\/picture>            <\/div>\n            <div class=\"content-wrap\">\n              <div class=\"text-wrap\">\n                <p><h2>Imapct of the Omama program<\/h2>\r\n<p>In cooperation with Oxford University, we measure the impact of the OMAMA program by comparing the neurodevelopment of 2-year-olds in our program with children from control groups and the majority population.<\/p>\r\n<p>&nbsp;<\/p>\r\n<p>The results will help us further improve the work of omamas and provide solid evidence for advocating for the program&#8217;s integration into public systems.<\/p><\/p>              <\/div>\n              <div class=\"button-wrap\">\n                <a href=\"\/en\/impact\/\" class=\"button\">More informations<\/a>              <\/div>\n            <\/div>\n          <\/div>\n        <\/div>\n      <\/div>\n    <\/div>\n  <\/div>\n\n\n<section class=\"inoby-posts-selection\">\n  <div class=\"posts-wrap\">\n    <div class=\"container\">\n      <div class=\"row\">\n        <div class=\"col-12\">\n          <h2 class=\"heading\">News and articles<\/h2>        <\/div>\n      <\/div>\n      <div class=\"row\">\n                <div class=\"col-12\">\n          <div\n            class=\"inoby-posts-slider\" id=\"posts-slider-wrapper69f43db0a99a4\" data-infinite=\"0\" data-slides=\"3\" data-automatic=\"0\">\n            <div class=\"posts-slider\">\n              <div class=\"posts-slider-wrap\">\n                <div class=\"post-card\" onclick=\"window.location.href='https:\/\/cestavon.sk\/cesta-von-dokumentarny-film\/'\">\n      <img decoding=\"async\" src=\"https:\/\/cestavon.sk\/wp-content\/uploads\/2023\/04\/film-Cesta-von-screenshot-2-683x683.jpg\" alt=\"Cesta von &#8211; dokument\u00e1rny film\">\n    <a href=\"https:\/\/cestavon.sk\/cesta-von-dokumentarny-film\/\" class=\"post-card-content\">\n    <div class=\"content\">\n      <div class=\"info\">\n                <span class=\"category\">\n          Vzdel\u00e1vanie        <\/span>\n                <span class=\"category\">\n          Zamestnanie        <\/span>\n                <time class=\"date\" datetime=\"2023-04-25 12:04:04\">\n          25.04.2023        <\/time>\n      <\/div>\n      <h4 class=\"title\">\n        Cesta von &#8211; dokument\u00e1rny film      <\/h4>\n      <p class=\"excerpt\">\n        Cesta von je autorsk\u00fd dokument\u00e1rny film, ktor\u00fd cez siln\u00fd  pr\u00edbeh charizmatickej omamy Alexandry Gin\u030covej a jej koleg\u00fdn\u030c, om\u00e1m Vierky Kov\u00e1c\u030covej a Ingrid Ferencovej,  rozpr\u00e1va o boji r\u00f3mskych \u017eien proti generac\u030cnej chudobe v segregovanej r\u00f3mskej osade pri Zborove.      <\/p>\n    <\/div>\n  <\/a>\n<\/div><div class=\"post-card\" onclick=\"window.location.href='https:\/\/cestavon.sk\/ako-byt-dobrym-ucitelom-deti-z-chudobnej-osady\/'\">\n      <img decoding=\"async\" src=\"https:\/\/cestavon.sk\/wp-content\/uploads\/2023\/04\/20181220_103938-683x683.jpg\" alt=\"Monika Podolinsk\u00e1 o tom, ako by\u0165 dobr\u00fdm u\u010dite\u013eom det\u00ed z chudobnej osady\">\n    <a href=\"https:\/\/cestavon.sk\/ako-byt-dobrym-ucitelom-deti-z-chudobnej-osady\/\" class=\"post-card-content\">\n    <div class=\"content\">\n      <div class=\"info\">\n                <span class=\"category\">\n          Vzdel\u00e1vanie        <\/span>\n                <time class=\"date\" datetime=\"2023-04-24 17:38:20\">\n          24.04.2023        <\/time>\n      <\/div>\n      <h4 class=\"title\">\n        Monika Podolinsk\u00e1 o tom, ako by\u0165 dobr\u00fdm u\u010dite\u013eom det\u00ed z chudobnej osady      <\/h4>\n      <p class=\"excerpt\">\n        Monika Podolinsk\u00e1 je u\u010dite\u013ekou 1. stup\u0148a na Z\u00e1kladnej \u0161kole v Mur\u00e1nskej Dlhej L\u00fake. Pomohla z\u00e1rove\u0148 v miestnej komunite rozbehn\u00fa\u0165 program Omama a omamu Ivetku.      <\/p>\n    <\/div>\n  <\/a>\n<\/div><div class=\"post-card\" onclick=\"window.location.href='https:\/\/cestavon.sk\/muz-ktory-vracia-ludom-bez-domova-zrak-pomaha-aj-rodinam-v-projekte-omama\/'\">\n      <img decoding=\"async\" src=\"https:\/\/cestavon.sk\/wp-content\/uploads\/2023\/03\/Marosove-okuliare-683x683.jpg\" alt=\"Mu\u017e, ktor\u00fd vracia \u013eu\u010fom bez domova zrak, pom\u00e1ha aj rodin\u00e1m v programe Omama\">\n    <a href=\"https:\/\/cestavon.sk\/muz-ktory-vracia-ludom-bez-domova-zrak-pomaha-aj-rodinam-v-projekte-omama\/\" class=\"post-card-content\">\n    <div class=\"content\">\n      <div class=\"info\">\n                <span class=\"category\">\n          Nen\u00e1padn\u00ed hrdinovia        <\/span>\n                <time class=\"date\" datetime=\"2023-03-02 16:05:23\">\n          02.03.2023        <\/time>\n      <\/div>\n      <h4 class=\"title\">\n        Mu\u017e, ktor\u00fd vracia \u013eu\u010fom bez domova zrak, pom\u00e1ha aj rodin\u00e1m v programe Omama      <\/h4>\n      <p class=\"excerpt\">\n        Aj medzi nami \u017eij\u00fa nen\u00e1padn\u00ed hrdinovia. Maro\u0161 Sloboda pracuje v malej rodinnej optike v Dunajskej Strede. U\u017e 15 rokov vyr\u00e1ba zdarma okuliare pre \u013eud\u00ed, ktor\u00ed pri\u0161li o strechu nad hlavou a skon\u010dili na ulici alebo v zariaden\u00ed pre \u013eud\u00ed bez domova.      <\/p>\n    <\/div>\n  <\/a>\n<\/div><div class=\"post-card\" onclick=\"window.location.href='https:\/\/cestavon.sk\/preco-najchudobnejsi-nepracuju\/'\">\n      <img decoding=\"async\" src=\"https:\/\/cestavon.sk\/wp-content\/uploads\/2023\/02\/omama_236-683x683.jpg\" alt=\"Pre\u010do najchudobnej\u0161\u00ed nepracuj\u00fa\">\n    <a href=\"https:\/\/cestavon.sk\/preco-najchudobnejsi-nepracuju\/\" class=\"post-card-content\">\n    <div class=\"content\">\n      <div class=\"info\">\n                <span class=\"category\">\n          Zamestnanie        <\/span>\n                <time class=\"date\" datetime=\"2022-10-31 15:24:50\">\n          31.10.2022        <\/time>\n      <\/div>\n      <h4 class=\"title\">\n        Pre\u010do najchudobnej\u0161\u00ed nepracuj\u00fa      <\/h4>\n      <p class=\"excerpt\">\n        Pre\u010do by sme na nich mali prispieva\u0165? Nech za\u010dn\u00fa robi\u0165,\u201c hovoria mnoh\u00ed. Ozaj&#8230;      <\/p>\n    <\/div>\n  <\/a>\n<\/div>              <\/div>\n              <div class=\"slider-actions\">\n                <div class=\"keen-arrows\" style=\"display: none;\" for=\"posts-slider-wrapper69f43db0a99a4\" >\n    <div class=\"keen-arrow left\"><<\/div> \n    <div class=\"keen-arrow right\">><\/div> \n<\/div><a class=\"button\" href=\"\/blog\">View blog<\/a>              <\/div>\n            <\/div>\n          <\/div>\n        <\/div>\n              <\/div>\n    <\/div>\n  <\/div>\n<\/section>\n","protected":false},"excerpt":{"rendered":"","protected":false},"author":1,"featured_media":0,"parent":0,"menu_order":0,"comment_status":"closed","ping_status":"closed","template":"","meta":{"inline_featured_image":false,"footnotes":""},"class_list":["post-5286","page","type-page","status-publish","hentry"],"yoast_head":"<!-- This site is optimized with the Yoast SEO plugin v24.2 - https:\/\/yoast.com\/wordpress\/plugins\/seo\/ -->\n<title>OMAMA - Cesta von<\/title>\n<meta name=\"robots\" content=\"index, follow, max-snippet:-1, max-image-preview:large, max-video-preview:-1\" \/>\n<link rel=\"canonical\" href=\"https:\/\/cestavon.sk\/en\/omama\/\" \/>\n<meta property=\"og:locale\" content=\"en_US\" \/>\n<meta property=\"og:type\" content=\"article\" \/>\n<meta property=\"og:title\" content=\"OMAMA - Cesta von\" \/>\n<meta property=\"og:url\" content=\"https:\/\/cestavon.sk\/en\/omama\/\" \/>\n<meta property=\"og:site_name\" content=\"Cesta von\" \/>\n<meta property=\"article:publisher\" content=\"https:\/\/www.facebook.com\/cestavon.sk\" \/>\n<meta property=\"article:modified_time\" content=\"2024-10-08T12:34:09+00:00\" \/>\n<meta name=\"twitter:card\" content=\"summary_large_image\" \/>\n<script type=\"application\/ld+json\" class=\"yoast-schema-graph\">{\"@context\":\"https:\/\/schema.org\",\"@graph\":[{\"@type\":\"WebPage\",\"@id\":\"https:\/\/cestavon.sk\/en\/omama\/\",\"url\":\"https:\/\/cestavon.sk\/en\/omama\/\",\"name\":\"OMAMA - Cesta von\",\"isPartOf\":{\"@id\":\"https:\/\/cestavon.sk\/en\/#website\"},\"datePublished\":\"2022-10-18T08:38:50+00:00\",\"dateModified\":\"2024-10-08T12:34:09+00:00\",\"breadcrumb\":{\"@id\":\"https:\/\/cestavon.sk\/en\/omama\/#breadcrumb\"},\"inLanguage\":\"en-US\",\"potentialAction\":[{\"@type\":\"ReadAction\",\"target\":[\"https:\/\/cestavon.sk\/en\/omama\/\"]}]},{\"@type\":\"BreadcrumbList\",\"@id\":\"https:\/\/cestavon.sk\/en\/omama\/#breadcrumb\",\"itemListElement\":[{\"@type\":\"ListItem\",\"position\":1,\"name\":\"Domovsk\u00e1 str\u00e1nka\",\"item\":\"https:\/\/cestavon.sk\/en\/\"},{\"@type\":\"ListItem\",\"position\":2,\"name\":\"OMAMA\"}]},{\"@type\":\"WebSite\",\"@id\":\"https:\/\/cestavon.sk\/en\/#website\",\"url\":\"https:\/\/cestavon.sk\/en\/\",\"name\":\"Cesta von\",\"description\":\"Pom\u00f4\u017ete n\u00e1m p\u00edsa\u0165 pr\u00edbehy so \u0161\u0165astn\u00fdm koncom\",\"publisher\":{\"@id\":\"https:\/\/cestavon.sk\/en\/#organization\"},\"potentialAction\":[{\"@type\":\"SearchAction\",\"target\":{\"@type\":\"EntryPoint\",\"urlTemplate\":\"https:\/\/cestavon.sk\/en\/?s={search_term_string}\"},\"query-input\":{\"@type\":\"PropertyValueSpecification\",\"valueRequired\":true,\"valueName\":\"search_term_string\"}}],\"inLanguage\":\"en-US\"},{\"@type\":\"Organization\",\"@id\":\"https:\/\/cestavon.sk\/en\/#organization\",\"name\":\"Cesta von\",\"url\":\"https:\/\/cestavon.sk\/en\/\",\"logo\":{\"@type\":\"ImageObject\",\"inLanguage\":\"en-US\",\"@id\":\"https:\/\/cestavon.sk\/en\/#\/schema\/logo\/image\/\",\"url\":\"https:\/\/cestavon.sk\/wp-content\/uploads\/2023\/07\/LOGO_SIMPLE_MENTOL-03.png\",\"contentUrl\":\"https:\/\/cestavon.sk\/wp-content\/uploads\/2023\/07\/LOGO_SIMPLE_MENTOL-03.png\",\"width\":1182,\"height\":1182,\"caption\":\"Cesta von\"},\"image\":{\"@id\":\"https:\/\/cestavon.sk\/en\/#\/schema\/logo\/image\/\"},\"sameAs\":[\"https:\/\/www.facebook.com\/cestavon.sk\",\"https:\/\/www.instagram.com\/cestavon\/\",\"https:\/\/sk.linkedin.com\/company\/cesta-von\"]}]}<\/script>\n<!-- \/ Yoast SEO plugin. -->","yoast_head_json":{"title":"OMAMA - Cesta von","robots":{"index":"index","follow":"follow","max-snippet":"max-snippet:-1","max-image-preview":"max-image-preview:large","max-video-preview":"max-video-preview:-1"},"canonical":"https:\/\/cestavon.sk\/en\/omama\/","og_locale":"en_US","og_type":"article","og_title":"OMAMA - Cesta von","og_url":"https:\/\/cestavon.sk\/en\/omama\/","og_site_name":"Cesta von","article_publisher":"https:\/\/www.facebook.com\/cestavon.sk","article_modified_time":"2024-10-08T12:34:09+00:00","twitter_card":"summary_large_image","schema":{"@context":"https:\/\/schema.org","@graph":[{"@type":"WebPage","@id":"https:\/\/cestavon.sk\/en\/omama\/","url":"https:\/\/cestavon.sk\/en\/omama\/","name":"OMAMA - Cesta von","isPartOf":{"@id":"https:\/\/cestavon.sk\/en\/#website"},"datePublished":"2022-10-18T08:38:50+00:00","dateModified":"2024-10-08T12:34:09+00:00","breadcrumb":{"@id":"https:\/\/cestavon.sk\/en\/omama\/#breadcrumb"},"inLanguage":"en-US","potentialAction":[{"@type":"ReadAction","target":["https:\/\/cestavon.sk\/en\/omama\/"]}]},{"@type":"BreadcrumbList","@id":"https:\/\/cestavon.sk\/en\/omama\/#breadcrumb","itemListElement":[{"@type":"ListItem","position":1,"name":"Domovsk\u00e1 str\u00e1nka","item":"https:\/\/cestavon.sk\/en\/"},{"@type":"ListItem","position":2,"name":"OMAMA"}]},{"@type":"WebSite","@id":"https:\/\/cestavon.sk\/en\/#website","url":"https:\/\/cestavon.sk\/en\/","name":"Cesta von","description":"Pom\u00f4\u017ete n\u00e1m p\u00edsa\u0165 pr\u00edbehy so \u0161\u0165astn\u00fdm koncom","publisher":{"@id":"https:\/\/cestavon.sk\/en\/#organization"},"potentialAction":[{"@type":"SearchAction","target":{"@type":"EntryPoint","urlTemplate":"https:\/\/cestavon.sk\/en\/?s={search_term_string}"},"query-input":{"@type":"PropertyValueSpecification","valueRequired":true,"valueName":"search_term_string"}}],"inLanguage":"en-US"},{"@type":"Organization","@id":"https:\/\/cestavon.sk\/en\/#organization","name":"Cesta von","url":"https:\/\/cestavon.sk\/en\/","logo":{"@type":"ImageObject","inLanguage":"en-US","@id":"https:\/\/cestavon.sk\/en\/#\/schema\/logo\/image\/","url":"https:\/\/cestavon.sk\/wp-content\/uploads\/2023\/07\/LOGO_SIMPLE_MENTOL-03.png","contentUrl":"https:\/\/cestavon.sk\/wp-content\/uploads\/2023\/07\/LOGO_SIMPLE_MENTOL-03.png","width":1182,"height":1182,"caption":"Cesta von"},"image":{"@id":"https:\/\/cestavon.sk\/en\/#\/schema\/logo\/image\/"},"sameAs":["https:\/\/www.facebook.com\/cestavon.sk","https:\/\/www.instagram.com\/cestavon\/","https:\/\/sk.linkedin.com\/company\/cesta-von"]}]}},"_links":{"self":[{"href":"https:\/\/cestavon.sk\/en\/wp-json\/wp\/v2\/pages\/5286","targetHints":{"allow":["GET"]}}],"collection":[{"href":"https:\/\/cestavon.sk\/en\/wp-json\/wp\/v2\/pages"}],"about":[{"href":"https:\/\/cestavon.sk\/en\/wp-json\/wp\/v2\/types\/page"}],"author":[{"embeddable":true,"href":"https:\/\/cestavon.sk\/en\/wp-json\/wp\/v2\/users\/1"}],"replies":[{"embeddable":true,"href":"https:\/\/cestavon.sk\/en\/wp-json\/wp\/v2\/comments?post=5286"}],"version-history":[{"count":8,"href":"https:\/\/cestavon.sk\/en\/wp-json\/wp\/v2\/pages\/5286\/revisions"}],"predecessor-version":[{"id":6215,"href":"https:\/\/cestavon.sk\/en\/wp-json\/wp\/v2\/pages\/5286\/revisions\/6215"}],"wp:attachment":[{"href":"https:\/\/cestavon.sk\/en\/wp-json\/wp\/v2\/media?parent=5286"}],"curies":[{"name":"wp","href":"https:\/\/api.w.org\/{rel}","templated":true}]}}