{"id":5290,"date":"2022-11-08T21:00:33","date_gmt":"2022-11-08T20:00:33","guid":{"rendered":"https:\/\/cestavon.sk\/for-donors\/"},"modified":"2024-10-14T14:17:09","modified_gmt":"2024-10-14T12:17:09","slug":"for-donors","status":"publish","type":"page","link":"https:\/\/cestavon.sk\/en\/for-donors\/","title":{"rendered":"For donors"},"content":{"rendered":"<div style=\"height: 48px;\" class=\"component-spacer-d bg-fill-light\"><\/div>\n<div style=\"height: 24px;\" class=\"component-spacer-m bg-fill-light\"><\/div>\n\n\n  <div class=\"inoby-img-with-text bg-fill-light\">\n    <div class=\"container\">\n      <div class=\"row right\">\n        <div class=\"col-12\">\n          <div class=\"img-with-text-wrap right\">\n            <div class=\"img-wrap\">\n              <picture><img decoding=\"async\" style=\"border-radius: 0px;\" src=\"https:\/\/cestavon.sk\/wp-content\/uploads\/2023\/02\/omama_309-455x607.jpg\"><\/picture>            <\/div>\n            <div class=\"content-wrap\">\n              <div class=\"text-wrap\">\n                <p><h1><span style=\"color: #0d214d;\">What can you do?<\/span><\/h1>\r\n<p>Even though we live in the 21st century and are experiencing economic growth, there are still people around us who often have nothing to eat or nowhere to live. They are not able to break free from the vicious circle of poverty on their own.<\/p>\r\n<p>&nbsp;<\/p>\r\n<div data-olk-copy-source=\"MailCompose\">Some people claim that this should be the government\u2019s responsibility. And while waiting for the government to act, might be a good excuse, we do not want to wait another decade. We all can contribute to making a difference. <strong>How can you contribute? The possibilities are endless.<\/strong><\/div><\/p>              <\/div>\n              <div class=\"button-wrap\">\n                              <\/div>\n            <\/div>\n          <\/div>\n        <\/div>\n      <\/div>\n    <\/div>\n  <\/div>\n\n\n<div style=\"height: 70px;\" class=\"component-spacer-d bg-fill-light\"><\/div>\n<div style=\"height: 35px;\" class=\"component-spacer-m bg-fill-light\"><\/div>\n\n\n<div style=\"height: 70px;\" class=\"component-spacer-d \"><\/div>\n<div style=\"height: 35px;\" class=\"component-spacer-m \"><\/div>\n\n\n<section class=\"text \">\n  <div class=\"container\">\n    <div class=\"row\">\n      <div class=\"col-12 text-wrap\">\n        <h2 style=\"color: #0d214d;\">How can you help?<\/h2>      <\/div>\n    <\/div>\n  <\/div>\n<\/section>\n\n\n<div style=\"height: 40px;\" class=\"component-spacer-d \"><\/div>\n<div style=\"height: 15px;\" class=\"component-spacer-m \"><\/div>\n\n\n<section class=\"icon-boxes hujco\">\n  <div class=\"container\">\n    <div class=\"row\">\n      <div class=\"col-12\">\n        <div class=\"icon-box-wrap g-col-sm-1 g-col-lg-3 g-col-3\">\n                        <div class=\"icon-box \">\n                <picture><img decoding=\"async\" style=\"border-radius: 0px;\" src=\"https:\/\/cestavon.sk\/wp-content\/uploads\/2022\/10\/CurrencyEur.svg\"><\/picture><h2>Help us financially<\/h2><p>Give more children the opportunity to reach their full potential.<\/p><a href=\"\/venuj-financny-dar\/\">Donate<\/a>              <\/div>\n                          <div class=\"icon-box \">\n                <picture><img decoding=\"async\" style=\"border-radius: 0px;\" src=\"https:\/\/cestavon.sk\/wp-content\/uploads\/2022\/10\/Pinwheel.svg\"><\/picture><h2>Give a material gift<\/h2><p>Find out what kind of material gifts are suitable for families with whom midwives work.<\/p><a href=\"\/venuj-materialny-dar\/\">Donate<\/a>              <\/div>\n                          <div class=\"icon-box \">\n                <picture><img decoding=\"async\" style=\"border-radius: 0px;\" src=\"https:\/\/cestavon.sk\/wp-content\/uploads\/2022\/10\/GlobeHemisphereWest.svg\"><\/picture><h2>Join from abroad<\/h2><p>We are looking for a community willing to join our efforts to address poverty in Slovakia.<\/p><a href=\"\/pomoz-aj-zo-zahranicia\/\">Join our efforts<\/a>              <\/div>\n                          <div class=\"icon-box \">\n                <picture><img decoding=\"async\" style=\"border-radius: 0px;\" src=\"https:\/\/cestavon.sk\/wp-content\/uploads\/2022\/10\/UsersThree.svg\"><\/picture><h2>Organize a fundraising campaign<\/h2><p>Celebrate your birthday by starting a fundraising campaign or organize a charity run.<\/p><a href=\"\/vytvor-zbierku\/\">Start your campaign<\/a>              <\/div>\n                          <div class=\"icon-box \">\n                <picture><img decoding=\"async\" style=\"border-radius: 0px;\" src=\"https:\/\/cestavon.sk\/wp-content\/uploads\/2022\/10\/Skull.svg\"><\/picture><h2>Make your values live on<\/h2><p>Leave a charitable bequest in your will to extend your values beyond your lifetime.<\/p><a href=\"\/ziskaj-nesmrtelnost\/\">Make a bequest<\/a>              <\/div>\n                          <div class=\"icon-box \">\n                <picture><img decoding=\"async\" style=\"border-radius: 0px;\" src=\"https:\/\/cestavon.sk\/wp-content\/uploads\/2022\/10\/Buildings.svg\"><\/picture><h2>Get your company on board<\/h2><p>Together with your team, you can play a crucial role in helping people overcome poverty.<\/p><a href=\"\/zapoj-svoju-firmu\/\">Join us<\/a>              <\/div>\n                    <\/div>\n      <\/div>\n    <\/div>\n  <\/div>\n<\/section>\n\n\n<div style=\"height: 80px;\" class=\"component-spacer-d \"><\/div>\n<div style=\"height: 40px;\" class=\"component-spacer-m \"><\/div>\n\n\n<div style=\"height: 70px;\" class=\"component-spacer-d bg-fill-light\"><\/div>\n<div style=\"height: 35px;\" class=\"component-spacer-m bg-fill-light\"><\/div>\n\n\n  <div class=\"inoby-img-with-text bg-fill-light outline-btn\">\n    <div class=\"container\">\n      <div class=\"row left\">\n        <div class=\"col-12\">\n          <div class=\"img-with-text-wrap left\">\n            <div class=\"img-wrap\">\n              <picture><img decoding=\"async\" style=\"border-radius: 0px;\" src=\"https:\/\/cestavon.sk\/wp-content\/uploads\/2023\/02\/omama_034-455x607.jpg\"><\/picture>            <\/div>\n            <div class=\"content-wrap\">\n              <div class=\"text-wrap\">\n                <p><h2>Our donors<\/h2>\r\n<p>Ivka has a regular job with a regular income and is raising two small children, which come with a lot of expenses. However, Ivka is a big fan of our work and believes in us. She has set up a regular monthly donation of 10\u20ac, which is not a significant amount for her but will have a great impact on our work for those in need.<\/p>\r\n<p>&nbsp;<\/p>\r\n<p>Juraj, moved abroad for work a long time ago, and has since started a new family and launched a business there. His 500\u20ac donation to Cesta von is a sign of his ongoing ties to Slovakia, old friends, and support for the country where he grew up. We appreciate his trust a lot.<\/p><\/p>              <\/div>\n              <div class=\"button-wrap\">\n                <a href=\"\/kto-su-nasi-darcovia\/\" class=\"button\">Stories of our donors<\/a>              <\/div>\n            <\/div>\n          <\/div>\n        <\/div>\n      <\/div>\n    <\/div>\n  <\/div>\n\n\n<div style=\"height: 70px;\" class=\"component-spacer-d \"><\/div>\n<div style=\"height: 30px;\" class=\"component-spacer-m \"><\/div>\n\n\n  <div class=\"inoby-img-with-text \">\n    <div class=\"container\">\n      <div class=\"row right\">\n        <div class=\"col-12\">\n          <div class=\"img-with-text-wrap right\">\n            <div class=\"img-wrap\">\n              <picture><img decoding=\"async\" style=\"border-radius: 0px;\" src=\"https:\/\/cestavon.sk\/wp-content\/uploads\/2022\/11\/Velki-darcovia-455x607.png\"><\/picture>            <\/div>\n            <div class=\"content-wrap\">\n              <div class=\"text-wrap\">\n                <p><h2>Major donors<\/h2>\r\n<p>Our dream is to give every child from excluded and marginalized communities a better start in life. By 2025, we aim to have 60 omamas working in the excluded Roma communities, helping 1,200 children build foundations for a better future. This represents about 16% of the 7,500 children aged 0-3 born in marginalized Roma communities.<\/p><\/p>              <\/div>\n              <div class=\"button-wrap\">\n                <a href=\"\/stan-sa-velkym-darcom\/\" class=\"button\">More informations<\/a>              <\/div>\n            <\/div>\n          <\/div>\n        <\/div>\n      <\/div>\n    <\/div>\n  <\/div>\n\n\n<div style=\"height: 140px;\" class=\"component-spacer-d \"><\/div>\n<div style=\"height: 70px;\" class=\"component-spacer-m \"><\/div>\n","protected":false},"excerpt":{"rendered":"","protected":false},"author":3,"featured_media":0,"parent":0,"menu_order":0,"comment_status":"closed","ping_status":"closed","template":"","meta":{"inline_featured_image":false,"footnotes":""},"class_list":["post-5290","page","type-page","status-publish","hentry"],"yoast_head":"<!-- This site is optimized with the Yoast SEO plugin v24.2 - https:\/\/yoast.com\/wordpress\/plugins\/seo\/ -->\n<title>For donors - Cesta von<\/title>\n<meta name=\"robots\" content=\"index, follow, max-snippet:-1, max-image-preview:large, max-video-preview:-1\" \/>\n<link rel=\"canonical\" href=\"https:\/\/cestavon.sk\/en\/for-donors\/\" \/>\n<meta property=\"og:locale\" content=\"en_US\" \/>\n<meta property=\"og:type\" content=\"article\" \/>\n<meta property=\"og:title\" content=\"For donors - Cesta von\" \/>\n<meta property=\"og:url\" content=\"https:\/\/cestavon.sk\/en\/for-donors\/\" \/>\n<meta property=\"og:site_name\" content=\"Cesta von\" \/>\n<meta property=\"article:publisher\" content=\"https:\/\/www.facebook.com\/cestavon.sk\" \/>\n<meta property=\"article:modified_time\" content=\"2024-10-14T12:17:09+00:00\" \/>\n<meta name=\"twitter:card\" content=\"summary_large_image\" \/>\n<script type=\"application\/ld+json\" class=\"yoast-schema-graph\">{\"@context\":\"https:\/\/schema.org\",\"@graph\":[{\"@type\":\"WebPage\",\"@id\":\"https:\/\/cestavon.sk\/en\/for-donors\/\",\"url\":\"https:\/\/cestavon.sk\/en\/for-donors\/\",\"name\":\"For donors - Cesta von\",\"isPartOf\":{\"@id\":\"https:\/\/cestavon.sk\/en\/#website\"},\"datePublished\":\"2022-11-08T20:00:33+00:00\",\"dateModified\":\"2024-10-14T12:17:09+00:00\",\"breadcrumb\":{\"@id\":\"https:\/\/cestavon.sk\/en\/for-donors\/#breadcrumb\"},\"inLanguage\":\"en-US\",\"potentialAction\":[{\"@type\":\"ReadAction\",\"target\":[\"https:\/\/cestavon.sk\/en\/for-donors\/\"]}]},{\"@type\":\"BreadcrumbList\",\"@id\":\"https:\/\/cestavon.sk\/en\/for-donors\/#breadcrumb\",\"itemListElement\":[{\"@type\":\"ListItem\",\"position\":1,\"name\":\"Domovsk\u00e1 str\u00e1nka\",\"item\":\"https:\/\/cestavon.sk\/en\/\"},{\"@type\":\"ListItem\",\"position\":2,\"name\":\"For donors\"}]},{\"@type\":\"WebSite\",\"@id\":\"https:\/\/cestavon.sk\/en\/#website\",\"url\":\"https:\/\/cestavon.sk\/en\/\",\"name\":\"Cesta von\",\"description\":\"Pom\u00f4\u017ete n\u00e1m p\u00edsa\u0165 pr\u00edbehy so \u0161\u0165astn\u00fdm koncom\",\"publisher\":{\"@id\":\"https:\/\/cestavon.sk\/en\/#organization\"},\"potentialAction\":[{\"@type\":\"SearchAction\",\"target\":{\"@type\":\"EntryPoint\",\"urlTemplate\":\"https:\/\/cestavon.sk\/en\/?s={search_term_string}\"},\"query-input\":{\"@type\":\"PropertyValueSpecification\",\"valueRequired\":true,\"valueName\":\"search_term_string\"}}],\"inLanguage\":\"en-US\"},{\"@type\":\"Organization\",\"@id\":\"https:\/\/cestavon.sk\/en\/#organization\",\"name\":\"Cesta von\",\"url\":\"https:\/\/cestavon.sk\/en\/\",\"logo\":{\"@type\":\"ImageObject\",\"inLanguage\":\"en-US\",\"@id\":\"https:\/\/cestavon.sk\/en\/#\/schema\/logo\/image\/\",\"url\":\"https:\/\/cestavon.sk\/wp-content\/uploads\/2023\/07\/LOGO_SIMPLE_MENTOL-03.png\",\"contentUrl\":\"https:\/\/cestavon.sk\/wp-content\/uploads\/2023\/07\/LOGO_SIMPLE_MENTOL-03.png\",\"width\":1182,\"height\":1182,\"caption\":\"Cesta von\"},\"image\":{\"@id\":\"https:\/\/cestavon.sk\/en\/#\/schema\/logo\/image\/\"},\"sameAs\":[\"https:\/\/www.facebook.com\/cestavon.sk\",\"https:\/\/www.instagram.com\/cestavon\/\",\"https:\/\/sk.linkedin.com\/company\/cesta-von\"]}]}<\/script>\n<!-- \/ Yoast SEO plugin. -->","yoast_head_json":{"title":"For donors - Cesta von","robots":{"index":"index","follow":"follow","max-snippet":"max-snippet:-1","max-image-preview":"max-image-preview:large","max-video-preview":"max-video-preview:-1"},"canonical":"https:\/\/cestavon.sk\/en\/for-donors\/","og_locale":"en_US","og_type":"article","og_title":"For donors - Cesta von","og_url":"https:\/\/cestavon.sk\/en\/for-donors\/","og_site_name":"Cesta von","article_publisher":"https:\/\/www.facebook.com\/cestavon.sk","article_modified_time":"2024-10-14T12:17:09+00:00","twitter_card":"summary_large_image","schema":{"@context":"https:\/\/schema.org","@graph":[{"@type":"WebPage","@id":"https:\/\/cestavon.sk\/en\/for-donors\/","url":"https:\/\/cestavon.sk\/en\/for-donors\/","name":"For donors - Cesta von","isPartOf":{"@id":"https:\/\/cestavon.sk\/en\/#website"},"datePublished":"2022-11-08T20:00:33+00:00","dateModified":"2024-10-14T12:17:09+00:00","breadcrumb":{"@id":"https:\/\/cestavon.sk\/en\/for-donors\/#breadcrumb"},"inLanguage":"en-US","potentialAction":[{"@type":"ReadAction","target":["https:\/\/cestavon.sk\/en\/for-donors\/"]}]},{"@type":"BreadcrumbList","@id":"https:\/\/cestavon.sk\/en\/for-donors\/#breadcrumb","itemListElement":[{"@type":"ListItem","position":1,"name":"Domovsk\u00e1 str\u00e1nka","item":"https:\/\/cestavon.sk\/en\/"},{"@type":"ListItem","position":2,"name":"For donors"}]},{"@type":"WebSite","@id":"https:\/\/cestavon.sk\/en\/#website","url":"https:\/\/cestavon.sk\/en\/","name":"Cesta von","description":"Pom\u00f4\u017ete n\u00e1m p\u00edsa\u0165 pr\u00edbehy so \u0161\u0165astn\u00fdm koncom","publisher":{"@id":"https:\/\/cestavon.sk\/en\/#organization"},"potentialAction":[{"@type":"SearchAction","target":{"@type":"EntryPoint","urlTemplate":"https:\/\/cestavon.sk\/en\/?s={search_term_string}"},"query-input":{"@type":"PropertyValueSpecification","valueRequired":true,"valueName":"search_term_string"}}],"inLanguage":"en-US"},{"@type":"Organization","@id":"https:\/\/cestavon.sk\/en\/#organization","name":"Cesta von","url":"https:\/\/cestavon.sk\/en\/","logo":{"@type":"ImageObject","inLanguage":"en-US","@id":"https:\/\/cestavon.sk\/en\/#\/schema\/logo\/image\/","url":"https:\/\/cestavon.sk\/wp-content\/uploads\/2023\/07\/LOGO_SIMPLE_MENTOL-03.png","contentUrl":"https:\/\/cestavon.sk\/wp-content\/uploads\/2023\/07\/LOGO_SIMPLE_MENTOL-03.png","width":1182,"height":1182,"caption":"Cesta von"},"image":{"@id":"https:\/\/cestavon.sk\/en\/#\/schema\/logo\/image\/"},"sameAs":["https:\/\/www.facebook.com\/cestavon.sk","https:\/\/www.instagram.com\/cestavon\/","https:\/\/sk.linkedin.com\/company\/cesta-von"]}]}},"_links":{"self":[{"href":"https:\/\/cestavon.sk\/en\/wp-json\/wp\/v2\/pages\/5290","targetHints":{"allow":["GET"]}}],"collection":[{"href":"https:\/\/cestavon.sk\/en\/wp-json\/wp\/v2\/pages"}],"about":[{"href":"https:\/\/cestavon.sk\/en\/wp-json\/wp\/v2\/types\/page"}],"author":[{"embeddable":true,"href":"https:\/\/cestavon.sk\/en\/wp-json\/wp\/v2\/users\/3"}],"replies":[{"embeddable":true,"href":"https:\/\/cestavon.sk\/en\/wp-json\/wp\/v2\/comments?post=5290"}],"version-history":[{"count":10,"href":"https:\/\/cestavon.sk\/en\/wp-json\/wp\/v2\/pages\/5290\/revisions"}],"predecessor-version":[{"id":6271,"href":"https:\/\/cestavon.sk\/en\/wp-json\/wp\/v2\/pages\/5290\/revisions\/6271"}],"wp:attachment":[{"href":"https:\/\/cestavon.sk\/en\/wp-json\/wp\/v2\/media?parent=5290"}],"curies":[{"name":"wp","href":"https:\/\/api.w.org\/{rel}","templated":true}]}}