{"id":5309,"date":"2022-10-18T14:29:42","date_gmt":"2022-10-18T12:29:42","guid":{"rendered":"https:\/\/cestavon.sk\/contact\/"},"modified":"2024-10-14T15:58:16","modified_gmt":"2024-10-14T13:58:16","slug":"contact","status":"publish","type":"page","link":"https:\/\/cestavon.sk\/en\/contact\/","title":{"rendered":"Contact"},"content":{"rendered":"<div style=\"height: 120px;\" class=\"component-spacer-d bg-fill-light\"><\/div>\n<div style=\"height: 60px;\" class=\"component-spacer-m bg-fill-light\"><\/div>\n\n\n  <div class=\"inoby-img-with-text bg-fill-light\">\n    <div class=\"container\">\n      <div class=\"row right\">\n        <div class=\"col-12\">\n          <div class=\"img-with-text-wrap right\">\n            <div class=\"img-wrap\">\n              <picture><img decoding=\"async\" style=\"border-radius: 0px;\" src=\"https:\/\/cestavon.sk\/wp-content\/uploads\/2023\/01\/omama_075-455x607.jpg\"><\/picture>            <\/div>\n            <div class=\"content-wrap\">\n              <div class=\"text-wrap\">\n                <p><h1><span style=\"color: #0d214d;\">Contact information<\/span><\/h1>\r\n<p>Cesta von, a civic association<br \/>Mileti\u010dova 30<br \/>821 08 Bratislava<br \/>zchudoby@cestavon.sk<\/p><\/p>              <\/div>\n              <div class=\"button-wrap\">\n                <a href=\"\/pre-darcov\/\" class=\"button\">Support omamas<\/a>              <\/div>\n            <\/div>\n          <\/div>\n        <\/div>\n      <\/div>\n    <\/div>\n  <\/div>\n\n\n<section class=\"contact-boxes bg-fill-light\">\n  <div class=\"container\">\n    <div class=\"row\">\n      <div class=\"col-12\">\n        <div class=\"contact-boxes-wrap g-col-sm-1 g-col-2\">\n                        <div class=\"contact-box\">\n                <h5>Basic information<\/h5><p><p>Registration carried out by the Ministry of the Interior of the Slovak Republic <br>on: 5. 4. 2018  <br>File number: VVS\/1-900\/90-53524 <br>I\u010cO: 51656957 <br>DI\u010c: 2120766021<\/p><\/p>              <\/div>\n                          <div class=\"contact-box\">\n                <h5>Bank account<\/h5><p><p>IBAN: <strong>SK10 0900 0000 0051 4389 7989<\/strong> <br>Slovensk\u00e1 sporite\u013e\u0148a, a.s.<br>Tom\u00e1\u0161ikova 48, 832 37 Bratislava <br>Bank code: 0900 <br>BIC\/SWIFT: GIBASKBX<\/p><\/p>              <\/div>\n                          <div class=\"contact-box\">\n                <h5>Management of the organization<\/h5><p class=\"person-desc\"><p>Executive Director:<\/p><\/p><div class=\"person-wrap\"><picture><img decoding=\"async\" style=\"border-radius: 0px;\" src=\"https:\/\/cestavon.sk\/wp-content\/uploads\/2022\/11\/Vykonny-riaditel-cestavon-Pavel-Hrica-228x228.png\"><\/picture><div class=\"person-content\"><p class=\"person-name\">Pavel Hrica<\/p><a href=\"mailto:pavel.hrica@cestavon.sk\" class=\"person-email\">pavel.hrica@cestavon.sk<\/a><a href=\"tel:+421 917 429 983\" class=\"person-number\">+421 917 429 983<\/a><\/div><\/div><p class=\"person-desc\"><p>Deputy director and program manager of the ZEBRA program:<\/p><\/p><div class=\"person-wrap\"><picture><img decoding=\"async\" style=\"border-radius: 0px;\" src=\"https:\/\/cestavon.sk\/wp-content\/uploads\/2022\/11\/Zastupkyna-riaditela-cestavon-Olga-Coulton-Shaw-228x228.png\"><\/picture><div class=\"person-content\"><p class=\"person-name\">O\u013ega Coulton-Shaw<\/p><a href=\"mailto:olga.shaw@cestavon.sk\" class=\"person-email\">olga.shaw@cestavon.sk<\/a><a href=\"tel:+421 911 866 933\" class=\"person-number\">+421 911 866 933<\/a><\/div><\/div><p class=\"person-desc\"><p>Program manager of the OMAMA program:<\/p><\/p><div class=\"person-wrap\"><picture><img decoding=\"async\" style=\"border-radius: 0px;\" src=\"https:\/\/cestavon.sk\/wp-content\/uploads\/2023\/10\/Janine-modified-228x228.png\"><\/picture><div class=\"person-content\"><p class=\"person-name\">Janine Lacho<\/p><a href=\"mailto:janine.lacho@cestavon.sk\" class=\"person-email\">janine.lacho@cestavon.sk<\/a><a href=\"tel:+421 903 243 255\" class=\"person-number\">+421 903 243 255<\/a><\/div><\/div><p class=\"person-desc\"><p>Program manager of the FILIP program:<\/p><\/p><div class=\"person-wrap\"><picture><img decoding=\"async\" style=\"border-radius: 0px;\" src=\"https:\/\/cestavon.sk\/wp-content\/uploads\/2023\/05\/Zuzka-Tomanova-228x228.png\"><\/picture><div class=\"person-content\"><p class=\"person-name\">Zuzana Tomanov\u00e1<\/p><a href=\"mailto:zuzana.tomanova@cestavon.sk\" class=\"person-email\">zuzana.tomanova@cestavon.sk<\/a><a href=\"tel:+421 918 742 140\" class=\"person-number\">+421 918 742 140<\/a><\/div><\/div><p class=\"person-desc\"><p>Program manager of the AMAL program:<\/p><\/p><div class=\"person-wrap\"><picture><img decoding=\"async\" style=\"border-radius: 0px;\" src=\"https:\/\/cestavon.sk\/wp-content\/uploads\/2023\/05\/Janka-Pavlik-Funkova-modified-228x228.png\"><\/picture><div class=\"person-content\"><p class=\"person-name\">Jana Pavl\u00edk Funkov\u00e1<\/p><a href=\"mailto:jana.funkova@cestavon.sk\" class=\"person-email\">jana.funkova@cestavon.sk<\/a><a href=\"tel:+421 947 959 141\" class=\"person-number\">+421 947 959 141<\/a><\/div><\/div>              <\/div>\n                          <div class=\"contact-box\">\n                <h5>Contact for donors and volunteers<\/h5><p class=\"person-desc\"><p>The donation of toys or other material assistance is provided by Mirka:<\/p><\/p><div class=\"person-wrap\"><picture><img decoding=\"async\" style=\"border-radius: 0px;\" src=\"https:\/\/cestavon.sk\/wp-content\/uploads\/2023\/06\/Mirka-Holecova-modified-1-228x228.png\"><\/picture><div class=\"person-content\"><p class=\"person-name\">Mirka Holecov\u00e1<\/p><a href=\"mailto:miriam.holecova@cestavon.sk\" class=\"person-email\">miriam.holecova@cestavon.sk<\/a><a href=\"tel:+421 948 697 274\" class=\"person-number\">+421 948 697 274<\/a><\/div><\/div><p class=\"person-desc\"><p>Individual donors contact Ba\u0161ka:<\/p><\/p><div class=\"person-wrap\"><picture><img decoding=\"async\" style=\"border-radius: 0px;\" src=\"https:\/\/cestavon.sk\/wp-content\/uploads\/2022\/11\/Barbora-Noskova-rozvojova-koordinatorka-cestavon-228x228.png\"><\/picture><div class=\"person-content\"><p class=\"person-name\">Barbora Noskov\u00e1<\/p><a href=\"mailto:barbora.noskova@cestavon.sk\" class=\"person-email\">barbora.noskova@cestavon.sk<\/a><a href=\"tel:+421 908 581 208\" class=\"person-number\">+421 908 581 208<\/a><\/div><\/div><p class=\"person-desc\"><p>Cooperation with companies and institutions is handled by Lenka:<\/p><\/p><div class=\"person-wrap\"><picture><img decoding=\"async\" style=\"border-radius: 0px;\" src=\"https:\/\/cestavon.sk\/wp-content\/uploads\/2022\/11\/Lenka-Czikkova-rozvojova-manazerka-cestavon-228x228.png\"><\/picture><div class=\"person-content\"><p class=\"person-name\">Lenka Czikkov\u00e1<\/p><a href=\"mailto:lenka.czikkova@cestavon.sk\" class=\"person-email\">lenka.czikkova@cestavon.sk<\/a><a href=\"tel:+421 905 951 394\" class=\"person-number\">+421 905 951 394<\/a><\/div><\/div><p class=\"person-desc\"><p>If you want to become a significant donor or make a gift from your will, contact Hela:<\/p><\/p><div class=\"person-wrap\"><picture><img decoding=\"async\" style=\"border-radius: 0px;\" src=\"https:\/\/cestavon.sk\/wp-content\/uploads\/2023\/05\/Hela-modified-228x228.png\"><\/picture><div class=\"person-content\"><p class=\"person-name\">Helena Hricov\u00e1<\/p><a href=\"mailto:hela.hricova@cestavon.sk\" class=\"person-email\">hela.hricova@cestavon.sk<\/a><a href=\"tel:+421 948 007 002\" class=\"person-number\">+421 948 007 002<\/a><\/div><\/div><p class=\"person-desc\"><p>If you want to volunteer, contact Dominika:<\/p><\/p><div class=\"person-wrap\"><picture><img decoding=\"async\" style=\"border-radius: 0px;\" src=\"https:\/\/cestavon.sk\/wp-content\/uploads\/2024\/03\/Dominika-Krizova-modified-228x228.png\"><\/picture><div class=\"person-content\"><p class=\"person-name\">Dominika Kr\u00ed\u017eov\u00e1<\/p><a href=\"mailto:dominika.krizova@cestavon.sk\" class=\"person-email\">dominika.krizova@cestavon.sk<\/a><a href=\"tel:+421 948 690 128\" class=\"person-number\">+421 948 690 128<\/a><\/div><\/div>              <\/div>\n                          <div class=\"contact-box\">\n                <h5>\u00dadaje pre 2 % z dane:<\/h5><p><p><strong>I\u010cO: 51656957<\/strong> (pozor, I\u010cO vo formul\u00e1ri vyp\u013a\u0148ajte sprava, nepou\u017eit\u00e9 polia ost\u00e1vaj\u00fa pr\u00e1zdne)<\/p>\r\n<p><strong>Obchodn\u00e9 meno (n\u00e1zov): CESTA VON<\/strong><\/p>\r\n<p>Pr\u00e1vna forma: OB\u010cIANSKE ZDRU\u017dENIE<\/p>\r\n<p>S\u00eddlo: MILETI\u010cOVA<\/p>\r\n<p>\u010c\u00edslo: 30<\/p>\r\n<p>PS\u010c: 821 08<\/p>\r\n<p>Mesto: BRATISLAVA<\/p>\r\n<p>X s\u00fahlas\u00edm so zaslan\u00edm \u00fadajov (meno, priezvisko a trval\u00fd pobyt) mnou ur\u010den\u00e9mu prij\u00edmate\u013eovi podielu zaplatenej dane uveden\u00e9mu v II. oddiele pod\u013ea \u00a7 50 ods. 8 z\u00e1kona (vyzna\u010di\u0165 X)<\/p><\/p>              <\/div>\n                          <div class=\"contact-box\">\n                <h5>Information on the processing and protection of personal data<\/h5><p><p>If you are interested in the answers to the following questions, read our <a href=\"https:\/\/cestavon.sk\/wp-content\/uploads\/2023\/09\/2023_INFORMACIE-O-SPRACUVANI-A-OCHRANE-OSOBNYCH-UDAJOV.pdf\">GDPR.<\/a><\/p>\r\n<ul>\r\n<li class=\"Default\"><span style=\"color: #333333;\"><b><span style=\"font-size: 11.0pt;\">What personal data do we process about you? <\/span><\/b><\/span><\/li>\r\n<li class=\"Default\"><span style=\"color: #333333;\"><b><span style=\"font-size: 11.0pt;\">How do we use the provided personal data and on what legal basis? <\/span><\/b><\/span><\/li>\r\n<li class=\"Default\"><span style=\"color: #333333;\"><b><span style=\"font-size: 11.0pt;\">To whom do we provide your personal data? <\/span><\/b><\/span><\/li>\r\n<li class=\"Default\"><span style=\"color: #333333;\"><b><span style=\"font-size: 11.0pt;\">What are your rights? <\/span><\/b><\/span><\/li>\r\n<li class=\"Default\"><span style=\"color: #333333;\"><b><span style=\"font-size: 11.0pt;\">How do we protect your personal data?<\/span><\/b><\/span><\/li>\r\n<\/ul><\/p>              <\/div>\n                    <\/div>\n      <\/div>\n    <\/div>\n  <\/div>\n<\/section>\n\n\n<div class=\"component-side-graphics \">\n  <div class=\"container\">\n    <img decoding=\"async\" style=\"right: 0px; width: fit-content; transform: translate(100%,-100%)\" class=\"side-graphics-element\"\n      src=\"https:\/\/cestavon.sk\/wp-content\/uploads\/2022\/10\/two-outline-dots-orange.svg\" alt=\"Postrann\u00e1 grafika\">\n  <\/div>\n<\/div>\n\n\n<div style=\"height: 120px;\" class=\"component-spacer-d \"><\/div>\n<div style=\"height: 60px;\" class=\"component-spacer-m \"><\/div>\n\n\n<section class=\"component-cta-box  \">\n  <div class=\"container\">\n    <div class=\"row\">\n      <div class=\"col-12\">\n        <div class=\"cta-box \">\n          <div class=\"cta-box-content\">\n            <h2>Support the Omama program<\/h2>\n            <p>Today, omamas work with more than 900 children at an early age in regular lessons. If you support them with your regular donation, they will soon be able to develop even more children from poor communities.<\/p>\n            <div class=\"buttons-wrap\">            <a href=\"en\/donate-money\/\" target=\"_self\" class=\"button\">Support<\/a>\n            <\/div>          <\/div>\n                    <div class=\"cta-box-image\"\n            style=\"background: center\/cover no-repeat url('https:\/\/cestavon.sk\/wp-content\/uploads\/2023\/01\/omama_2022_231-683x910.jpg');\">\n          <\/div>\n                  <\/div>\n      <\/div>\n    <\/div>\n  <\/div>\n<\/section>\n\n\n<div style=\"height: 120px;\" class=\"component-spacer-d \"><\/div>\n<div style=\"height: 60px;\" class=\"component-spacer-m \"><\/div>\n","protected":false},"excerpt":{"rendered":"","protected":false},"author":1,"featured_media":0,"parent":0,"menu_order":0,"comment_status":"closed","ping_status":"closed","template":"","meta":{"inline_featured_image":false,"footnotes":""},"class_list":["post-5309","page","type-page","status-publish","hentry"],"yoast_head":"<!-- This site is optimized with the Yoast SEO plugin v24.2 - https:\/\/yoast.com\/wordpress\/plugins\/seo\/ -->\n<title>Contact - Cesta von<\/title>\n<meta name=\"robots\" content=\"index, follow, max-snippet:-1, max-image-preview:large, max-video-preview:-1\" \/>\n<link rel=\"canonical\" href=\"https:\/\/cestavon.sk\/en\/contact\/\" \/>\n<meta property=\"og:locale\" content=\"en_US\" \/>\n<meta property=\"og:type\" content=\"article\" \/>\n<meta property=\"og:title\" content=\"Contact - Cesta von\" \/>\n<meta property=\"og:url\" content=\"https:\/\/cestavon.sk\/en\/contact\/\" \/>\n<meta property=\"og:site_name\" content=\"Cesta von\" \/>\n<meta property=\"article:publisher\" content=\"https:\/\/www.facebook.com\/cestavon.sk\" \/>\n<meta property=\"article:modified_time\" content=\"2024-10-14T13:58:16+00:00\" \/>\n<meta name=\"twitter:card\" content=\"summary_large_image\" \/>\n<script type=\"application\/ld+json\" class=\"yoast-schema-graph\">{\"@context\":\"https:\/\/schema.org\",\"@graph\":[{\"@type\":\"WebPage\",\"@id\":\"https:\/\/cestavon.sk\/en\/contact\/\",\"url\":\"https:\/\/cestavon.sk\/en\/contact\/\",\"name\":\"Contact - Cesta von\",\"isPartOf\":{\"@id\":\"https:\/\/cestavon.sk\/en\/#website\"},\"datePublished\":\"2022-10-18T12:29:42+00:00\",\"dateModified\":\"2024-10-14T13:58:16+00:00\",\"breadcrumb\":{\"@id\":\"https:\/\/cestavon.sk\/en\/contact\/#breadcrumb\"},\"inLanguage\":\"en-US\",\"potentialAction\":[{\"@type\":\"ReadAction\",\"target\":[\"https:\/\/cestavon.sk\/en\/contact\/\"]}]},{\"@type\":\"BreadcrumbList\",\"@id\":\"https:\/\/cestavon.sk\/en\/contact\/#breadcrumb\",\"itemListElement\":[{\"@type\":\"ListItem\",\"position\":1,\"name\":\"Domovsk\u00e1 str\u00e1nka\",\"item\":\"https:\/\/cestavon.sk\/en\/\"},{\"@type\":\"ListItem\",\"position\":2,\"name\":\"Contact\"}]},{\"@type\":\"WebSite\",\"@id\":\"https:\/\/cestavon.sk\/en\/#website\",\"url\":\"https:\/\/cestavon.sk\/en\/\",\"name\":\"Cesta von\",\"description\":\"Pom\u00f4\u017ete n\u00e1m p\u00edsa\u0165 pr\u00edbehy so \u0161\u0165astn\u00fdm koncom\",\"publisher\":{\"@id\":\"https:\/\/cestavon.sk\/en\/#organization\"},\"potentialAction\":[{\"@type\":\"SearchAction\",\"target\":{\"@type\":\"EntryPoint\",\"urlTemplate\":\"https:\/\/cestavon.sk\/en\/?s={search_term_string}\"},\"query-input\":{\"@type\":\"PropertyValueSpecification\",\"valueRequired\":true,\"valueName\":\"search_term_string\"}}],\"inLanguage\":\"en-US\"},{\"@type\":\"Organization\",\"@id\":\"https:\/\/cestavon.sk\/en\/#organization\",\"name\":\"Cesta von\",\"url\":\"https:\/\/cestavon.sk\/en\/\",\"logo\":{\"@type\":\"ImageObject\",\"inLanguage\":\"en-US\",\"@id\":\"https:\/\/cestavon.sk\/en\/#\/schema\/logo\/image\/\",\"url\":\"https:\/\/cestavon.sk\/wp-content\/uploads\/2023\/07\/LOGO_SIMPLE_MENTOL-03.png\",\"contentUrl\":\"https:\/\/cestavon.sk\/wp-content\/uploads\/2023\/07\/LOGO_SIMPLE_MENTOL-03.png\",\"width\":1182,\"height\":1182,\"caption\":\"Cesta von\"},\"image\":{\"@id\":\"https:\/\/cestavon.sk\/en\/#\/schema\/logo\/image\/\"},\"sameAs\":[\"https:\/\/www.facebook.com\/cestavon.sk\",\"https:\/\/www.instagram.com\/cestavon\/\",\"https:\/\/sk.linkedin.com\/company\/cesta-von\"]}]}<\/script>\n<!-- \/ Yoast SEO plugin. -->","yoast_head_json":{"title":"Contact - Cesta von","robots":{"index":"index","follow":"follow","max-snippet":"max-snippet:-1","max-image-preview":"max-image-preview:large","max-video-preview":"max-video-preview:-1"},"canonical":"https:\/\/cestavon.sk\/en\/contact\/","og_locale":"en_US","og_type":"article","og_title":"Contact - Cesta von","og_url":"https:\/\/cestavon.sk\/en\/contact\/","og_site_name":"Cesta von","article_publisher":"https:\/\/www.facebook.com\/cestavon.sk","article_modified_time":"2024-10-14T13:58:16+00:00","twitter_card":"summary_large_image","schema":{"@context":"https:\/\/schema.org","@graph":[{"@type":"WebPage","@id":"https:\/\/cestavon.sk\/en\/contact\/","url":"https:\/\/cestavon.sk\/en\/contact\/","name":"Contact - Cesta von","isPartOf":{"@id":"https:\/\/cestavon.sk\/en\/#website"},"datePublished":"2022-10-18T12:29:42+00:00","dateModified":"2024-10-14T13:58:16+00:00","breadcrumb":{"@id":"https:\/\/cestavon.sk\/en\/contact\/#breadcrumb"},"inLanguage":"en-US","potentialAction":[{"@type":"ReadAction","target":["https:\/\/cestavon.sk\/en\/contact\/"]}]},{"@type":"BreadcrumbList","@id":"https:\/\/cestavon.sk\/en\/contact\/#breadcrumb","itemListElement":[{"@type":"ListItem","position":1,"name":"Domovsk\u00e1 str\u00e1nka","item":"https:\/\/cestavon.sk\/en\/"},{"@type":"ListItem","position":2,"name":"Contact"}]},{"@type":"WebSite","@id":"https:\/\/cestavon.sk\/en\/#website","url":"https:\/\/cestavon.sk\/en\/","name":"Cesta von","description":"Pom\u00f4\u017ete n\u00e1m p\u00edsa\u0165 pr\u00edbehy so \u0161\u0165astn\u00fdm koncom","publisher":{"@id":"https:\/\/cestavon.sk\/en\/#organization"},"potentialAction":[{"@type":"SearchAction","target":{"@type":"EntryPoint","urlTemplate":"https:\/\/cestavon.sk\/en\/?s={search_term_string}"},"query-input":{"@type":"PropertyValueSpecification","valueRequired":true,"valueName":"search_term_string"}}],"inLanguage":"en-US"},{"@type":"Organization","@id":"https:\/\/cestavon.sk\/en\/#organization","name":"Cesta von","url":"https:\/\/cestavon.sk\/en\/","logo":{"@type":"ImageObject","inLanguage":"en-US","@id":"https:\/\/cestavon.sk\/en\/#\/schema\/logo\/image\/","url":"https:\/\/cestavon.sk\/wp-content\/uploads\/2023\/07\/LOGO_SIMPLE_MENTOL-03.png","contentUrl":"https:\/\/cestavon.sk\/wp-content\/uploads\/2023\/07\/LOGO_SIMPLE_MENTOL-03.png","width":1182,"height":1182,"caption":"Cesta von"},"image":{"@id":"https:\/\/cestavon.sk\/en\/#\/schema\/logo\/image\/"},"sameAs":["https:\/\/www.facebook.com\/cestavon.sk","https:\/\/www.instagram.com\/cestavon\/","https:\/\/sk.linkedin.com\/company\/cesta-von"]}]}},"_links":{"self":[{"href":"https:\/\/cestavon.sk\/en\/wp-json\/wp\/v2\/pages\/5309","targetHints":{"allow":["GET"]}}],"collection":[{"href":"https:\/\/cestavon.sk\/en\/wp-json\/wp\/v2\/pages"}],"about":[{"href":"https:\/\/cestavon.sk\/en\/wp-json\/wp\/v2\/types\/page"}],"author":[{"embeddable":true,"href":"https:\/\/cestavon.sk\/en\/wp-json\/wp\/v2\/users\/1"}],"replies":[{"embeddable":true,"href":"https:\/\/cestavon.sk\/en\/wp-json\/wp\/v2\/comments?post=5309"}],"version-history":[{"count":7,"href":"https:\/\/cestavon.sk\/en\/wp-json\/wp\/v2\/pages\/5309\/revisions"}],"predecessor-version":[{"id":6275,"href":"https:\/\/cestavon.sk\/en\/wp-json\/wp\/v2\/pages\/5309\/revisions\/6275"}],"wp:attachment":[{"href":"https:\/\/cestavon.sk\/en\/wp-json\/wp\/v2\/media?parent=5309"}],"curies":[{"name":"wp","href":"https:\/\/api.w.org\/{rel}","templated":true}]}}