{"id":5344,"date":"2023-10-12T14:30:55","date_gmt":"2023-10-12T12:30:55","guid":{"rendered":"https:\/\/cestavon.sk\/vision-2030\/"},"modified":"2024-10-24T15:28:22","modified_gmt":"2024-10-24T13:28:22","slug":"vision-2030","status":"publish","type":"page","link":"https:\/\/cestavon.sk\/en\/vision-2030\/","title":{"rendered":"Vision 2030"},"content":{"rendered":"\n<div class=\"component-video-section\">\n  <div class=\"container\">\n    <div class=\"row right\">\n      <div class=\"col-6 col-sm-12\">\n        <div class=\"video-wrap\">\n          <picture><source media=\"(min-width: 0px) and (max-width: 767px)\" srcset=\"https:\/\/cestavon.sk\/wp-content\/uploads\/2023\/10\/vizia-na-web-e1697113371311-455x607.png\"><source media=\"(min-width: 768px) and (max-width: 1023px)\" srcset=\"https:\/\/cestavon.sk\/wp-content\/uploads\/2023\/10\/vizia-na-web-e1697113371311-683x910.png\"><source media=\"(min-width: 1024px) and (max-width: 1439px)\" srcset=\"https:\/\/cestavon.sk\/wp-content\/uploads\/2023\/10\/vizia-na-web-e1697113371311-1366x1821.png\"><img decoding=\"async\" style=\"border-radius: 0px;\" src=\"https:\/\/cestavon.sk\/wp-content\/uploads\/2023\/10\/vizia-na-web-e1697113371311-1366x1821.png\"><\/picture>        <\/div>\n      <\/div>\n      <div class=\"col-6 col-sm-12\">\n        <div class=\"content-wrap\">\n          <h1>Vision 2030<\/h1><p>&#8220;It&#8217;s quite ambitious, but I want to make it happen,&#8221; one of our omamas once said about her dreams.\r\n\r\nWe felt the same way when, in 2023, we dreamed together about the future of the communities we work with, and about the programs and impacts of Cesta von. We had daring dreams in challenging areas, that we didn\u2019t always fully understand or know how to articulate, but we were determined to uplift those living on the edge of society. \r\n\r\nWe didn&#8217;t want to hear the same old phrases over and over again. &#8220;Things will never change!&#8221; &#8220;Nothing can fix this!&#8221; &#8220;That\u2019s not possible!&#8221;<\/p><a class=\"button\" href=\"https:\/\/cestavon.sk\/wp-content\/uploads\/2024\/10\/CV_Vizia_2030_210x210_EN_WEB.pdf\" target=\"\">Vision 2030<\/a>        <\/div>\n      <\/div>\n    <\/div>\n  <\/div>\n<\/div>\n\n<div style=\"height: 100px;\" class=\"component-spacer-d \"><\/div>\n<div style=\"height: 50px;\" class=\"component-spacer-m \"><\/div>\n\n\n<section class=\"text \">\n  <div class=\"container\">\n    <div class=\"row\">\n      <div class=\"col-12 text-wrap\">\n        <p style=\"text-align: left;color: #000000;\">We believe that change for the better is possible. We are the ones creating reality! This vision is our shared creation, a representation of the future we chose to pursue in 2023. This vision reflects our dreams and hopes that we aim to turn into reality by 2030. It is a future that we have envisioned and planned out in advance. You too can play a part in bringing this vision to life. Thank you.<\/p>      <\/div>\n    <\/div>\n  <\/div>\n<\/section>\n\n\n<div style=\"height: 70px;\" class=\"component-spacer-d \"><\/div>\n<div style=\"height: 35px;\" class=\"component-spacer-m \"><\/div>\n\n\n\n\n\n\n\n\n\n\n\n\n  <div class=\"inoby-img-with-text \">\n    <div class=\"container\">\n      <div class=\"row left\">\n        <div class=\"col-12\">\n          <div class=\"img-with-text-wrap left\">\n            <div class=\"img-wrap\">\n              <picture><img decoding=\"async\" style=\"border-radius: 0px;\" src=\"https:\/\/cestavon.sk\/wp-content\/uploads\/2023\/10\/CV_Vizia_2030_page-0004-455x607.jpg\"><\/picture>            <\/div>\n            <div class=\"content-wrap\">\n              <div class=\"text-wrap\">\n                <p><p>This vision was shaped by omamas, mentors, supervisors, members of the Filip and Amal program, people living in poor communities, our generous donors, and supporters, as well as coordinators, management, and the board of Cesta von. We adopted the &#8216;visioning&#8217; approach based on advice from Ari Weinzweig, our friend and co-owner of the inspirational Zingerman&#8217;s company. The vision was illustrated by Ryan Stiner, who has been co-creating Zingerman&#8217;s visual style for nearly 15 years.<\/p>\r\n<p><br \/>Thank you to each and every one of you.<\/p><\/p>              <\/div>\n              <div class=\"button-wrap\">\n                              <\/div>\n            <\/div>\n          <\/div>\n        <\/div>\n      <\/div>\n    <\/div>\n  <\/div>\n\n\n<div style=\"height: 100px;\" class=\"component-spacer-d \"><\/div>\n<div style=\"height: 50px;\" class=\"component-spacer-m \"><\/div>\n\n\n<section class=\"component-downloads \">\n  <div class=\"container\">\n    <div class=\"row\">\n      <div class=\"col-12\">\n        <div class=\"downloads-wrap\">\n                    <div class=\"download-item\">\n            <h5>Vision 2030 for download<\/h5><a target=\"_blank\" class=\"download-link\" href=\"https:\/\/cestavon.sk\/wp-content\/uploads\/2024\/10\/CV_Vizia_2030_210x210_EN_WEB.pdf\">VISION 2030<\/a>          <\/div>\n                  <\/div>\n      <\/div>\n    <\/div>\n  <\/div>\n<\/section>\n\n\n\n\n\n\n<div class=\"component-side-graphics \">\n  <div class=\"container\">\n    <img decoding=\"async\" style=\"left: 0px; width: fit-content; transform: translate(-100%,-70%)\" class=\"side-graphics-element\"\n      src=\"https:\/\/cestavon.sk\/wp-content\/uploads\/2022\/10\/circle-stripped.svg\" alt=\"Postrann\u00e1 grafika\">\n  <\/div>\n<\/div>\n\n\n<div class=\"component-side-graphics \">\n  <div class=\"container\">\n    <img decoding=\"async\" style=\"right: 0px; width: fit-content; transform: translate(150%,-150%)\" class=\"side-graphics-element\"\n      src=\"https:\/\/cestavon.sk\/wp-content\/uploads\/2022\/10\/two-outline-dots-orange.svg\" alt=\"Postrann\u00e1 grafika\">\n  <\/div>\n<\/div>\n\n\n\n\n<div style=\"height: 120px;\" class=\"component-spacer-d \"><\/div>\n<div style=\"height: 60px;\" class=\"component-spacer-m \"><\/div>\n\n\n<div class=\"component-side-graphics \">\n  <div class=\"container\">\n    <img decoding=\"async\" style=\"left: 0px; width: fit-content; transform: translate(-110%,-10%)\" class=\"side-graphics-element\"\n      src=\"https:\/\/cestavon.sk\/wp-content\/uploads\/2022\/10\/dotted-grid.svg\" alt=\"Postrann\u00e1 grafika\">\n  <\/div>\n<\/div>\n\n\n<div class=\"component-side-graphics \">\n  <div class=\"container\">\n    <img decoding=\"async\" style=\"right: 0px; width: 10px; transform: translate(-100%,-50%)\" class=\"side-graphics-element\"\n      src=\"https:\/\/cestavon.sk\/wp-content\/uploads\/2022\/10\/two-outline-dots-orange.svg\" alt=\"Postrann\u00e1 grafika\">\n  <\/div>\n<\/div>\n\n\n<div class=\"component-side-graphics \">\n  <div class=\"container\">\n    <img decoding=\"async\" style=\"right: 0px; width: fit-content; transform: translate(-100%,-50%)\" class=\"side-graphics-element\"\n      src=\"https:\/\/cestavon.sk\/wp-content\/uploads\/2022\/10\/icon-heart.svg\" alt=\"Postrann\u00e1 grafika\">\n  <\/div>\n<\/div>\n","protected":false},"excerpt":{"rendered":"","protected":false},"author":1,"featured_media":0,"parent":0,"menu_order":0,"comment_status":"closed","ping_status":"closed","template":"","meta":{"inline_featured_image":false,"footnotes":""},"class_list":["post-5344","page","type-page","status-publish","hentry"],"yoast_head":"<!-- This site is optimized with the Yoast SEO plugin v24.2 - https:\/\/yoast.com\/wordpress\/plugins\/seo\/ -->\n<title>Vision 2030 - Cesta von<\/title>\n<meta name=\"description\" content=\"We believe that change for the better is possible. This vision is our common image of the desired future towards which we decided to move in 2023.\" \/>\n<meta name=\"robots\" content=\"index, follow, max-snippet:-1, max-image-preview:large, max-video-preview:-1\" \/>\n<link rel=\"canonical\" href=\"https:\/\/cestavon.sk\/en\/vision-2030\/\" \/>\n<meta property=\"og:locale\" content=\"en_US\" \/>\n<meta property=\"og:type\" content=\"article\" \/>\n<meta property=\"og:title\" content=\"Vision 2030 - Cesta von\" \/>\n<meta property=\"og:description\" content=\"We believe that change for the better is possible. This vision is our common image of the desired future towards which we decided to move in 2023.\" \/>\n<meta property=\"og:url\" content=\"https:\/\/cestavon.sk\/en\/vision-2030\/\" \/>\n<meta property=\"og:site_name\" content=\"Cesta von\" \/>\n<meta property=\"article:publisher\" content=\"https:\/\/www.facebook.com\/cestavon.sk\" \/>\n<meta property=\"article:modified_time\" content=\"2024-10-24T13:28:22+00:00\" \/>\n<meta name=\"twitter:card\" content=\"summary_large_image\" \/>\n<script type=\"application\/ld+json\" class=\"yoast-schema-graph\">{\"@context\":\"https:\/\/schema.org\",\"@graph\":[{\"@type\":\"WebPage\",\"@id\":\"https:\/\/cestavon.sk\/en\/vision-2030\/\",\"url\":\"https:\/\/cestavon.sk\/en\/vision-2030\/\",\"name\":\"Vision 2030 - Cesta von\",\"isPartOf\":{\"@id\":\"https:\/\/cestavon.sk\/en\/#website\"},\"datePublished\":\"2023-10-12T12:30:55+00:00\",\"dateModified\":\"2024-10-24T13:28:22+00:00\",\"description\":\"We believe that change for the better is possible. This vision is our common image of the desired future towards which we decided to move in 2023.\",\"breadcrumb\":{\"@id\":\"https:\/\/cestavon.sk\/en\/vision-2030\/#breadcrumb\"},\"inLanguage\":\"en-US\",\"potentialAction\":[{\"@type\":\"ReadAction\",\"target\":[\"https:\/\/cestavon.sk\/en\/vision-2030\/\"]}]},{\"@type\":\"BreadcrumbList\",\"@id\":\"https:\/\/cestavon.sk\/en\/vision-2030\/#breadcrumb\",\"itemListElement\":[{\"@type\":\"ListItem\",\"position\":1,\"name\":\"Domovsk\u00e1 str\u00e1nka\",\"item\":\"https:\/\/cestavon.sk\/en\/\"},{\"@type\":\"ListItem\",\"position\":2,\"name\":\"Vision 2030\"}]},{\"@type\":\"WebSite\",\"@id\":\"https:\/\/cestavon.sk\/en\/#website\",\"url\":\"https:\/\/cestavon.sk\/en\/\",\"name\":\"Cesta von\",\"description\":\"Pom\u00f4\u017ete n\u00e1m p\u00edsa\u0165 pr\u00edbehy so \u0161\u0165astn\u00fdm koncom\",\"publisher\":{\"@id\":\"https:\/\/cestavon.sk\/en\/#organization\"},\"potentialAction\":[{\"@type\":\"SearchAction\",\"target\":{\"@type\":\"EntryPoint\",\"urlTemplate\":\"https:\/\/cestavon.sk\/en\/?s={search_term_string}\"},\"query-input\":{\"@type\":\"PropertyValueSpecification\",\"valueRequired\":true,\"valueName\":\"search_term_string\"}}],\"inLanguage\":\"en-US\"},{\"@type\":\"Organization\",\"@id\":\"https:\/\/cestavon.sk\/en\/#organization\",\"name\":\"Cesta von\",\"url\":\"https:\/\/cestavon.sk\/en\/\",\"logo\":{\"@type\":\"ImageObject\",\"inLanguage\":\"en-US\",\"@id\":\"https:\/\/cestavon.sk\/en\/#\/schema\/logo\/image\/\",\"url\":\"https:\/\/cestavon.sk\/wp-content\/uploads\/2023\/07\/LOGO_SIMPLE_MENTOL-03.png\",\"contentUrl\":\"https:\/\/cestavon.sk\/wp-content\/uploads\/2023\/07\/LOGO_SIMPLE_MENTOL-03.png\",\"width\":1182,\"height\":1182,\"caption\":\"Cesta von\"},\"image\":{\"@id\":\"https:\/\/cestavon.sk\/en\/#\/schema\/logo\/image\/\"},\"sameAs\":[\"https:\/\/www.facebook.com\/cestavon.sk\",\"https:\/\/www.instagram.com\/cestavon\/\",\"https:\/\/sk.linkedin.com\/company\/cesta-von\"]}]}<\/script>\n<!-- \/ Yoast SEO plugin. -->","yoast_head_json":{"title":"Vision 2030 - Cesta von","description":"We believe that change for the better is possible. This vision is our common image of the desired future towards which we decided to move in 2023.","robots":{"index":"index","follow":"follow","max-snippet":"max-snippet:-1","max-image-preview":"max-image-preview:large","max-video-preview":"max-video-preview:-1"},"canonical":"https:\/\/cestavon.sk\/en\/vision-2030\/","og_locale":"en_US","og_type":"article","og_title":"Vision 2030 - Cesta von","og_description":"We believe that change for the better is possible. This vision is our common image of the desired future towards which we decided to move in 2023.","og_url":"https:\/\/cestavon.sk\/en\/vision-2030\/","og_site_name":"Cesta von","article_publisher":"https:\/\/www.facebook.com\/cestavon.sk","article_modified_time":"2024-10-24T13:28:22+00:00","twitter_card":"summary_large_image","schema":{"@context":"https:\/\/schema.org","@graph":[{"@type":"WebPage","@id":"https:\/\/cestavon.sk\/en\/vision-2030\/","url":"https:\/\/cestavon.sk\/en\/vision-2030\/","name":"Vision 2030 - Cesta von","isPartOf":{"@id":"https:\/\/cestavon.sk\/en\/#website"},"datePublished":"2023-10-12T12:30:55+00:00","dateModified":"2024-10-24T13:28:22+00:00","description":"We believe that change for the better is possible. This vision is our common image of the desired future towards which we decided to move in 2023.","breadcrumb":{"@id":"https:\/\/cestavon.sk\/en\/vision-2030\/#breadcrumb"},"inLanguage":"en-US","potentialAction":[{"@type":"ReadAction","target":["https:\/\/cestavon.sk\/en\/vision-2030\/"]}]},{"@type":"BreadcrumbList","@id":"https:\/\/cestavon.sk\/en\/vision-2030\/#breadcrumb","itemListElement":[{"@type":"ListItem","position":1,"name":"Domovsk\u00e1 str\u00e1nka","item":"https:\/\/cestavon.sk\/en\/"},{"@type":"ListItem","position":2,"name":"Vision 2030"}]},{"@type":"WebSite","@id":"https:\/\/cestavon.sk\/en\/#website","url":"https:\/\/cestavon.sk\/en\/","name":"Cesta von","description":"Pom\u00f4\u017ete n\u00e1m p\u00edsa\u0165 pr\u00edbehy so \u0161\u0165astn\u00fdm koncom","publisher":{"@id":"https:\/\/cestavon.sk\/en\/#organization"},"potentialAction":[{"@type":"SearchAction","target":{"@type":"EntryPoint","urlTemplate":"https:\/\/cestavon.sk\/en\/?s={search_term_string}"},"query-input":{"@type":"PropertyValueSpecification","valueRequired":true,"valueName":"search_term_string"}}],"inLanguage":"en-US"},{"@type":"Organization","@id":"https:\/\/cestavon.sk\/en\/#organization","name":"Cesta von","url":"https:\/\/cestavon.sk\/en\/","logo":{"@type":"ImageObject","inLanguage":"en-US","@id":"https:\/\/cestavon.sk\/en\/#\/schema\/logo\/image\/","url":"https:\/\/cestavon.sk\/wp-content\/uploads\/2023\/07\/LOGO_SIMPLE_MENTOL-03.png","contentUrl":"https:\/\/cestavon.sk\/wp-content\/uploads\/2023\/07\/LOGO_SIMPLE_MENTOL-03.png","width":1182,"height":1182,"caption":"Cesta von"},"image":{"@id":"https:\/\/cestavon.sk\/en\/#\/schema\/logo\/image\/"},"sameAs":["https:\/\/www.facebook.com\/cestavon.sk","https:\/\/www.instagram.com\/cestavon\/","https:\/\/sk.linkedin.com\/company\/cesta-von"]}]}},"_links":{"self":[{"href":"https:\/\/cestavon.sk\/en\/wp-json\/wp\/v2\/pages\/5344","targetHints":{"allow":["GET"]}}],"collection":[{"href":"https:\/\/cestavon.sk\/en\/wp-json\/wp\/v2\/pages"}],"about":[{"href":"https:\/\/cestavon.sk\/en\/wp-json\/wp\/v2\/types\/page"}],"author":[{"embeddable":true,"href":"https:\/\/cestavon.sk\/en\/wp-json\/wp\/v2\/users\/1"}],"replies":[{"embeddable":true,"href":"https:\/\/cestavon.sk\/en\/wp-json\/wp\/v2\/comments?post=5344"}],"version-history":[{"count":5,"href":"https:\/\/cestavon.sk\/en\/wp-json\/wp\/v2\/pages\/5344\/revisions"}],"predecessor-version":[{"id":6317,"href":"https:\/\/cestavon.sk\/en\/wp-json\/wp\/v2\/pages\/5344\/revisions\/6317"}],"wp:attachment":[{"href":"https:\/\/cestavon.sk\/en\/wp-json\/wp\/v2\/media?parent=5344"}],"curies":[{"name":"wp","href":"https:\/\/api.w.org\/{rel}","templated":true}]}}