{"id":5350,"date":"2022-11-02T11:10:23","date_gmt":"2022-11-02T10:10:23","guid":{"rendered":"https:\/\/cestavon.sk\/impact\/"},"modified":"2024-10-08T14:55:28","modified_gmt":"2024-10-08T12:55:28","slug":"impact","status":"publish","type":"page","link":"https:\/\/cestavon.sk\/en\/impact\/","title":{"rendered":"Impact"},"content":{"rendered":"  <div class=\"inoby-img-with-text bg-fill-light\">\n    <div class=\"container\">\n      <div class=\"row right\">\n        <div class=\"col-12\">\n          <div class=\"img-with-text-wrap right\">\n            <div class=\"img-wrap\">\n              <picture><img decoding=\"async\" style=\"border-radius: 0px;\" src=\"https:\/\/cestavon.sk\/wp-content\/uploads\/2022\/11\/Vysledky-projektu-Omama-1-455x607.png\"><\/picture>            <\/div>\n            <div class=\"content-wrap\">\n              <div class=\"text-wrap\">\n                <p><table width=\"870\">\r\n<tbody>\r\n<tr>\r\n<td width=\"334\">\r\n<h3><strong>The impact of the Omama program<\/strong><\/h3>\r\n<\/td>\r\n<\/tr>\r\n<\/tbody>\r\n<\/table>\r\n<p>In 2022, we completed a pilot study with the University of Oxford. Using the INTER-NDA method, we assessed the neurodevelopment of 2-year-olds in the areas of cognition, speech, fine and gross motor skills, and social behavior. We compared children from the Omama program with children from excluded communities who received no intervention, and with children from the majority population. Overall, 251 children were involved in the study. We continue to use the methodology for ongoing evaluation of the neurodevelopment of \u2018Omama\u2019 children, in order to track their progress.<\/p><\/p>              <\/div>\n              <div class=\"button-wrap\">\n                              <\/div>\n            <\/div>\n          <\/div>\n        <\/div>\n      <\/div>\n    <\/div>\n  <\/div>\n\n\n<div style=\"height: 140px;\" class=\"component-spacer-d \"><\/div>\n<div style=\"height: 70px;\" class=\"component-spacer-m \"><\/div>\n\n\n<section class=\"component-testimonials testimonials-style-2\">\n  <div class=\"container\">\n    <div class=\"row\">\n      <div class=\"col-6 col-sm-12\">\n        <picture><source media=\"(min-width: 0px) and (max-width: 767px)\" srcset=\"https:\/\/cestavon.sk\/wp-content\/uploads\/2023\/04\/JAK5074-455x607.jpg\"><source media=\"(min-width: 768px) and (max-width: 1023px)\" srcset=\"https:\/\/cestavon.sk\/wp-content\/uploads\/2023\/04\/JAK5074-683x910.jpg\"><source media=\"(min-width: 1024px) and (max-width: 1439px)\" srcset=\"https:\/\/cestavon.sk\/wp-content\/uploads\/2023\/04\/JAK5074-683x910.jpg\"><img decoding=\"async\" style=\"border-radius: 0px;\" src=\"https:\/\/cestavon.sk\/wp-content\/uploads\/2023\/04\/JAK5074-683x910.jpg\"><\/picture>      <\/div>\n      <div class=\"col-6 col-sm-12\">\n                <div class=\"quote-mark mark-first\"><\/div>\n        <div class=\"testimonials-slider testimonials-style-2\" id=\"testimonials-slider-wrapper6a09d586beaf3\" data-infinite=\"0\" data-slides=\"1\" data-automatic=\"0\">\n                    <div class=\"testimonial-box\">\n            <p>\n              Children from the Omama program achieve significantly better results in the areas of cognition, motor skills and language than their peers from settlements that are not in Omama program. They are still behind the children of the majority &#8211; so there is still work to be done. The effect is up to medium size, which is amazing! We don&#8217;t usually see that with these types of early childhood development programs.            <\/p>\n            <div class=\"author-box\">\n                            <div class=\"author-content\">\n                <p class=\"small\">Dr. Michelle Fernandes<\/p>\n                <span class=\"caption\">researcher and pediatrician from the University of Oxford and co-author of the INTER-NDA methodology<\/span>\n              <\/div>\n            <\/div>\n          <\/div>\n                            <\/div>\n        <div class=\"quote-mark mark-last\"><\/div>\n                      <\/div>\n    <\/div>\n  <\/div>\n<\/section>\n\n\n<div style=\"height: 70px;\" class=\"component-spacer-d \"><\/div>\n<div style=\"height: 30px;\" class=\"component-spacer-m \"><\/div>\n\n\n<section class=\"text \">\n  <div class=\"container\">\n    <div class=\"row\">\n      <div class=\"col-12 text-wrap\">\n        <h4 style=\"\">The return on investment is highest during the early years of life<\/h4>      <\/div>\n    <\/div>\n  <\/div>\n<\/section>\n\n\n<section style=\"max-width: 770px; margin: 0 auto;\" class=\"component-group \">\n  \n\n\n<div style=\"height: 20px;\" class=\"component-spacer-d \"><\/div>\n<div style=\"height: 10px;\" class=\"component-spacer-m \"><\/div>\n\n\n<section class=\"image-component \">\n  <div class=\"container\">\n    <div class=\"row\" style=\"\">\n      <div class=\"col-12 col-md-12 image-wrap\">\n        <picture><source media=\"(min-width: 0px) and (max-width: 767px)\" srcset=\"https:\/\/cestavon.sk\/wp-content\/uploads\/2024\/05\/school-683x512.png\"><source media=\"(min-width: 768px) and (max-width: 1023px)\" srcset=\"https:\/\/cestavon.sk\/wp-content\/uploads\/2024\/05\/school-683x512.png\"><source media=\"(min-width: 1024px) and (max-width: 1439px)\" srcset=\"https:\/\/cestavon.sk\/wp-content\/uploads\/2024\/05\/school-683x512.png\"><img decoding=\"async\" style=\"border-radius: px;\" src=\"https:\/\/cestavon.sk\/wp-content\/uploads\/2024\/05\/school-683x512.png\"><\/picture>      <\/div>\n    <\/div>\n  <\/div>\n<\/section>\n\n\n<div style=\"height: 70px;\" class=\"component-spacer-d \"><\/div>\n<div style=\"height: 35px;\" class=\"component-spacer-m \"><\/div>\n\n\n<section class=\"text \">\n  <div class=\"container\">\n    <div class=\"row\">\n      <div class=\"col-12 text-wrap\">\n        <p style=\"color: #000000;\">Numerous studies prove that investing in the development of young children offers the highest return for society. Fostering early development in children multiplies their chances of success in education and employment later in life. Instead of relying on social support, a person can become a successful, fully integrated member of society, contributing to the community, and paying taxes.<\/p>      <\/div>\n    <\/div>\n  <\/div>\n<\/section>\n\n\n<div style=\"height: 150px;\" class=\"component-spacer-d \"><\/div>\n<div style=\"height: 70px;\" class=\"component-spacer-m \"><\/div>\n\n\n<\/section>\n\n<section class=\"text \">\n  <div class=\"container\">\n    <div class=\"row\">\n      <div class=\"col-12 text-wrap\">\n        <h4 style=\"\">Our mission is to secure support for each child born into poverty<\/h4>      <\/div>\n    <\/div>\n  <\/div>\n<\/section>\n\n\n\n\n<div style=\"height: 70px;\" class=\"component-spacer-d \"><\/div>\n<div style=\"height: 30px;\" class=\"component-spacer-m \"><\/div>\n\n\n  <div class=\"inoby-img-with-text \">\n    <div class=\"container\">\n      <div class=\"row left\">\n        <div class=\"col-12\">\n          <div class=\"img-with-text-wrap left\">\n            <div class=\"img-wrap\">\n              <picture><img decoding=\"async\" style=\"border-radius: 0px;\" src=\"https:\/\/cestavon.sk\/wp-content\/uploads\/2023\/04\/omama_170-455x607.jpg\"><\/picture>            <\/div>\n            <div class=\"content-wrap\">\n              <div class=\"text-wrap\">\n                <p><p>&nbsp;<\/p>\r\n<p>Despite its high return, systematic early childhood care and intervention are available only in a limited scope in Slovakia, and only for children with disabilities. At Cesta von, we are committed to promote change on a national level. We are part of working groups operating within various ministries. The Omama program was mentioned in the Recovery and Resilience Plan. The proposed changes should strengthen the inclusion of children with social and health disadvantages in early childhood education. The Recovery and Resilience Plan also includes financial support.<\/p>\r\n<p>&nbsp;<\/p>\r\n<p>In June 2022, the Government of the Slovak Republic approved the National Strategy for the Development of Coordinated Early Intervention and Early Care Services for the years 2022-2030. A new support system for early childhood development and education in excluded communities is forming, and we will definitely be part of it in the coming years.<\/p><\/p>              <\/div>\n              <div class=\"button-wrap\">\n                              <\/div>\n            <\/div>\n          <\/div>\n        <\/div>\n      <\/div>\n    <\/div>\n  <\/div>\n\n\n<div style=\"height: 70px;\" class=\"component-spacer-d \"><\/div>\n<div style=\"height: 35px;\" class=\"component-spacer-m \"><\/div>\n\n\n\n\n<section class=\"component-tabs\">\n  <div class=\"container\">\n    <div class=\"row\">\n      <div class=\"col-12 tabs-wrap\">\n        <div class=\"tabs-filter\">\n          <a id=\"tab-index-0\" href=\"#0\" class=\"active tab-filter\">Is your support effective?<\/a>        <\/div>\n        <div class=\"tabs-content\">\n          <div id=\"tab-index-0\" class=\"active tab-content\"><p style=\"text-align: left;\"><strong>Impact on the omamas:<\/strong><\/p>\r\n<ul style=\"text-align: left;\">\r\n<li>\r\n<blockquote>three to four one-hour home visits provided daily, eighteen lessons provided weekly<\/blockquote>\r\n<\/li>\r\n<li>\r\n<blockquote>one monthly parenting club<\/blockquote>\r\n<\/li>\r\n<li>\r\n<blockquote>one more woman with developed skills and work habits<\/blockquote>\r\n<\/li>\r\n<\/ul>\r\n<p>&nbsp;<\/p>\r\n<p style=\"text-align: left;\"><strong>Impact on the community:<\/strong><\/p>\r\n<ul style=\"text-align: left;\">\r\n<li>\r\n<blockquote>eighteen to fifty families with young children receive early support and care<\/blockquote>\r\n<\/li>\r\n<li>\r\n<blockquote>children are better equipped to succeed in preschool and school<\/blockquote>\r\n<\/li>\r\n<li>\r\n<blockquote>parents are more actively involved in the education of their children and earn greater confidence in their abilities<\/blockquote>\r\n<\/li>\r\n<\/ul>\r\n<p>&nbsp;<\/p>\r\n<p><strong>Long-term impact:<\/strong><\/p>\r\n<ul>\r\n<li style=\"text-align: left;\">\r\n<blockquote>improved school performance among children from generational poverty<\/blockquote>\r\n<\/li>\r\n<li style=\"text-align: left;\">\r\n<blockquote>higher employability\/employment\/incomes<\/blockquote>\r\n<\/li>\r\n<\/ul><\/div>        <\/div>\n      <\/div>\n    <\/div>\n  <\/div>\n<\/section>\n\n\n<div style=\"height: 70px;\" class=\"component-spacer-d \"><\/div>\n<div style=\"height: 35px;\" class=\"component-spacer-m \"><\/div>\n\n\n<section class=\"component-testimonials testimonials-style-3\">\n  <div class=\"container\">\n    <div class=\"row\">\n      <div class=\"col-6 col-sm-12\">\n        <picture><source media=\"(min-width: 0px) and (max-width: 767px)\" srcset=\"https:\/\/cestavon.sk\/wp-content\/uploads\/2023\/01\/omama_014-455x607.jpg\"><source media=\"(min-width: 768px) and (max-width: 1023px)\" srcset=\"https:\/\/cestavon.sk\/wp-content\/uploads\/2023\/01\/omama_014-683x910.jpg\"><source media=\"(min-width: 1024px) and (max-width: 1439px)\" srcset=\"https:\/\/cestavon.sk\/wp-content\/uploads\/2023\/01\/omama_014-683x910.jpg\"><img decoding=\"async\" style=\"border-radius: 0px;\" src=\"https:\/\/cestavon.sk\/wp-content\/uploads\/2023\/01\/omama_014-683x910.jpg\"><\/picture>      <\/div>\n      <div class=\"col-6 col-sm-12\">\n        <h2>They said about us<\/h2>        <div class=\"quote-mark mark-first\"><\/div>\n        <div class=\"testimonials-slider testimonials-style-3\" id=\"testimonials-slider-wrapper6a09d586c25da\" data-infinite=\"0\" data-slides=\"1\" data-automatic=\"0\">\n                    <div class=\"testimonial-box\">\n            <p>\n              During my visits, I focus on finding real solutions that help families and children break free from poverty. While visiting Zborov, I was deeply impressed by the OMAMA lesson I had the opportunity to witness. The Omama program supports the development and education of young Roma children from birth and is built on collaboration with their mothers.<a href=\"#0\" class=\"show-more link\"> &#8230; Zobrazi\u0165 viac<\/a>            <\/p>\n            <div class=\"author-box\">\n              <div class=\"author-image\"><picture><source media=\"(min-width: 0px) and (max-width: 767px)\" srcset=\"https:\/\/cestavon.sk\/wp-content\/uploads\/2023\/01\/Zuzana-Caputova-circle-228x228.png\"><source media=\"(min-width: 768px) and (max-width: 1023px)\" srcset=\"https:\/\/cestavon.sk\/wp-content\/uploads\/2023\/01\/Zuzana-Caputova-circle-228x228.png\"><source media=\"(min-width: 1024px) and (max-width: 1439px)\" srcset=\"https:\/\/cestavon.sk\/wp-content\/uploads\/2023\/01\/Zuzana-Caputova-circle-228x228.png\"><img decoding=\"async\" style=\"border-radius: 0px;\" src=\"https:\/\/cestavon.sk\/wp-content\/uploads\/2023\/01\/Zuzana-Caputova-circle-228x228.png\"><\/picture><\/div>              <div class=\"author-content\">\n                <p class=\"small\">Zuzana \u010caputov\u00e1<\/p>\n                <span class=\"caption\">President of the Slovak Republic<\/span>\n              <\/div>\n            <\/div>\n          <\/div>\n                    <div class=\"testimonial-popup\">\n            <div class=\"popup-content\">\n              <div class=\"close-btn\">\u2715<\/div>\n              <p>During my visits, I focus on finding real solutions that help families and children break free from poverty. While visiting Zborov, I was deeply impressed by the OMAMA lesson I had the opportunity to witness. The Omama program supports the development and education of young Roma children from birth and is built on collaboration with their mothers. I will advocate for transforming the valuable lessons and successful practices from the Omama program, as well as those of other similar initiatives, to be reflected into formal government policies. <\/p>\n              <div class=\"author-box\">\n                <div class=\"author-image\"><picture><source media=\"(min-width: 0px) and (max-width: 767px)\" srcset=\"https:\/\/cestavon.sk\/wp-content\/uploads\/2023\/01\/Zuzana-Caputova-circle-228x228.png\"><source media=\"(min-width: 768px) and (max-width: 1023px)\" srcset=\"https:\/\/cestavon.sk\/wp-content\/uploads\/2023\/01\/Zuzana-Caputova-circle-228x228.png\"><source media=\"(min-width: 1024px) and (max-width: 1439px)\" srcset=\"https:\/\/cestavon.sk\/wp-content\/uploads\/2023\/01\/Zuzana-Caputova-circle-228x228.png\"><img decoding=\"async\" style=\"border-radius: 0px;\" src=\"https:\/\/cestavon.sk\/wp-content\/uploads\/2023\/01\/Zuzana-Caputova-circle-228x228.png\"><\/picture><\/div>                <div class=\"author-content\">\n                  <p class=\"small\">Zuzana \u010caputov\u00e1<\/p>\n                  <span class=\"caption\">President of the Slovak Republic<\/span>\n                <\/div>\n              <\/div>\n            <\/div>\n          <\/div>\n                            <\/div>\n        <div class=\"quote-mark mark-last\"><\/div>\n                <div class=\"keen-arrows\" style=\"display: none;\" for=\"testimonials-slider-wrapper6a09d586c25da\" >\n    <div class=\"keen-arrow left\"><<\/div> \n    <div class=\"keen-arrow right\">><\/div> \n<\/div>                      <\/div>\n    <\/div>\n  <\/div>\n<\/section>\n\n\n<div style=\"height: 90px;\" class=\"component-spacer-d \"><\/div>\n<div style=\"height: 40px;\" class=\"component-spacer-m \"><\/div>\n\n\n<section class=\"inoby-posts-selection\">\n  <div class=\"posts-wrap\">\n    <div class=\"container\">\n      <div class=\"row\">\n        <div class=\"col-12\">\n          <h2 class=\"heading\">News and articles<\/h2>        <\/div>\n      <\/div>\n      <div class=\"row\">\n                <div class=\"col-12\">\n          <div\n            class=\"inoby-posts-slider\" id=\"posts-slider-wrapper6a09d586c3224\" data-infinite=\"0\" data-slides=\"3\" data-automatic=\"0\">\n            <div class=\"posts-slider\">\n              <div class=\"posts-slider-wrap\">\n                <div class=\"post-card\" onclick=\"window.location.href='https:\/\/cestavon.sk\/preco-najchudobnejsi-nepracuju\/'\">\n      <img decoding=\"async\" src=\"https:\/\/cestavon.sk\/wp-content\/uploads\/2023\/02\/omama_236-683x683.jpg\" alt=\"Pre\u010do najchudobnej\u0161\u00ed nepracuj\u00fa\">\n    <a href=\"https:\/\/cestavon.sk\/preco-najchudobnejsi-nepracuju\/\" class=\"post-card-content\">\n    <div class=\"content\">\n      <div class=\"info\">\n                <span class=\"category\">\n          Zamestnanie        <\/span>\n                <time class=\"date\" datetime=\"2022-10-31 15:24:50\">\n          31.10.2022        <\/time>\n      <\/div>\n      <h4 class=\"title\">\n        Pre\u010do najchudobnej\u0161\u00ed nepracuj\u00fa      <\/h4>\n      <p class=\"excerpt\">\n        Pre\u010do by sme na nich mali prispieva\u0165? Nech za\u010dn\u00fa robi\u0165,\u201c hovoria mnoh\u00ed. Ozaj&#8230;      <\/p>\n    <\/div>\n  <\/a>\n<\/div><div class=\"post-card\" onclick=\"window.location.href='https:\/\/cestavon.sk\/muz-ktory-vracia-ludom-bez-domova-zrak-pomaha-aj-rodinam-v-projekte-omama\/'\">\n      <img decoding=\"async\" src=\"https:\/\/cestavon.sk\/wp-content\/uploads\/2023\/03\/Marosove-okuliare-683x683.jpg\" alt=\"Mu\u017e, ktor\u00fd vracia \u013eu\u010fom bez domova zrak, pom\u00e1ha aj rodin\u00e1m v programe Omama\">\n    <a href=\"https:\/\/cestavon.sk\/muz-ktory-vracia-ludom-bez-domova-zrak-pomaha-aj-rodinam-v-projekte-omama\/\" class=\"post-card-content\">\n    <div class=\"content\">\n      <div class=\"info\">\n                <span class=\"category\">\n          Nen\u00e1padn\u00ed hrdinovia        <\/span>\n                <time class=\"date\" datetime=\"2023-03-02 16:05:23\">\n          02.03.2023        <\/time>\n      <\/div>\n      <h4 class=\"title\">\n        Mu\u017e, ktor\u00fd vracia \u013eu\u010fom bez domova zrak, pom\u00e1ha aj rodin\u00e1m v programe Omama      <\/h4>\n      <p class=\"excerpt\">\n        Aj medzi nami \u017eij\u00fa nen\u00e1padn\u00ed hrdinovia. Maro\u0161 Sloboda pracuje v malej rodinnej optike v Dunajskej Strede. U\u017e 15 rokov vyr\u00e1ba zdarma okuliare pre \u013eud\u00ed, ktor\u00ed pri\u0161li o strechu nad hlavou a skon\u010dili na ulici alebo v zariaden\u00ed pre \u013eud\u00ed bez domova.      <\/p>\n    <\/div>\n  <\/a>\n<\/div><div class=\"post-card\" onclick=\"window.location.href='https:\/\/cestavon.sk\/cesta-von-dokumentarny-film\/'\">\n      <img decoding=\"async\" src=\"https:\/\/cestavon.sk\/wp-content\/uploads\/2023\/04\/film-Cesta-von-screenshot-2-683x683.jpg\" alt=\"Cesta von &#8211; dokument\u00e1rny film\">\n    <a href=\"https:\/\/cestavon.sk\/cesta-von-dokumentarny-film\/\" class=\"post-card-content\">\n    <div class=\"content\">\n      <div class=\"info\">\n                <span class=\"category\">\n          Vzdel\u00e1vanie        <\/span>\n                <span class=\"category\">\n          Zamestnanie        <\/span>\n                <time class=\"date\" datetime=\"2023-04-25 12:04:04\">\n          25.04.2023        <\/time>\n      <\/div>\n      <h4 class=\"title\">\n        Cesta von &#8211; dokument\u00e1rny film      <\/h4>\n      <p class=\"excerpt\">\n        Cesta von je autorsk\u00fd dokument\u00e1rny film, ktor\u00fd cez siln\u00fd  pr\u00edbeh charizmatickej omamy Alexandry Gin\u030covej a jej koleg\u00fdn\u030c, om\u00e1m Vierky Kov\u00e1c\u030covej a Ingrid Ferencovej,  rozpr\u00e1va o boji r\u00f3mskych \u017eien proti generac\u030cnej chudobe v segregovanej r\u00f3mskej osade pri Zborove.      <\/p>\n    <\/div>\n  <\/a>\n<\/div>              <\/div>\n              <div class=\"slider-actions\">\n                <div class=\"keen-arrows\" style=\"display: none;\" for=\"posts-slider-wrapper6a09d586c3224\" >\n    <div class=\"keen-arrow left\"><<\/div> \n    <div class=\"keen-arrow right\">><\/div> \n<\/div><a class=\"button\" href=\"\/blog\">View blog<\/a>              <\/div>\n            <\/div>\n          <\/div>\n        <\/div>\n              <\/div>\n    <\/div>\n  <\/div>\n<\/section>\n","protected":false},"excerpt":{"rendered":"","protected":false},"author":1,"featured_media":0,"parent":0,"menu_order":0,"comment_status":"closed","ping_status":"closed","template":"","meta":{"inline_featured_image":false,"footnotes":""},"class_list":["post-5350","page","type-page","status-publish","hentry"],"yoast_head":"<!-- This site is optimized with the Yoast SEO plugin v24.2 - https:\/\/yoast.com\/wordpress\/plugins\/seo\/ -->\n<title>What is the impact of the OMAMA program<\/title>\n<meta name=\"robots\" content=\"index, follow, max-snippet:-1, max-image-preview:large, max-video-preview:-1\" \/>\n<link rel=\"canonical\" href=\"https:\/\/cestavon.sk\/en\/impact\/\" \/>\n<meta property=\"og:locale\" content=\"en_US\" \/>\n<meta property=\"og:type\" content=\"article\" \/>\n<meta property=\"og:title\" content=\"What is the impact of the OMAMA program\" \/>\n<meta property=\"og:url\" content=\"https:\/\/cestavon.sk\/en\/impact\/\" \/>\n<meta property=\"og:site_name\" content=\"Cesta von\" \/>\n<meta property=\"article:publisher\" content=\"https:\/\/www.facebook.com\/cestavon.sk\" \/>\n<meta property=\"article:modified_time\" content=\"2024-10-08T12:55:28+00:00\" \/>\n<meta name=\"twitter:card\" content=\"summary_large_image\" \/>\n<script type=\"application\/ld+json\" class=\"yoast-schema-graph\">{\"@context\":\"https:\/\/schema.org\",\"@graph\":[{\"@type\":\"WebPage\",\"@id\":\"https:\/\/cestavon.sk\/en\/impact\/\",\"url\":\"https:\/\/cestavon.sk\/en\/impact\/\",\"name\":\"What is the impact of the OMAMA program\",\"isPartOf\":{\"@id\":\"https:\/\/cestavon.sk\/en\/#website\"},\"datePublished\":\"2022-11-02T10:10:23+00:00\",\"dateModified\":\"2024-10-08T12:55:28+00:00\",\"breadcrumb\":{\"@id\":\"https:\/\/cestavon.sk\/en\/impact\/#breadcrumb\"},\"inLanguage\":\"en-US\",\"potentialAction\":[{\"@type\":\"ReadAction\",\"target\":[\"https:\/\/cestavon.sk\/en\/impact\/\"]}]},{\"@type\":\"BreadcrumbList\",\"@id\":\"https:\/\/cestavon.sk\/en\/impact\/#breadcrumb\",\"itemListElement\":[{\"@type\":\"ListItem\",\"position\":1,\"name\":\"Domovsk\u00e1 str\u00e1nka\",\"item\":\"https:\/\/cestavon.sk\/en\/\"},{\"@type\":\"ListItem\",\"position\":2,\"name\":\"Impact\"}]},{\"@type\":\"WebSite\",\"@id\":\"https:\/\/cestavon.sk\/en\/#website\",\"url\":\"https:\/\/cestavon.sk\/en\/\",\"name\":\"Cesta von\",\"description\":\"Pom\u00f4\u017ete n\u00e1m p\u00edsa\u0165 pr\u00edbehy so \u0161\u0165astn\u00fdm koncom\",\"publisher\":{\"@id\":\"https:\/\/cestavon.sk\/en\/#organization\"},\"potentialAction\":[{\"@type\":\"SearchAction\",\"target\":{\"@type\":\"EntryPoint\",\"urlTemplate\":\"https:\/\/cestavon.sk\/en\/?s={search_term_string}\"},\"query-input\":{\"@type\":\"PropertyValueSpecification\",\"valueRequired\":true,\"valueName\":\"search_term_string\"}}],\"inLanguage\":\"en-US\"},{\"@type\":\"Organization\",\"@id\":\"https:\/\/cestavon.sk\/en\/#organization\",\"name\":\"Cesta von\",\"url\":\"https:\/\/cestavon.sk\/en\/\",\"logo\":{\"@type\":\"ImageObject\",\"inLanguage\":\"en-US\",\"@id\":\"https:\/\/cestavon.sk\/en\/#\/schema\/logo\/image\/\",\"url\":\"https:\/\/cestavon.sk\/wp-content\/uploads\/2023\/07\/LOGO_SIMPLE_MENTOL-03.png\",\"contentUrl\":\"https:\/\/cestavon.sk\/wp-content\/uploads\/2023\/07\/LOGO_SIMPLE_MENTOL-03.png\",\"width\":1182,\"height\":1182,\"caption\":\"Cesta von\"},\"image\":{\"@id\":\"https:\/\/cestavon.sk\/en\/#\/schema\/logo\/image\/\"},\"sameAs\":[\"https:\/\/www.facebook.com\/cestavon.sk\",\"https:\/\/www.instagram.com\/cestavon\/\",\"https:\/\/sk.linkedin.com\/company\/cesta-von\"]}]}<\/script>\n<!-- \/ Yoast SEO plugin. -->","yoast_head_json":{"title":"What is the impact of the OMAMA program","robots":{"index":"index","follow":"follow","max-snippet":"max-snippet:-1","max-image-preview":"max-image-preview:large","max-video-preview":"max-video-preview:-1"},"canonical":"https:\/\/cestavon.sk\/en\/impact\/","og_locale":"en_US","og_type":"article","og_title":"What is the impact of the OMAMA program","og_url":"https:\/\/cestavon.sk\/en\/impact\/","og_site_name":"Cesta von","article_publisher":"https:\/\/www.facebook.com\/cestavon.sk","article_modified_time":"2024-10-08T12:55:28+00:00","twitter_card":"summary_large_image","schema":{"@context":"https:\/\/schema.org","@graph":[{"@type":"WebPage","@id":"https:\/\/cestavon.sk\/en\/impact\/","url":"https:\/\/cestavon.sk\/en\/impact\/","name":"What is the impact of the OMAMA program","isPartOf":{"@id":"https:\/\/cestavon.sk\/en\/#website"},"datePublished":"2022-11-02T10:10:23+00:00","dateModified":"2024-10-08T12:55:28+00:00","breadcrumb":{"@id":"https:\/\/cestavon.sk\/en\/impact\/#breadcrumb"},"inLanguage":"en-US","potentialAction":[{"@type":"ReadAction","target":["https:\/\/cestavon.sk\/en\/impact\/"]}]},{"@type":"BreadcrumbList","@id":"https:\/\/cestavon.sk\/en\/impact\/#breadcrumb","itemListElement":[{"@type":"ListItem","position":1,"name":"Domovsk\u00e1 str\u00e1nka","item":"https:\/\/cestavon.sk\/en\/"},{"@type":"ListItem","position":2,"name":"Impact"}]},{"@type":"WebSite","@id":"https:\/\/cestavon.sk\/en\/#website","url":"https:\/\/cestavon.sk\/en\/","name":"Cesta von","description":"Pom\u00f4\u017ete n\u00e1m p\u00edsa\u0165 pr\u00edbehy so \u0161\u0165astn\u00fdm koncom","publisher":{"@id":"https:\/\/cestavon.sk\/en\/#organization"},"potentialAction":[{"@type":"SearchAction","target":{"@type":"EntryPoint","urlTemplate":"https:\/\/cestavon.sk\/en\/?s={search_term_string}"},"query-input":{"@type":"PropertyValueSpecification","valueRequired":true,"valueName":"search_term_string"}}],"inLanguage":"en-US"},{"@type":"Organization","@id":"https:\/\/cestavon.sk\/en\/#organization","name":"Cesta von","url":"https:\/\/cestavon.sk\/en\/","logo":{"@type":"ImageObject","inLanguage":"en-US","@id":"https:\/\/cestavon.sk\/en\/#\/schema\/logo\/image\/","url":"https:\/\/cestavon.sk\/wp-content\/uploads\/2023\/07\/LOGO_SIMPLE_MENTOL-03.png","contentUrl":"https:\/\/cestavon.sk\/wp-content\/uploads\/2023\/07\/LOGO_SIMPLE_MENTOL-03.png","width":1182,"height":1182,"caption":"Cesta von"},"image":{"@id":"https:\/\/cestavon.sk\/en\/#\/schema\/logo\/image\/"},"sameAs":["https:\/\/www.facebook.com\/cestavon.sk","https:\/\/www.instagram.com\/cestavon\/","https:\/\/sk.linkedin.com\/company\/cesta-von"]}]}},"_links":{"self":[{"href":"https:\/\/cestavon.sk\/en\/wp-json\/wp\/v2\/pages\/5350","targetHints":{"allow":["GET"]}}],"collection":[{"href":"https:\/\/cestavon.sk\/en\/wp-json\/wp\/v2\/pages"}],"about":[{"href":"https:\/\/cestavon.sk\/en\/wp-json\/wp\/v2\/types\/page"}],"author":[{"embeddable":true,"href":"https:\/\/cestavon.sk\/en\/wp-json\/wp\/v2\/users\/1"}],"replies":[{"embeddable":true,"href":"https:\/\/cestavon.sk\/en\/wp-json\/wp\/v2\/comments?post=5350"}],"version-history":[{"count":7,"href":"https:\/\/cestavon.sk\/en\/wp-json\/wp\/v2\/pages\/5350\/revisions"}],"predecessor-version":[{"id":6220,"href":"https:\/\/cestavon.sk\/en\/wp-json\/wp\/v2\/pages\/5350\/revisions\/6220"}],"wp:attachment":[{"href":"https:\/\/cestavon.sk\/en\/wp-json\/wp\/v2\/media?parent=5350"}],"curies":[{"name":"wp","href":"https:\/\/api.w.org\/{rel}","templated":true}]}}