{"id":5469,"date":"2022-10-17T11:17:49","date_gmt":"2022-10-17T09:17:49","guid":{"rendered":"https:\/\/cestavon.sk\/about-us\/"},"modified":"2024-06-05T10:38:12","modified_gmt":"2024-06-05T08:38:12","slug":"about-us","status":"publish","type":"page","link":"https:\/\/cestavon.sk\/en\/about-us\/","title":{"rendered":"About us"},"content":{"rendered":"<div style=\"height: 108px;\" class=\"component-spacer-d bg-fill-light\"><\/div>\n<div style=\"height: 54px;\" class=\"component-spacer-m bg-fill-light\"><\/div>\n\n\n<section class=\"text bg-fill-light\">\n  <div class=\"container\">\n    <div class=\"row\">\n      <div class=\"col-12 text-wrap\">\n        <h1 style=\"text-align: center;color: #0d214d;max-width:880px;margin: 0 auto;\">We are only as strong as we can help the weakest<\/h1>      <\/div>\n    <\/div>\n  <\/div>\n<\/section>\n\n\n<div style=\"height: 80px;\" class=\"component-spacer-d bg-fill-light\"><\/div>\n<div style=\"height: 40px;\" class=\"component-spacer-m bg-fill-light\"><\/div>\n\n\n<section class=\"image-component bg-fill-light\">\n  <div class=\"container\">\n    <div class=\"row\" style=\"justify-content: center;\">\n      <div class=\"col-12 col-md-12 image-wrap\">\n        <picture><source media=\"(min-width: 0px) and (max-width: 767px)\" srcset=\"https:\/\/cestavon.sk\/wp-content\/uploads\/2023\/01\/CESTA-VON_KALENDAR_FAREBNE-81-1366x910.jpg\"><source media=\"(min-width: 768px) and (max-width: 1023px)\" srcset=\"https:\/\/cestavon.sk\/wp-content\/uploads\/2023\/01\/CESTA-VON_KALENDAR_FAREBNE-81-1366x910.jpg\"><source media=\"(min-width: 1024px) and (max-width: 1439px)\" srcset=\"https:\/\/cestavon.sk\/wp-content\/uploads\/2023\/01\/CESTA-VON_KALENDAR_FAREBNE-81-1366x910.jpg\"><img decoding=\"async\" style=\"border-radius: px;\" src=\"https:\/\/cestavon.sk\/wp-content\/uploads\/2023\/01\/CESTA-VON_KALENDAR_FAREBNE-81-1366x910.jpg\"><\/picture>      <\/div>\n    <\/div>\n  <\/div>\n<\/section>\n\n\n<div style=\"height: 90px;\" class=\"component-spacer-d \"><\/div>\n\n\n  <div class=\"inoby-img-with-text \">\n    <div class=\"container\">\n      <div class=\"row left\">\n        <div class=\"col-12\">\n          <div class=\"img-with-text-wrap left\">\n            <div class=\"img-wrap\">\n              <picture><img decoding=\"async\" style=\"border-radius: 0px;\" src=\"https:\/\/cestavon.sk\/wp-content\/uploads\/2023\/01\/CESTA-VON_KALENDAR_FAREBNE-20-455x607.jpg\"><\/picture>            <\/div>\n            <div class=\"content-wrap\">\n              <div class=\"text-wrap\">\n                <p><h2><span style=\"color: #0d214d;\">Our<\/span> <span style=\"color: #05a597;\">mission<\/span><\/h2>\n<p><span style=\"color: #0d214d;\">The mission of the Cesta von association is to help people stuck in poverty to stand on their own feet, get a job and a dignified life.<\/span><\/p>\n<p>&nbsp;<\/p>\n<p><span style=\"color: #0d214d;\">We fulfill it through programs dedicated to children at an early age, young people and adults. <\/span><\/p>\n<p>&nbsp;<\/p><\/p>              <\/div>\n              <div class=\"button-wrap\">\n                              <\/div>\n            <\/div>\n          <\/div>\n        <\/div>\n      <\/div>\n    <\/div>\n  <\/div>\n\n\n<div style=\"height: 70px;\" class=\"component-spacer-d \"><\/div>\n<div style=\"height: 35px;\" class=\"component-spacer-m \"><\/div>\n\n\n  <div class=\"inoby-img-with-text \">\n    <div class=\"container\">\n      <div class=\"row right\">\n        <div class=\"col-12\">\n          <div class=\"img-with-text-wrap right\">\n            <div class=\"img-wrap\">\n              <picture><img decoding=\"async\" style=\"border-radius: 0px;\" src=\"https:\/\/cestavon.sk\/wp-content\/uploads\/2023\/01\/JAK3752-455x607.jpg\"><\/picture>            <\/div>\n            <div class=\"content-wrap\">\n              <div class=\"text-wrap\">\n                <p><h2><span style=\"color: #05a597;\">What are we doing<\/span><\/h2>\n<p><span style=\"color: #0d214d;\">We develop the potential, knowledge, skills and attitudes of socially dependent people from early childhood to old age so that they can improve their personal, social, spiritual and material resources. The association&#8217;s activities include consulting, educational, social and publishing activities, international cooperation and organizing events that help achieve the stated goal.<\/span><\/p><\/p>              <\/div>\n              <div class=\"button-wrap\">\n                              <\/div>\n            <\/div>\n          <\/div>\n        <\/div>\n      <\/div>\n    <\/div>\n  <\/div>\n\n\n<div style=\"height: 70px;\" class=\"component-spacer-d \"><\/div>\n<div style=\"height: 35px;\" class=\"component-spacer-m \"><\/div>\n\n\n<div style=\"height: 70px;\" class=\"component-spacer-d bg-fill-light\"><\/div>\n<div style=\"height: 35px;\" class=\"component-spacer-m bg-fill-light\"><\/div>\n\n\n<section class=\"text bg-fill-light\">\n  <div class=\"container\">\n    <div class=\"row\">\n      <div class=\"col-12 text-wrap\">\n        <h1 style=\"color: #0d214d;\">Our <color>values<color><\/h1>      <\/div>\n    <\/div>\n  <\/div>\n<\/section>\n\n\n<section class=\"icon-boxes bg-fill-light inverse-boxes\">\n  <div class=\"container\">\n    <div class=\"row\">\n      <div class=\"col-12\">\n        <div class=\"icon-box-wrap g-col-sm-1 g-col-lg-3 g-col-3\">\n                        <div class=\"icon-box \">\n                <picture><img decoding=\"async\" style=\"border-radius: 0px;\" src=\"https:\/\/cestavon.sk\/wp-content\/uploads\/2022\/10\/icon-heart.svg\"><\/picture><h2>Strengthening<\/h2><p>Take initiative and responsibility for yourself and lead others to do the same.<\/p>              <\/div>\n                          <div class=\"icon-box \">\n                <picture><img decoding=\"async\" style=\"border-radius: 0px;\" src=\"https:\/\/cestavon.sk\/wp-content\/uploads\/2022\/10\/icon-heart.svg\"><\/picture><h2>Credibility<\/h2><p>Play fair, keep your word.<\/p>              <\/div>\n                          <div class=\"icon-box \">\n                <picture><img decoding=\"async\" style=\"border-radius: 0px;\" src=\"https:\/\/cestavon.sk\/wp-content\/uploads\/2022\/10\/icon-heart.svg\"><\/picture><h2>Reliability<\/h2><p>Get the job done and give at least a little more than you need.<\/p>              <\/div>\n                          <div class=\"icon-box \">\n                <picture><img decoding=\"async\" style=\"border-radius: 0px;\" src=\"https:\/\/cestavon.sk\/wp-content\/uploads\/2022\/10\/icon-heart.svg\"><\/picture><h2>Cooperation<\/h2><p>Connect, support the team, help and ask for help.<\/p>              <\/div>\n                          <div class=\"icon-box \">\n                <picture><img decoding=\"async\" style=\"border-radius: 0px;\" src=\"https:\/\/cestavon.sk\/wp-content\/uploads\/2022\/10\/icon-heart.svg\"><\/picture><h2>Friendship<\/h2><p>Be empathetic and humane, build and maintain relationships, respect others.<\/p>              <\/div>\n                          <div class=\"icon-box \">\n                <picture><img decoding=\"async\" style=\"border-radius: 0px;\" src=\"https:\/\/cestavon.sk\/wp-content\/uploads\/2022\/10\/icon-heart.svg\"><\/picture><h2>Innovativeness<\/h2><p>Don&#8217;t be afraid of changes and look for original ways.<\/p>              <\/div>\n                          <div class=\"icon-box \">\n                <picture><img decoding=\"async\" style=\"border-radius: 0px;\" src=\"https:\/\/cestavon.sk\/wp-content\/uploads\/2022\/10\/icon-heart.svg\"><\/picture><h2>Growth<\/h2><p>Always learn, educate, work on yourself.<\/p>              <\/div>\n                          <div class=\"icon-box  highlight \">\n                <h2>Zapojte va\u0161u obec do programu Omama<\/h2><a href=\"\/zapoj-obec\/\">Nap\u00ed\u0161te n\u00e1m o va\u0161ej obci<\/a>              <\/div>\n                          <div class=\"icon-box  highlight \">\n                <h2>Sta\u0148te sa omamou vo va\u0161ej obci<\/h2><a href=\"\/stan-sa-omamou\/\">Dajte n\u00e1m o sebe vedie\u0165<\/a>              <\/div>\n                    <\/div>\n      <\/div>\n    <\/div>\n  <\/div>\n<\/section>\n\n\n<section class=\"text \">\n  <div class=\"container\">\n    <div class=\"row\">\n      <div class=\"col-12 text-wrap\">\n        <h2 style=\"text-align: left;color: #0d214d;\">Annual reports<\/h2>      <\/div>\n    <\/div>\n  <\/div>\n<\/section>\n\n\n<section class=\"component-downloads \">\n  <div class=\"container\">\n    <div class=\"row\">\n      <div class=\"col-12\">\n        <div class=\"downloads-wrap\">\n                    <div class=\"download-item\">\n            <h5>2022<\/h5><a target=\"_blank\" class=\"download-link\" href=\"https:\/\/cestavon.sk\/wp-content\/uploads\/2023\/06\/Auditorska-sprava_UZsVS_Cesta-von_2022.pdf\">2022 Spr\u00e1va aud\u00edtora<\/a><a target=\"_blank\" class=\"download-link\" href=\"https:\/\/cestavon.sk\/wp-content\/uploads\/2023\/07\/CV_Vyrocna_sprava_2022_EN_WEB.pdf\">\u010eakovn\u00e1 spr\u00e1va 2022_EN<\/a>          <\/div>\n                    <div class=\"download-item\">\n            <h5>2021<\/h5><a target=\"_blank\" class=\"download-link\" href=\"https:\/\/cestavon.sk\/wp-content\/uploads\/2023\/05\/2021-audit.pdf\">2021 Spr\u00e1va aud\u00edtora<\/a><a target=\"_blank\" class=\"download-link\" href=\"https:\/\/cestavon.sk\/wp-content\/uploads\/2023\/07\/CV_GRATITUDE_REPORT_2021_EN.pdf\">\u010eakovn\u00e1 spr\u00e1va 2021_EN<\/a>          <\/div>\n                    <div class=\"download-item\">\n            <h5>2020<\/h5><a target=\"_blank\" class=\"download-link\" href=\"https:\/\/cestavon.sk\/wp-content\/uploads\/2023\/05\/2020-audit.pdf\">2020 Spr\u00e1va aud\u00edtora<\/a><a target=\"_blank\" class=\"download-link\" href=\"https:\/\/cestavon.sk\/wp-content\/uploads\/2023\/07\/CV_Vyrocna_sprava_2020_EN_WEB.pdf\">\u010eakovn\u00e1 spr\u00e1va 2020_EN<\/a>          <\/div>\n                    <div class=\"download-item\">\n            <h5>2019<\/h5><a target=\"_blank\" class=\"download-link\" href=\"https:\/\/cestavon.sk\/wp-content\/uploads\/2023\/05\/2019-audit.pdf\">2019 Spr\u00e1va aud\u00edtora<\/a><a target=\"_blank\" class=\"download-link\" href=\"https:\/\/cestavon.sk\/wp-content\/uploads\/2023\/07\/Cesta-von_Gratitude-Report_2019.pdf\">\u010eakovn\u00e1 spr\u00e1va 2019_EN<\/a>          <\/div>\n                    <div class=\"download-item\">\n            <h5>2018<\/h5><a target=\"_blank\" class=\"download-link\" href=\"https:\/\/cestavon.sk\/wp-content\/uploads\/2023\/05\/2018-audit.pdf\">2018 Spr\u00e1va aud\u00edtora<\/a><a target=\"_blank\" class=\"download-link\" href=\"https:\/\/cestavon.sk\/wp-content\/uploads\/2023\/07\/Gratitude-Report_Cesta_von_2018_final.pdf\">\u010eakovn\u00e1 spr\u00e1va 2018_EN<\/a>          <\/div>\n                  <\/div>\n      <\/div>\n    <\/div>\n  <\/div>\n<\/section>\n\n\n<div style=\"height: 32px;\" class=\"component-spacer-d \"><\/div>\n<div style=\"height: 32px;\" class=\"component-spacer-m \"><\/div>\n\n\n<div style=\"height: 120px;\" class=\"component-spacer-d \"><\/div>\n<div style=\"height: 60px;\" class=\"component-spacer-m \"><\/div>\n\n\n<section class=\"inoby-posts-selection\">\n  <div class=\"posts-wrap\">\n    <div class=\"container\">\n      <div class=\"row\">\n        <div class=\"col-12\">\n          <h2 class=\"heading\">News and articles<\/h2>        <\/div>\n      <\/div>\n      <div class=\"row\">\n                <div class=\"col-12\">\n          <div\n            class=\"inoby-posts-slider\" id=\"posts-slider-wrapper69ec1299e2dd9\" data-infinite=\"0\" data-slides=\"3\" data-automatic=\"0\">\n            <div class=\"posts-slider\">\n              <div class=\"posts-slider-wrap\">\n                <div class=\"post-card\" onclick=\"window.location.href='https:\/\/cestavon.sk\/preco-najchudobnejsi-nepracuju\/'\">\n      <img decoding=\"async\" src=\"https:\/\/cestavon.sk\/wp-content\/uploads\/2023\/02\/omama_236-683x683.jpg\" alt=\"Pre\u010do najchudobnej\u0161\u00ed nepracuj\u00fa\">\n    <a href=\"https:\/\/cestavon.sk\/preco-najchudobnejsi-nepracuju\/\" class=\"post-card-content\">\n    <div class=\"content\">\n      <div class=\"info\">\n                <span class=\"category\">\n          Zamestnanie        <\/span>\n                <time class=\"date\" datetime=\"2022-10-31 15:24:50\">\n          31.10.2022        <\/time>\n      <\/div>\n      <h4 class=\"title\">\n        Pre\u010do najchudobnej\u0161\u00ed nepracuj\u00fa      <\/h4>\n      <p class=\"excerpt\">\n        Pre\u010do by sme na nich mali prispieva\u0165? Nech za\u010dn\u00fa robi\u0165,\u201c hovoria mnoh\u00ed. Ozaj&#8230;      <\/p>\n    <\/div>\n  <\/a>\n<\/div><div class=\"post-card\" onclick=\"window.location.href='https:\/\/cestavon.sk\/cesta-von-dokumentarny-film\/'\">\n      <img decoding=\"async\" src=\"https:\/\/cestavon.sk\/wp-content\/uploads\/2023\/04\/film-Cesta-von-screenshot-2-683x683.jpg\" alt=\"Cesta von &#8211; dokument\u00e1rny film\">\n    <a href=\"https:\/\/cestavon.sk\/cesta-von-dokumentarny-film\/\" class=\"post-card-content\">\n    <div class=\"content\">\n      <div class=\"info\">\n                <span class=\"category\">\n          Vzdel\u00e1vanie        <\/span>\n                <span class=\"category\">\n          Zamestnanie        <\/span>\n                <time class=\"date\" datetime=\"2023-04-25 12:04:04\">\n          25.04.2023        <\/time>\n      <\/div>\n      <h4 class=\"title\">\n        Cesta von &#8211; dokument\u00e1rny film      <\/h4>\n      <p class=\"excerpt\">\n        Cesta von je autorsk\u00fd dokument\u00e1rny film, ktor\u00fd cez siln\u00fd  pr\u00edbeh charizmatickej omamy Alexandry Gin\u030covej a jej koleg\u00fdn\u030c, om\u00e1m Vierky Kov\u00e1c\u030covej a Ingrid Ferencovej,  rozpr\u00e1va o boji r\u00f3mskych \u017eien proti generac\u030cnej chudobe v segregovanej r\u00f3mskej osade pri Zborove.      <\/p>\n    <\/div>\n  <\/a>\n<\/div><div class=\"post-card\" onclick=\"window.location.href='https:\/\/cestavon.sk\/ako-byt-dobrym-ucitelom-deti-z-chudobnej-osady\/'\">\n      <img decoding=\"async\" src=\"https:\/\/cestavon.sk\/wp-content\/uploads\/2023\/04\/20181220_103938-683x683.jpg\" alt=\"Monika Podolinsk\u00e1 o tom, ako by\u0165 dobr\u00fdm u\u010dite\u013eom det\u00ed z chudobnej osady\">\n    <a href=\"https:\/\/cestavon.sk\/ako-byt-dobrym-ucitelom-deti-z-chudobnej-osady\/\" class=\"post-card-content\">\n    <div class=\"content\">\n      <div class=\"info\">\n                <span class=\"category\">\n          Vzdel\u00e1vanie        <\/span>\n                <time class=\"date\" datetime=\"2023-04-24 17:38:20\">\n          24.04.2023        <\/time>\n      <\/div>\n      <h4 class=\"title\">\n        Monika Podolinsk\u00e1 o tom, ako by\u0165 dobr\u00fdm u\u010dite\u013eom det\u00ed z chudobnej osady      <\/h4>\n      <p class=\"excerpt\">\n        Monika Podolinsk\u00e1 je u\u010dite\u013ekou 1. stup\u0148a na Z\u00e1kladnej \u0161kole v Mur\u00e1nskej Dlhej L\u00fake. Pomohla z\u00e1rove\u0148 v miestnej komunite rozbehn\u00fa\u0165 program Omama a omamu Ivetku.      <\/p>\n    <\/div>\n  <\/a>\n<\/div><div class=\"post-card\" onclick=\"window.location.href='https:\/\/cestavon.sk\/muz-ktory-vracia-ludom-bez-domova-zrak-pomaha-aj-rodinam-v-projekte-omama\/'\">\n      <img decoding=\"async\" src=\"https:\/\/cestavon.sk\/wp-content\/uploads\/2023\/03\/Marosove-okuliare-683x683.jpg\" alt=\"Mu\u017e, ktor\u00fd vracia \u013eu\u010fom bez domova zrak, pom\u00e1ha aj rodin\u00e1m v programe Omama\">\n    <a href=\"https:\/\/cestavon.sk\/muz-ktory-vracia-ludom-bez-domova-zrak-pomaha-aj-rodinam-v-projekte-omama\/\" class=\"post-card-content\">\n    <div class=\"content\">\n      <div class=\"info\">\n                <span class=\"category\">\n          Nen\u00e1padn\u00ed hrdinovia        <\/span>\n                <time class=\"date\" datetime=\"2023-03-02 16:05:23\">\n          02.03.2023        <\/time>\n      <\/div>\n      <h4 class=\"title\">\n        Mu\u017e, ktor\u00fd vracia \u013eu\u010fom bez domova zrak, pom\u00e1ha aj rodin\u00e1m v programe Omama      <\/h4>\n      <p class=\"excerpt\">\n        Aj medzi nami \u017eij\u00fa nen\u00e1padn\u00ed hrdinovia. Maro\u0161 Sloboda pracuje v malej rodinnej optike v Dunajskej Strede. U\u017e 15 rokov vyr\u00e1ba zdarma okuliare pre \u013eud\u00ed, ktor\u00ed pri\u0161li o strechu nad hlavou a skon\u010dili na ulici alebo v zariaden\u00ed pre \u013eud\u00ed bez domova.      <\/p>\n    <\/div>\n  <\/a>\n<\/div>              <\/div>\n              <div class=\"slider-actions\">\n                <div class=\"keen-arrows\" style=\"display: none;\" for=\"posts-slider-wrapper69ec1299e2dd9\" >\n    <div class=\"keen-arrow left\"><<\/div> \n    <div class=\"keen-arrow right\">><\/div> \n<\/div><a class=\"button\" href=\"\/blog\">View blog<\/a>              <\/div>\n            <\/div>\n          <\/div>\n        <\/div>\n              <\/div>\n    <\/div>\n  <\/div>\n<\/section>\n","protected":false},"excerpt":{"rendered":"","protected":false},"author":1,"featured_media":0,"parent":0,"menu_order":0,"comment_status":"closed","ping_status":"closed","template":"","meta":{"inline_featured_image":false,"footnotes":""},"class_list":["post-5469","page","type-page","status-publish","hentry"],"yoast_head":"<!-- This site is optimized with the Yoast SEO plugin v24.2 - https:\/\/yoast.com\/wordpress\/plugins\/seo\/ -->\n<title>About us - Cesta von<\/title>\n<meta name=\"robots\" content=\"index, follow, max-snippet:-1, max-image-preview:large, max-video-preview:-1\" \/>\n<link rel=\"canonical\" href=\"https:\/\/cestavon.sk\/en\/about-us\/\" \/>\n<meta property=\"og:locale\" content=\"en_US\" \/>\n<meta property=\"og:type\" content=\"article\" \/>\n<meta property=\"og:title\" content=\"About us - Cesta von\" \/>\n<meta property=\"og:url\" content=\"https:\/\/cestavon.sk\/en\/about-us\/\" \/>\n<meta property=\"og:site_name\" content=\"Cesta von\" \/>\n<meta property=\"article:publisher\" content=\"https:\/\/www.facebook.com\/cestavon.sk\" \/>\n<meta property=\"article:modified_time\" content=\"2024-06-05T08:38:12+00:00\" \/>\n<meta name=\"twitter:card\" content=\"summary_large_image\" \/>\n<script type=\"application\/ld+json\" class=\"yoast-schema-graph\">{\"@context\":\"https:\/\/schema.org\",\"@graph\":[{\"@type\":\"WebPage\",\"@id\":\"https:\/\/cestavon.sk\/en\/about-us\/\",\"url\":\"https:\/\/cestavon.sk\/en\/about-us\/\",\"name\":\"About us - Cesta von\",\"isPartOf\":{\"@id\":\"https:\/\/cestavon.sk\/en\/#website\"},\"datePublished\":\"2022-10-17T09:17:49+00:00\",\"dateModified\":\"2024-06-05T08:38:12+00:00\",\"breadcrumb\":{\"@id\":\"https:\/\/cestavon.sk\/en\/about-us\/#breadcrumb\"},\"inLanguage\":\"en-US\",\"potentialAction\":[{\"@type\":\"ReadAction\",\"target\":[\"https:\/\/cestavon.sk\/en\/about-us\/\"]}]},{\"@type\":\"BreadcrumbList\",\"@id\":\"https:\/\/cestavon.sk\/en\/about-us\/#breadcrumb\",\"itemListElement\":[{\"@type\":\"ListItem\",\"position\":1,\"name\":\"Domovsk\u00e1 str\u00e1nka\",\"item\":\"https:\/\/cestavon.sk\/en\/\"},{\"@type\":\"ListItem\",\"position\":2,\"name\":\"About us\"}]},{\"@type\":\"WebSite\",\"@id\":\"https:\/\/cestavon.sk\/en\/#website\",\"url\":\"https:\/\/cestavon.sk\/en\/\",\"name\":\"Cesta von\",\"description\":\"Pom\u00f4\u017ete n\u00e1m p\u00edsa\u0165 pr\u00edbehy so \u0161\u0165astn\u00fdm koncom\",\"publisher\":{\"@id\":\"https:\/\/cestavon.sk\/en\/#organization\"},\"potentialAction\":[{\"@type\":\"SearchAction\",\"target\":{\"@type\":\"EntryPoint\",\"urlTemplate\":\"https:\/\/cestavon.sk\/en\/?s={search_term_string}\"},\"query-input\":{\"@type\":\"PropertyValueSpecification\",\"valueRequired\":true,\"valueName\":\"search_term_string\"}}],\"inLanguage\":\"en-US\"},{\"@type\":\"Organization\",\"@id\":\"https:\/\/cestavon.sk\/en\/#organization\",\"name\":\"Cesta von\",\"url\":\"https:\/\/cestavon.sk\/en\/\",\"logo\":{\"@type\":\"ImageObject\",\"inLanguage\":\"en-US\",\"@id\":\"https:\/\/cestavon.sk\/en\/#\/schema\/logo\/image\/\",\"url\":\"https:\/\/cestavon.sk\/wp-content\/uploads\/2023\/07\/LOGO_SIMPLE_MENTOL-03.png\",\"contentUrl\":\"https:\/\/cestavon.sk\/wp-content\/uploads\/2023\/07\/LOGO_SIMPLE_MENTOL-03.png\",\"width\":1182,\"height\":1182,\"caption\":\"Cesta von\"},\"image\":{\"@id\":\"https:\/\/cestavon.sk\/en\/#\/schema\/logo\/image\/\"},\"sameAs\":[\"https:\/\/www.facebook.com\/cestavon.sk\",\"https:\/\/www.instagram.com\/cestavon\/\",\"https:\/\/sk.linkedin.com\/company\/cesta-von\"]}]}<\/script>\n<!-- \/ Yoast SEO plugin. -->","yoast_head_json":{"title":"About us - Cesta von","robots":{"index":"index","follow":"follow","max-snippet":"max-snippet:-1","max-image-preview":"max-image-preview:large","max-video-preview":"max-video-preview:-1"},"canonical":"https:\/\/cestavon.sk\/en\/about-us\/","og_locale":"en_US","og_type":"article","og_title":"About us - Cesta von","og_url":"https:\/\/cestavon.sk\/en\/about-us\/","og_site_name":"Cesta von","article_publisher":"https:\/\/www.facebook.com\/cestavon.sk","article_modified_time":"2024-06-05T08:38:12+00:00","twitter_card":"summary_large_image","schema":{"@context":"https:\/\/schema.org","@graph":[{"@type":"WebPage","@id":"https:\/\/cestavon.sk\/en\/about-us\/","url":"https:\/\/cestavon.sk\/en\/about-us\/","name":"About us - Cesta von","isPartOf":{"@id":"https:\/\/cestavon.sk\/en\/#website"},"datePublished":"2022-10-17T09:17:49+00:00","dateModified":"2024-06-05T08:38:12+00:00","breadcrumb":{"@id":"https:\/\/cestavon.sk\/en\/about-us\/#breadcrumb"},"inLanguage":"en-US","potentialAction":[{"@type":"ReadAction","target":["https:\/\/cestavon.sk\/en\/about-us\/"]}]},{"@type":"BreadcrumbList","@id":"https:\/\/cestavon.sk\/en\/about-us\/#breadcrumb","itemListElement":[{"@type":"ListItem","position":1,"name":"Domovsk\u00e1 str\u00e1nka","item":"https:\/\/cestavon.sk\/en\/"},{"@type":"ListItem","position":2,"name":"About us"}]},{"@type":"WebSite","@id":"https:\/\/cestavon.sk\/en\/#website","url":"https:\/\/cestavon.sk\/en\/","name":"Cesta von","description":"Pom\u00f4\u017ete n\u00e1m p\u00edsa\u0165 pr\u00edbehy so \u0161\u0165astn\u00fdm koncom","publisher":{"@id":"https:\/\/cestavon.sk\/en\/#organization"},"potentialAction":[{"@type":"SearchAction","target":{"@type":"EntryPoint","urlTemplate":"https:\/\/cestavon.sk\/en\/?s={search_term_string}"},"query-input":{"@type":"PropertyValueSpecification","valueRequired":true,"valueName":"search_term_string"}}],"inLanguage":"en-US"},{"@type":"Organization","@id":"https:\/\/cestavon.sk\/en\/#organization","name":"Cesta von","url":"https:\/\/cestavon.sk\/en\/","logo":{"@type":"ImageObject","inLanguage":"en-US","@id":"https:\/\/cestavon.sk\/en\/#\/schema\/logo\/image\/","url":"https:\/\/cestavon.sk\/wp-content\/uploads\/2023\/07\/LOGO_SIMPLE_MENTOL-03.png","contentUrl":"https:\/\/cestavon.sk\/wp-content\/uploads\/2023\/07\/LOGO_SIMPLE_MENTOL-03.png","width":1182,"height":1182,"caption":"Cesta von"},"image":{"@id":"https:\/\/cestavon.sk\/en\/#\/schema\/logo\/image\/"},"sameAs":["https:\/\/www.facebook.com\/cestavon.sk","https:\/\/www.instagram.com\/cestavon\/","https:\/\/sk.linkedin.com\/company\/cesta-von"]}]}},"_links":{"self":[{"href":"https:\/\/cestavon.sk\/en\/wp-json\/wp\/v2\/pages\/5469","targetHints":{"allow":["GET"]}}],"collection":[{"href":"https:\/\/cestavon.sk\/en\/wp-json\/wp\/v2\/pages"}],"about":[{"href":"https:\/\/cestavon.sk\/en\/wp-json\/wp\/v2\/types\/page"}],"author":[{"embeddable":true,"href":"https:\/\/cestavon.sk\/en\/wp-json\/wp\/v2\/users\/1"}],"replies":[{"embeddable":true,"href":"https:\/\/cestavon.sk\/en\/wp-json\/wp\/v2\/comments?post=5469"}],"version-history":[{"count":4,"href":"https:\/\/cestavon.sk\/en\/wp-json\/wp\/v2\/pages\/5469\/revisions"}],"predecessor-version":[{"id":5479,"href":"https:\/\/cestavon.sk\/en\/wp-json\/wp\/v2\/pages\/5469\/revisions\/5479"}],"wp:attachment":[{"href":"https:\/\/cestavon.sk\/en\/wp-json\/wp\/v2\/media?parent=5469"}],"curies":[{"name":"wp","href":"https:\/\/api.w.org\/{rel}","templated":true}]}}