{"id":5527,"date":"2022-11-02T11:36:24","date_gmt":"2022-11-02T10:36:24","guid":{"rendered":"https:\/\/cestavon.sk\/gain-immortality\/"},"modified":"2024-10-14T15:52:24","modified_gmt":"2024-10-14T13:52:24","slug":"gain-immortality","status":"publish","type":"page","link":"https:\/\/cestavon.sk\/en\/gain-immortality\/","title":{"rendered":"Make your values live on"},"content":{"rendered":"  <div class=\"inoby-img-with-text bg-fill-light\">\n    <div class=\"container\">\n      <div class=\"row right\">\n        <div class=\"col-12\">\n          <div class=\"img-with-text-wrap right\">\n            <div class=\"img-wrap\">\n              <picture><img decoding=\"async\" style=\"border-radius: 0px;\" src=\"https:\/\/cestavon.sk\/wp-content\/uploads\/2022\/11\/Cesta-von-co-robime-455x607.png\"><\/picture>            <\/div>\n            <div class=\"content-wrap\">\n              <div class=\"text-wrap\">\n                <p><h1><strong>Make your values live on<\/strong><\/h1>\r\n<p><span style=\"color: #0d214d;\"><span class=\"TextRun SCXW229042632 BCX0\" lang=\"SK-SK\" xml:lang=\"SK-SK\" data-contrast=\"none\"><span class=\"NormalTextRun SCXW229042632 BCX0\">Your inheritance or part of it can help future generations to get out of extreme poverty.<\/span> <span class=\"NormalTextRun SCXW229042632 BCX0\">You can give them back their chance,<\/span> <span class=\"NormalTextRun SCXW229042632 BCX0\">dreams<\/span> <span class=\"NormalTextRun SCXW229042632 BCX0\">and hope.<\/span> <span class=\"NormalTextRun SCXW229042632 BCX0\">You can<\/span> <span class=\"NormalTextRun SCXW229042632 BCX0\">change their<\/span> <span class=\"NormalTextRun SCXW229042632 BCX0\">life.<\/span><\/span> <\/span><\/p><\/p>              <\/div>\n              <div class=\"button-wrap\">\n                              <\/div>\n            <\/div>\n          <\/div>\n        <\/div>\n      <\/div>\n    <\/div>\n  <\/div>\n\n\n<div style=\"height: 140px;\" class=\"component-spacer-d \"><\/div>\n<div style=\"height: 70px;\" class=\"component-spacer-m \"><\/div>\n\n\n<section style=\"max-width: 770px; margin: 0 auto;\" class=\"component-group \">\n  \n<section class=\"text \">\n  <div class=\"container\">\n    <div class=\"row\">\n      <div class=\"col-12 text-wrap\">\n        <p style=\"color: #0d214d;\">It is common in the world for people to designate a smaller or larger part of their inheritance in their will for a chosen charitable purpose. It is the best way to leave a good mark and help even after death. It can be money, but also real estate or other assets, for example. It is an amazing opportunity to make the world a better place. <\/p>      <\/div>\n    <\/div>\n  <\/div>\n<\/section>\n\n\n\n\n<div style=\"height: 40px;\" class=\"component-spacer-d \"><\/div>\n<div style=\"height: 20px;\" class=\"component-spacer-m \"><\/div>\n\n\n<section class=\"text \">\n  <div class=\"container\">\n    <div class=\"row\">\n      <div class=\"col-12 text-wrap\">\n        <p style=\"\">Mrs. Zuzana, the first donor who decided to support grandmothers in her will, told us: &#8220;When I went to live abroad, I started from scratch and then a few people helped me to have a good new start. I feel it as a fair chance to pass it on and help others, to have a better start. \n \nI am a godmother of 4 times. The oldest godson is already a father, the youngest godson is 2 years old. I am very happy to be able to watch their development and I would very much like all children to have the same chances. A small thing for us, a huge support for some families. From the first second, I was an enthusiastic fan of this program and started thinking about how to help omamas. I take it as a fair chance to mention omamy in my will, to pass on something good that was given to me.&#8221; \n<\/p>      <\/div>\n    <\/div>\n  <\/div>\n<\/section>\n\n\n<div style=\"height: 80px;\" class=\"component-spacer-d \"><\/div>\n<div style=\"height: 35px;\" class=\"component-spacer-m \"><\/div>\n\n\n<section class=\"component-quote \">\n  <div class=\"container\">\n    <div class=\"row\">\n      <div class=\"col-12\">\n        <div class=\"quote-wrap\">\n          <blockquote class=\"quote-text\">I included the way out in my will. I really wish that even poor children have a better starting line in life. They didn&#8217;t choose where they were born. All of us who didn&#8217;t grow up poor took many things for granted. We don&#8217;t even realize how privileged we are. And I feel like a debtor, to give something away from those privileges. <\/blockquote><div class=\"autor-wrap\"><div class=\"autor-avatar\"><picture><img decoding=\"async\" style=\"border-radius: 0px;\" src=\"https:\/\/cestavon.sk\/wp-content\/uploads\/2023\/06\/Zuzka-Gehrig-modified-228x228.png\"><\/picture><\/div><div class=\"autor-info\"><p class=\"autor-name\">Zuzana Gehrig<\/p><p class=\"autor-desc\">scientific worker, nutritionist and sexologist, donor of the Way Out<\/p><\/div><\/div>        <\/div>\n      <\/div>\n    <\/div>\n  <\/div>\n<\/section>\n\n\n<div style=\"height: 80px;\" class=\"component-spacer-d \"><\/div>\n<div style=\"height: 35px;\" class=\"component-spacer-m \"><\/div>\n\n\n<section class=\"component-cta-box  light\">\n  <div class=\"container\">\n    <div class=\"row\">\n      <div class=\"col-12\">\n        <div class=\"cta-box switch-sides\">\n          <div class=\"cta-box-content\">\n            <h2>If you are thinking of including the Way Out in your will, contact Hela.<\/h2>\n            <p>Email: hela.hricova@cestavon.sk<\/p>\n                      <\/div>\n                    <div class=\"cta-box-image\"\n            style=\"background: center\/cover no-repeat url('https:\/\/cestavon.sk\/wp-content\/uploads\/2023\/05\/zavet-foto-683x910.jpg');\">\n          <\/div>\n                  <\/div>\n      <\/div>\n    <\/div>\n  <\/div>\n<\/section>\n\n\n<\/section>\n\n<div style=\"height: 100px;\" class=\"component-spacer-d \"><\/div>\n<div style=\"height: 50px;\" class=\"component-spacer-m \"><\/div>\n\n\n<section class=\"component-buttons\">\n  <div class=\"container\">\n    <div class=\"row\">\n      <div class=\"col-12 buttons-wrap fullwidth-mobile\"\n        style=\"justify-content: center;\">\n        <a href=\"http:\/\/zavetpomaha.cz\/pribehy-darcu\/\" target=\"_blank\" class=\"button\" style=\"margin: 0 0px 0px;\">Read the stories of donors who have given from a will <\/a>      <\/div>\n    <\/div>\n  <\/div>\n<\/section>\n\n\n<div style=\"height: 140px;\" class=\"component-spacer-d \"><\/div>\n<div style=\"height: 70px;\" class=\"component-spacer-m \"><\/div>\n","protected":false},"excerpt":{"rendered":"","protected":false},"author":1,"featured_media":0,"parent":0,"menu_order":0,"comment_status":"closed","ping_status":"closed","template":"","meta":{"inline_featured_image":false,"footnotes":""},"class_list":["post-5527","page","type-page","status-publish","hentry"],"yoast_head":"<!-- This site is optimized with the Yoast SEO plugin v24.2 - https:\/\/yoast.com\/wordpress\/plugins\/seo\/ -->\n<title>Make your values live on - Cesta von<\/title>\n<meta name=\"robots\" content=\"index, follow, max-snippet:-1, max-image-preview:large, max-video-preview:-1\" \/>\n<link rel=\"canonical\" href=\"https:\/\/cestavon.sk\/en\/gain-immortality\/\" \/>\n<meta property=\"og:locale\" content=\"en_US\" \/>\n<meta property=\"og:type\" content=\"article\" \/>\n<meta property=\"og:title\" content=\"Make your values live on - Cesta von\" \/>\n<meta property=\"og:url\" content=\"https:\/\/cestavon.sk\/en\/gain-immortality\/\" \/>\n<meta property=\"og:site_name\" content=\"Cesta von\" \/>\n<meta property=\"article:publisher\" content=\"https:\/\/www.facebook.com\/cestavon.sk\" \/>\n<meta property=\"article:modified_time\" content=\"2024-10-14T13:52:24+00:00\" \/>\n<meta name=\"twitter:card\" content=\"summary_large_image\" \/>\n<script type=\"application\/ld+json\" class=\"yoast-schema-graph\">{\"@context\":\"https:\/\/schema.org\",\"@graph\":[{\"@type\":\"WebPage\",\"@id\":\"https:\/\/cestavon.sk\/en\/gain-immortality\/\",\"url\":\"https:\/\/cestavon.sk\/en\/gain-immortality\/\",\"name\":\"Make your values live on - Cesta von\",\"isPartOf\":{\"@id\":\"https:\/\/cestavon.sk\/en\/#website\"},\"datePublished\":\"2022-11-02T10:36:24+00:00\",\"dateModified\":\"2024-10-14T13:52:24+00:00\",\"breadcrumb\":{\"@id\":\"https:\/\/cestavon.sk\/en\/gain-immortality\/#breadcrumb\"},\"inLanguage\":\"en-US\",\"potentialAction\":[{\"@type\":\"ReadAction\",\"target\":[\"https:\/\/cestavon.sk\/en\/gain-immortality\/\"]}]},{\"@type\":\"BreadcrumbList\",\"@id\":\"https:\/\/cestavon.sk\/en\/gain-immortality\/#breadcrumb\",\"itemListElement\":[{\"@type\":\"ListItem\",\"position\":1,\"name\":\"Domovsk\u00e1 str\u00e1nka\",\"item\":\"https:\/\/cestavon.sk\/en\/\"},{\"@type\":\"ListItem\",\"position\":2,\"name\":\"Make your values live on\"}]},{\"@type\":\"WebSite\",\"@id\":\"https:\/\/cestavon.sk\/en\/#website\",\"url\":\"https:\/\/cestavon.sk\/en\/\",\"name\":\"Cesta von\",\"description\":\"Pom\u00f4\u017ete n\u00e1m p\u00edsa\u0165 pr\u00edbehy so \u0161\u0165astn\u00fdm koncom\",\"publisher\":{\"@id\":\"https:\/\/cestavon.sk\/en\/#organization\"},\"potentialAction\":[{\"@type\":\"SearchAction\",\"target\":{\"@type\":\"EntryPoint\",\"urlTemplate\":\"https:\/\/cestavon.sk\/en\/?s={search_term_string}\"},\"query-input\":{\"@type\":\"PropertyValueSpecification\",\"valueRequired\":true,\"valueName\":\"search_term_string\"}}],\"inLanguage\":\"en-US\"},{\"@type\":\"Organization\",\"@id\":\"https:\/\/cestavon.sk\/en\/#organization\",\"name\":\"Cesta von\",\"url\":\"https:\/\/cestavon.sk\/en\/\",\"logo\":{\"@type\":\"ImageObject\",\"inLanguage\":\"en-US\",\"@id\":\"https:\/\/cestavon.sk\/en\/#\/schema\/logo\/image\/\",\"url\":\"https:\/\/cestavon.sk\/wp-content\/uploads\/2023\/07\/LOGO_SIMPLE_MENTOL-03.png\",\"contentUrl\":\"https:\/\/cestavon.sk\/wp-content\/uploads\/2023\/07\/LOGO_SIMPLE_MENTOL-03.png\",\"width\":1182,\"height\":1182,\"caption\":\"Cesta von\"},\"image\":{\"@id\":\"https:\/\/cestavon.sk\/en\/#\/schema\/logo\/image\/\"},\"sameAs\":[\"https:\/\/www.facebook.com\/cestavon.sk\",\"https:\/\/www.instagram.com\/cestavon\/\",\"https:\/\/sk.linkedin.com\/company\/cesta-von\"]}]}<\/script>\n<!-- \/ Yoast SEO plugin. -->","yoast_head_json":{"title":"Make your values live on - Cesta von","robots":{"index":"index","follow":"follow","max-snippet":"max-snippet:-1","max-image-preview":"max-image-preview:large","max-video-preview":"max-video-preview:-1"},"canonical":"https:\/\/cestavon.sk\/en\/gain-immortality\/","og_locale":"en_US","og_type":"article","og_title":"Make your values live on - Cesta von","og_url":"https:\/\/cestavon.sk\/en\/gain-immortality\/","og_site_name":"Cesta von","article_publisher":"https:\/\/www.facebook.com\/cestavon.sk","article_modified_time":"2024-10-14T13:52:24+00:00","twitter_card":"summary_large_image","schema":{"@context":"https:\/\/schema.org","@graph":[{"@type":"WebPage","@id":"https:\/\/cestavon.sk\/en\/gain-immortality\/","url":"https:\/\/cestavon.sk\/en\/gain-immortality\/","name":"Make your values live on - Cesta von","isPartOf":{"@id":"https:\/\/cestavon.sk\/en\/#website"},"datePublished":"2022-11-02T10:36:24+00:00","dateModified":"2024-10-14T13:52:24+00:00","breadcrumb":{"@id":"https:\/\/cestavon.sk\/en\/gain-immortality\/#breadcrumb"},"inLanguage":"en-US","potentialAction":[{"@type":"ReadAction","target":["https:\/\/cestavon.sk\/en\/gain-immortality\/"]}]},{"@type":"BreadcrumbList","@id":"https:\/\/cestavon.sk\/en\/gain-immortality\/#breadcrumb","itemListElement":[{"@type":"ListItem","position":1,"name":"Domovsk\u00e1 str\u00e1nka","item":"https:\/\/cestavon.sk\/en\/"},{"@type":"ListItem","position":2,"name":"Make your values live on"}]},{"@type":"WebSite","@id":"https:\/\/cestavon.sk\/en\/#website","url":"https:\/\/cestavon.sk\/en\/","name":"Cesta von","description":"Pom\u00f4\u017ete n\u00e1m p\u00edsa\u0165 pr\u00edbehy so \u0161\u0165astn\u00fdm koncom","publisher":{"@id":"https:\/\/cestavon.sk\/en\/#organization"},"potentialAction":[{"@type":"SearchAction","target":{"@type":"EntryPoint","urlTemplate":"https:\/\/cestavon.sk\/en\/?s={search_term_string}"},"query-input":{"@type":"PropertyValueSpecification","valueRequired":true,"valueName":"search_term_string"}}],"inLanguage":"en-US"},{"@type":"Organization","@id":"https:\/\/cestavon.sk\/en\/#organization","name":"Cesta von","url":"https:\/\/cestavon.sk\/en\/","logo":{"@type":"ImageObject","inLanguage":"en-US","@id":"https:\/\/cestavon.sk\/en\/#\/schema\/logo\/image\/","url":"https:\/\/cestavon.sk\/wp-content\/uploads\/2023\/07\/LOGO_SIMPLE_MENTOL-03.png","contentUrl":"https:\/\/cestavon.sk\/wp-content\/uploads\/2023\/07\/LOGO_SIMPLE_MENTOL-03.png","width":1182,"height":1182,"caption":"Cesta von"},"image":{"@id":"https:\/\/cestavon.sk\/en\/#\/schema\/logo\/image\/"},"sameAs":["https:\/\/www.facebook.com\/cestavon.sk","https:\/\/www.instagram.com\/cestavon\/","https:\/\/sk.linkedin.com\/company\/cesta-von"]}]}},"_links":{"self":[{"href":"https:\/\/cestavon.sk\/en\/wp-json\/wp\/v2\/pages\/5527","targetHints":{"allow":["GET"]}}],"collection":[{"href":"https:\/\/cestavon.sk\/en\/wp-json\/wp\/v2\/pages"}],"about":[{"href":"https:\/\/cestavon.sk\/en\/wp-json\/wp\/v2\/types\/page"}],"author":[{"embeddable":true,"href":"https:\/\/cestavon.sk\/en\/wp-json\/wp\/v2\/users\/1"}],"replies":[{"embeddable":true,"href":"https:\/\/cestavon.sk\/en\/wp-json\/wp\/v2\/comments?post=5527"}],"version-history":[{"count":4,"href":"https:\/\/cestavon.sk\/en\/wp-json\/wp\/v2\/pages\/5527\/revisions"}],"predecessor-version":[{"id":6274,"href":"https:\/\/cestavon.sk\/en\/wp-json\/wp\/v2\/pages\/5527\/revisions\/6274"}],"wp:attachment":[{"href":"https:\/\/cestavon.sk\/en\/wp-json\/wp\/v2\/media?parent=5527"}],"curies":[{"name":"wp","href":"https:\/\/api.w.org\/{rel}","templated":true}]}}