{"id":6307,"date":"2022-10-21T09:08:08","date_gmt":"2022-10-21T07:08:08","guid":{"rendered":"https:\/\/cestavon.sk\/support-us-from-anywhere-in-the-world\/"},"modified":"2024-10-22T13:18:48","modified_gmt":"2024-10-22T11:18:48","slug":"support-us-from-anywhere-in-the-world","status":"publish","type":"page","link":"https:\/\/cestavon.sk\/en\/support-us-from-anywhere-in-the-world\/","title":{"rendered":"Support us from anywhere in the world"},"content":{"rendered":"  <div class=\"inoby-img-with-text bg-fill-light\">\n    <div class=\"container\">\n      <div class=\"row right\">\n        <div class=\"col-12\">\n          <div class=\"img-with-text-wrap right\">\n            <div class=\"img-wrap\">\n              <picture><img decoding=\"async\" style=\"border-radius: 0px;\" src=\"https:\/\/cestavon.sk\/wp-content\/uploads\/2022\/11\/Zahranicni-slovaci-pre-omamu-455x607.png\"><\/picture>            <\/div>\n            <div class=\"content-wrap\">\n              <div class=\"text-wrap\">\n                <p><h1><span style=\"color: #0d214d;\">Slovaks abroad helping <span style=\"color: #05a597;\">omamas<\/span><\/span><\/h1>\n<p><span style=\"color: #0d214d;\">Help us build a community committed to solving poverty in Slovakia<\/span> <span style=\"color: #0d214d;\">through early childhood development.<\/span><\/p><\/p>              <\/div>\n              <div class=\"button-wrap\">\n                              <\/div>\n            <\/div>\n          <\/div>\n        <\/div>\n      <\/div>\n    <\/div>\n  <\/div>\n<div style=\"height: 120px;\" class=\"component-spacer-d \"><\/div>\n<div style=\"height: 60px;\" class=\"component-spacer-m \"><\/div>\n<section style=\"max-width: 770px; margin: 0 auto;\" class=\"component-group \">\n  \n<section class=\"text \">\n  <div class=\"container\">\n    <div class=\"row\">\n      <div class=\"col-12 text-wrap\">\n        <h5 style=\"color: #0d214d;\">Join us and connect with people who care about Slovakia and who are dedicated to making it a better place for everyone.<\/h5>      <\/div>\n    <\/div>\n  <\/div>\n<\/section>\n\n\n<div style=\"height: 40px;\" class=\"component-spacer-d \"><\/div>\n<div style=\"height: 20px;\" class=\"component-spacer-m \"><\/div>\n\n\n<section class=\"text \">\n  <div class=\"container\">\n    <div class=\"row\">\n      <div class=\"col-12 text-wrap\">\n        <p style=\"color: #0d214d;\">If you are reading this text, you probably live, study, or work abroad. Maybe you have started a family there. You were given the opportunity to show your talents and succeed. You were given support by your parents, school, or people who believed in you. However, not everyone is given such opportunities. Children from the poorest Roma communities rarely make it beyond the borders of their district and they often drop out of school before completing elementary school. Generational poverty is passed down from generation to generation, reducing children\u2019s opportunities for success.      <\/p>      <\/div>\n    <\/div>\n  <\/div>\n<\/section>\n\n\n<div style=\"height: 54px;\" class=\"component-spacer-d \"><\/div>\n<div style=\"height: 27px;\" class=\"component-spacer-m \"><\/div>\n\n\n<section class=\"text \">\n  <div class=\"container\">\n    <div class=\"row\">\n      <div class=\"col-12 text-wrap\">\n        <p style=\"color: #0d214d;\">That\u2019s why our omamas actively work within these communities, helping children and their parents in narrowing the gap with middle-class peers through supporting their development from day one. <\/p>      <\/div>\n    <\/div>\n  <\/div>\n<\/section>\n\n\n<div style=\"height: 54px;\" class=\"component-spacer-d \"><\/div>\n<div style=\"height: 27px;\" class=\"component-spacer-m \"><\/div>\n\n\n<section class=\"text \">\n  <div class=\"container\">\n    <div class=\"row\">\n      <div class=\"col-12 text-wrap\">\n        <p style=\"color: #0d214d;\">Living abroad does not mean you cannot feel a sense of responsibility to contribute to your country, region, or community. Whether you are planning to return someday or want to stay abroad permanently, you can now join our mission and start helping remotely. At Cesta von, we have a few ideas on how to make it happen, and we\u2019d love to hear yours as well.   <\/p>      <\/div>\n    <\/div>\n  <\/div>\n<\/section>\n\n\n<div style=\"height: 70px;\" class=\"component-spacer-d \"><\/div>\n<div style=\"height: 35px;\" class=\"component-spacer-m \"><\/div>\n\n\n<\/section><section class=\"text \">\n  <div class=\"container\">\n    <div class=\"row\">\n      <div class=\"col-12 text-wrap\">\n        <h5 style=\"text-align: center;color: #0d214d;max-width:770px;margin: 0 auto;\">Fill out this form and let us know more about you:<\/h5>      <\/div>\n    <\/div>\n  <\/div>\n<\/section>\n<div style=\"height: 80px;\" class=\"component-spacer-d \"><\/div>\n<div style=\"height: 40px;\" class=\"component-spacer-m \"><\/div>\n<div style=\"height: 80px;\" class=\"component-spacer-d bg-fill-light\"><\/div>\n<div style=\"height: 40px;\" class=\"component-spacer-m bg-fill-light\"><\/div>\n<section class=\"component-html bg-fill-light\">\n  \n<div class=\"wpcf7 no-js\" id=\"wpcf7-f900-o1\" lang=\"sk-SK\" dir=\"ltr\">\n<div class=\"screen-reader-response\"><p role=\"status\" aria-live=\"polite\" aria-atomic=\"true\"><\/p> <ul><\/ul><\/div>\n<form action=\"\/en\/wp-json\/wp\/v2\/pages\/6307#wpcf7-f900-o1\" method=\"post\" class=\"wpcf7-form init\" aria-label=\"Kontaktn\u00fd formul\u00e1r\" novalidate=\"novalidate\" data-status=\"init\">\n<div style=\"display: none;\">\n<input type=\"hidden\" name=\"_wpcf7\" value=\"900\" \/>\n<input type=\"hidden\" name=\"_wpcf7_version\" value=\"5.9\" \/>\n<input type=\"hidden\" name=\"_wpcf7_locale\" value=\"sk_SK\" \/>\n<input type=\"hidden\" name=\"_wpcf7_unit_tag\" value=\"wpcf7-f900-o1\" \/>\n<input type=\"hidden\" name=\"_wpcf7_container_post\" value=\"0\" \/>\n<input type=\"hidden\" name=\"_wpcf7_posted_data_hash\" value=\"\" \/>\n<input type=\"hidden\" name=\"_wpcf7_recaptcha_response\" value=\"\" \/>\n<\/div>\n<div class=\"step-form\">\n\t<h4>Nez\u00e1v\u00e4zn\u00fd registra\u010dn\u00fd formul\u00e1r\n\t<\/h4>\n\t<p><ul class=\"trx_mscf_progressbar\" ><li class=\"trx_mscf_numbers active\" style=\"width:50.00%;\">Osobn\u00e9 \u00fadaje<\/li><li class=\"trx_mscf_numbers\" style=\"width:50.00%;\">Inform\u00e1cie o tebe<\/li><\/ul><p class=\"trx_hidden\"><br \/>\n<div class=\"trx_mscf_step\">\n\t<\/p>\n\t<p>Kontaktn\u00e9 \u00fadaje\n\t<\/p>\n\t<div class=\"step-form-half-inputs\">\n\t\t<div class=\"step-form-input\">\n\t\t\t<p><label for=\"your-name\" class=\"inplace-label\">Meno *<\/label><span class=\"wpcf7-form-control-wrap\" data-name=\"your-name\"><input size=\"40\" class=\"wpcf7-form-control wpcf7-text wpcf7-validates-as-required input-text\" aria-required=\"true\" aria-invalid=\"false\" placeholder=\"Meno *\" value=\"\" type=\"text\" name=\"your-name\" \/><\/span>\n\t\t\t<\/p>\n\t\t<\/div>\n\t\t<div class=\"step-form-input\">\n\t\t\t<p><label for=\"your-surname\" class=\"inplace-label\">Priezvisko *<\/label><span class=\"wpcf7-form-control-wrap\" data-name=\"your-surname\"><input size=\"40\" class=\"wpcf7-form-control wpcf7-text wpcf7-validates-as-required input-text\" aria-required=\"true\" aria-invalid=\"false\" placeholder=\"Priezvisko *\" value=\"\" type=\"text\" name=\"your-surname\" \/><\/span>\n\t\t\t<\/p>\n\t\t<\/div>\n\t\t<div class=\"step-form-input\">\n\t\t\t<p><label for=\"your-email\" class=\"inplace-label\">E-mail *<\/label><span class=\"wpcf7-form-control-wrap\" data-name=\"your-email\"><input size=\"40\" class=\"wpcf7-form-control wpcf7-email wpcf7-validates-as-required wpcf7-text wpcf7-validates-as-email input-text\" aria-required=\"true\" aria-invalid=\"false\" placeholder=\"E-mail *\" value=\"\" type=\"email\" name=\"your-email\" \/><\/span>\n\t\t\t<\/p>\n\t\t<\/div>\n\t\t<div class=\"step-form-input\">\n\t\t\t<p><label for=\"your-res\" class=\"inplace-label\">Kde v zahrani\u010d\u00ed \u017eije\u0161?*<\/label><span class=\"wpcf7-form-control-wrap\" data-name=\"your-res\"><input size=\"40\" class=\"wpcf7-form-control wpcf7-text wpcf7-validates-as-required input-text\" aria-required=\"true\" aria-invalid=\"false\" placeholder=\"Kde v zahrani\u010d\u00ed \u017eije\u0161? *\" value=\"\" type=\"text\" name=\"your-res\" \/><\/span>\n\t\t\t<\/p>\n\t\t<\/div>\n\t<\/div>\n\t<p><button class=\"trx_mscf_next\" >Pokra\u010dova\u0165<\/button><br \/>\n<\/div><br \/>\n<div class=\"trx_mscf_step\">\n\t<\/p>\n\t<p>Ak\u00fd je tvoj talent, vedomosti alebo schopnosti, ktor\u00e9 n\u00e1m chce\u0161 pon\u00faknu\u0165? *\n\t<\/p>\n\t<p><label for=\"your-tal\" class=\"inplace-label\">Nap\u00ed\u0161te n\u00e1m....<\/label><span class=\"wpcf7-form-control-wrap\" data-name=\"your-tal\"><textarea cols=\"40\" rows=\"4\" class=\"wpcf7-form-control wpcf7-textarea wpcf7-validates-as-required input-text\" aria-required=\"true\" aria-invalid=\"false\" placeholder=\"Nap\u00ed\u0161te n\u00e1m....\" name=\"your-tal\"><\/textarea><\/span>\n\t<\/p>\n\t<p>Ak\u00e1 je tvoja motiv\u00e1cia zapoji\u0165 sa do programu, ktor\u00fd rie\u0161i chudobu na Slovensku? *\n\t<\/p>\n\t<p><label for=\"your-mot\" class=\"inplace-label\">Nap\u00ed\u0161te n\u00e1m....<\/label><span class=\"wpcf7-form-control-wrap\" data-name=\"your-mot\"><textarea cols=\"40\" rows=\"4\" class=\"wpcf7-form-control wpcf7-textarea wpcf7-validates-as-required input-text\" aria-required=\"true\" aria-invalid=\"false\" placeholder=\"Nap\u00ed\u0161te n\u00e1m....\" name=\"your-mot\"><\/textarea><\/span>\n\t<\/p>\n\t<p>Vie\u0161 o \u010fal\u0161\u00edch Slov\u00e1koch vo svojom okol\u00ed, ktor\u00ed by sa radi zapojili do pomoci? *\n\t<\/p>\n\t<p><label for=\"associates\" class=\"inplace-label\">Nap\u00ed\u0161te n\u00e1m....<\/label><span class=\"wpcf7-form-control-wrap\" data-name=\"associates\"><textarea cols=\"40\" rows=\"4\" class=\"wpcf7-form-control wpcf7-textarea wpcf7-validates-as-required input-text\" aria-required=\"true\" aria-invalid=\"false\" placeholder=\"Nap\u00ed\u0161te n\u00e1m....\" name=\"associates\"><\/textarea><\/span><br \/>\n[prev \"Sp\u00e4\u0165\"]<br \/>\n<input class=\"wpcf7-form-control wpcf7-submit has-spinner button\" type=\"submit\" value=\"Potvrdi\u0165\" \/><br \/>\n\t<div class=\"wpcf7-response-output\" aria-hidden=\"true\"><\/div><br \/>\n<\/div>\n\t<\/p>\n<\/div>\n<\/form>\n<\/div>\n<\/section>\n<div style=\"height: 70px;\" class=\"component-spacer-d bg-fill-light\"><\/div>\n<div style=\"height: 35px;\" class=\"component-spacer-m bg-fill-light\"><\/div>\n<div style=\"height: 70px;\" class=\"component-spacer-d \"><\/div>\n<div style=\"height: 35px;\" class=\"component-spacer-m \"><\/div>\n<section class=\"text \">\n  <div class=\"container\">\n    <div class=\"row\">\n      <div class=\"col-12 text-wrap\">\n        <p style=\"text-align: center;color: #0d214d;max-width:770px;margin: 0 auto;\">&#8211; Ondro set up his own fundraiser for omamas as part of his run in Australia <\/p>      <\/div>\n    <\/div>\n  <\/div>\n<\/section>\n<div style=\"height: 40px;\" class=\"component-spacer-d \"><\/div>\n<div style=\"height: 20px;\" class=\"component-spacer-m \"><\/div>\n<section class=\"text \">\n  <div class=\"container\">\n    <div class=\"row\">\n      <div class=\"col-12 text-wrap\">\n        <p style=\"text-align: center;color: #0d214d;max-width:770px;margin: 0 auto;\">&#8211; Ema and Marieta helped us translate our website into German<\/p>      <\/div>\n    <\/div>\n  <\/div>\n<\/section>\n<div style=\"height: 40px;\" class=\"component-spacer-d \"><\/div>\n<div style=\"height: 20px;\" class=\"component-spacer-m \"><\/div>\n<section class=\"text \">\n  <div class=\"container\">\n    <div class=\"row\">\n      <div class=\"col-12 text-wrap\">\n        <p style=\"text-align: center;color: #0d214d;max-width:770px;margin: 0 auto;\">&#8211; Samo held a photo exhibition in Prague showcasing the work of the omamas <\/p>      <\/div>\n    <\/div>\n  <\/div>\n<\/section>\n<div style=\"height: 40px;\" class=\"component-spacer-d \"><\/div>\n<div style=\"height: 20px;\" class=\"component-spacer-m \"><\/div>\n<section class=\"text \">\n  <div class=\"container\">\n    <div class=\"row\">\n      <div class=\"col-12 text-wrap\">\n        <p style=\"text-align: center;color: #0d214d;max-width:770px;margin: 0 auto;\">&#8211; Marianna helped us translate our annual report into English <\/p>      <\/div>\n    <\/div>\n  <\/div>\n<\/section>\n<div style=\"height: 80px;\" class=\"component-spacer-d \"><\/div>\n<div style=\"height: 40px;\" class=\"component-spacer-m \"><\/div>\n\n\n<div class=\"inoby-slider-gallery\" id=\"inoby-slider-gallery-69eea961db3c8\" data-settings=\"{&quot;has_lightbox&quot;:true,&quot;has_thumbs&quot;:false,&quot;has_arrows&quot;:true}\">\n  <div class=\"container\">\n                <div class=\"keen-slider gallery\">\n                              <a href=\"https:\/\/cestavon.sk\/wp-content\/uploads\/2023\/03\/Ondro.jpg\" class=\"gallery-slide glightbox-slide\" data-gallery=\"inoby-slider-gallery-69eea961db3c8\">\n              <img decoding=\"async\" src=\"https:\/\/cestavon.sk\/wp-content\/uploads\/2023\/03\/Ondro-683x512.jpg\" alt=\"\">\n            <\/a>\n                                        <a href=\"https:\/\/cestavon.sk\/wp-content\/uploads\/2023\/03\/rozumTT-21-klub-svistov-039.jpg\" class=\"gallery-slide glightbox-slide\" data-gallery=\"inoby-slider-gallery-69eea961db3c8\">\n              <img decoding=\"async\" src=\"https:\/\/cestavon.sk\/wp-content\/uploads\/2023\/03\/rozumTT-21-klub-svistov-039-683x512.jpg\" alt=\"\">\n            <\/a>\n                                        <a href=\"https:\/\/cestavon.sk\/wp-content\/uploads\/2023\/03\/Nemecka-webka.jpg\" class=\"gallery-slide glightbox-slide\" data-gallery=\"inoby-slider-gallery-69eea961db3c8\">\n              <img decoding=\"async\" src=\"https:\/\/cestavon.sk\/wp-content\/uploads\/2023\/03\/Nemecka-webka-683x512.jpg\" alt=\"\">\n            <\/a>\n                                        <a href=\"https:\/\/cestavon.sk\/wp-content\/uploads\/2023\/03\/Anglicka-vyrocka.jpg\" class=\"gallery-slide glightbox-slide\" data-gallery=\"inoby-slider-gallery-69eea961db3c8\">\n              <img decoding=\"async\" src=\"https:\/\/cestavon.sk\/wp-content\/uploads\/2023\/03\/Anglicka-vyrocka-683x512.jpg\" alt=\"\">\n            <\/a>\n                        <\/div>\n      <\/div>\n<\/div>\n<div style=\"height: 140px;\" class=\"component-spacer-d \"><\/div>\n<div style=\"height: 70px;\" class=\"component-spacer-m \"><\/div>\n","protected":false},"excerpt":{"rendered":"","protected":false},"author":1,"featured_media":0,"parent":0,"menu_order":0,"comment_status":"closed","ping_status":"closed","template":"","meta":{"inline_featured_image":false,"footnotes":""},"class_list":["post-6307","page","type-page","status-publish","hentry"],"yoast_head":"<!-- This site is optimized with the Yoast SEO plugin v24.2 - https:\/\/yoast.com\/wordpress\/plugins\/seo\/ -->\n<title>Support us from anywhere in the world - Cesta von<\/title>\n<meta name=\"robots\" content=\"index, follow, max-snippet:-1, max-image-preview:large, max-video-preview:-1\" \/>\n<link rel=\"canonical\" href=\"https:\/\/cestavon.sk\/en\/support-us-from-anywhere-in-the-world\/\" \/>\n<meta property=\"og:locale\" content=\"en_US\" \/>\n<meta property=\"og:type\" content=\"article\" \/>\n<meta property=\"og:title\" content=\"Support us from anywhere in the world - Cesta von\" \/>\n<meta property=\"og:url\" content=\"https:\/\/cestavon.sk\/en\/support-us-from-anywhere-in-the-world\/\" \/>\n<meta property=\"og:site_name\" content=\"Cesta von\" \/>\n<meta property=\"article:publisher\" content=\"https:\/\/www.facebook.com\/cestavon.sk\" \/>\n<meta property=\"article:modified_time\" content=\"2024-10-22T11:18:48+00:00\" \/>\n<meta name=\"twitter:card\" content=\"summary_large_image\" \/>\n<script type=\"application\/ld+json\" class=\"yoast-schema-graph\">{\"@context\":\"https:\/\/schema.org\",\"@graph\":[{\"@type\":\"WebPage\",\"@id\":\"https:\/\/cestavon.sk\/en\/support-us-from-anywhere-in-the-world\/\",\"url\":\"https:\/\/cestavon.sk\/en\/support-us-from-anywhere-in-the-world\/\",\"name\":\"Support us from anywhere in the world - Cesta von\",\"isPartOf\":{\"@id\":\"https:\/\/cestavon.sk\/en\/#website\"},\"datePublished\":\"2022-10-21T07:08:08+00:00\",\"dateModified\":\"2024-10-22T11:18:48+00:00\",\"breadcrumb\":{\"@id\":\"https:\/\/cestavon.sk\/en\/support-us-from-anywhere-in-the-world\/#breadcrumb\"},\"inLanguage\":\"en-US\",\"potentialAction\":[{\"@type\":\"ReadAction\",\"target\":[\"https:\/\/cestavon.sk\/en\/support-us-from-anywhere-in-the-world\/\"]}]},{\"@type\":\"BreadcrumbList\",\"@id\":\"https:\/\/cestavon.sk\/en\/support-us-from-anywhere-in-the-world\/#breadcrumb\",\"itemListElement\":[{\"@type\":\"ListItem\",\"position\":1,\"name\":\"Domovsk\u00e1 str\u00e1nka\",\"item\":\"https:\/\/cestavon.sk\/en\/\"},{\"@type\":\"ListItem\",\"position\":2,\"name\":\"Support us from anywhere in the world\"}]},{\"@type\":\"WebSite\",\"@id\":\"https:\/\/cestavon.sk\/en\/#website\",\"url\":\"https:\/\/cestavon.sk\/en\/\",\"name\":\"Cesta von\",\"description\":\"Pom\u00f4\u017ete n\u00e1m p\u00edsa\u0165 pr\u00edbehy so \u0161\u0165astn\u00fdm koncom\",\"publisher\":{\"@id\":\"https:\/\/cestavon.sk\/en\/#organization\"},\"potentialAction\":[{\"@type\":\"SearchAction\",\"target\":{\"@type\":\"EntryPoint\",\"urlTemplate\":\"https:\/\/cestavon.sk\/en\/?s={search_term_string}\"},\"query-input\":{\"@type\":\"PropertyValueSpecification\",\"valueRequired\":true,\"valueName\":\"search_term_string\"}}],\"inLanguage\":\"en-US\"},{\"@type\":\"Organization\",\"@id\":\"https:\/\/cestavon.sk\/en\/#organization\",\"name\":\"Cesta von\",\"url\":\"https:\/\/cestavon.sk\/en\/\",\"logo\":{\"@type\":\"ImageObject\",\"inLanguage\":\"en-US\",\"@id\":\"https:\/\/cestavon.sk\/en\/#\/schema\/logo\/image\/\",\"url\":\"https:\/\/cestavon.sk\/wp-content\/uploads\/2023\/07\/LOGO_SIMPLE_MENTOL-03.png\",\"contentUrl\":\"https:\/\/cestavon.sk\/wp-content\/uploads\/2023\/07\/LOGO_SIMPLE_MENTOL-03.png\",\"width\":1182,\"height\":1182,\"caption\":\"Cesta von\"},\"image\":{\"@id\":\"https:\/\/cestavon.sk\/en\/#\/schema\/logo\/image\/\"},\"sameAs\":[\"https:\/\/www.facebook.com\/cestavon.sk\",\"https:\/\/www.instagram.com\/cestavon\/\",\"https:\/\/sk.linkedin.com\/company\/cesta-von\"]}]}<\/script>\n<!-- \/ Yoast SEO plugin. -->","yoast_head_json":{"title":"Support us from anywhere in the world - Cesta von","robots":{"index":"index","follow":"follow","max-snippet":"max-snippet:-1","max-image-preview":"max-image-preview:large","max-video-preview":"max-video-preview:-1"},"canonical":"https:\/\/cestavon.sk\/en\/support-us-from-anywhere-in-the-world\/","og_locale":"en_US","og_type":"article","og_title":"Support us from anywhere in the world - Cesta von","og_url":"https:\/\/cestavon.sk\/en\/support-us-from-anywhere-in-the-world\/","og_site_name":"Cesta von","article_publisher":"https:\/\/www.facebook.com\/cestavon.sk","article_modified_time":"2024-10-22T11:18:48+00:00","twitter_card":"summary_large_image","schema":{"@context":"https:\/\/schema.org","@graph":[{"@type":"WebPage","@id":"https:\/\/cestavon.sk\/en\/support-us-from-anywhere-in-the-world\/","url":"https:\/\/cestavon.sk\/en\/support-us-from-anywhere-in-the-world\/","name":"Support us from anywhere in the world - Cesta von","isPartOf":{"@id":"https:\/\/cestavon.sk\/en\/#website"},"datePublished":"2022-10-21T07:08:08+00:00","dateModified":"2024-10-22T11:18:48+00:00","breadcrumb":{"@id":"https:\/\/cestavon.sk\/en\/support-us-from-anywhere-in-the-world\/#breadcrumb"},"inLanguage":"en-US","potentialAction":[{"@type":"ReadAction","target":["https:\/\/cestavon.sk\/en\/support-us-from-anywhere-in-the-world\/"]}]},{"@type":"BreadcrumbList","@id":"https:\/\/cestavon.sk\/en\/support-us-from-anywhere-in-the-world\/#breadcrumb","itemListElement":[{"@type":"ListItem","position":1,"name":"Domovsk\u00e1 str\u00e1nka","item":"https:\/\/cestavon.sk\/en\/"},{"@type":"ListItem","position":2,"name":"Support us from anywhere in the world"}]},{"@type":"WebSite","@id":"https:\/\/cestavon.sk\/en\/#website","url":"https:\/\/cestavon.sk\/en\/","name":"Cesta von","description":"Pom\u00f4\u017ete n\u00e1m p\u00edsa\u0165 pr\u00edbehy so \u0161\u0165astn\u00fdm koncom","publisher":{"@id":"https:\/\/cestavon.sk\/en\/#organization"},"potentialAction":[{"@type":"SearchAction","target":{"@type":"EntryPoint","urlTemplate":"https:\/\/cestavon.sk\/en\/?s={search_term_string}"},"query-input":{"@type":"PropertyValueSpecification","valueRequired":true,"valueName":"search_term_string"}}],"inLanguage":"en-US"},{"@type":"Organization","@id":"https:\/\/cestavon.sk\/en\/#organization","name":"Cesta von","url":"https:\/\/cestavon.sk\/en\/","logo":{"@type":"ImageObject","inLanguage":"en-US","@id":"https:\/\/cestavon.sk\/en\/#\/schema\/logo\/image\/","url":"https:\/\/cestavon.sk\/wp-content\/uploads\/2023\/07\/LOGO_SIMPLE_MENTOL-03.png","contentUrl":"https:\/\/cestavon.sk\/wp-content\/uploads\/2023\/07\/LOGO_SIMPLE_MENTOL-03.png","width":1182,"height":1182,"caption":"Cesta von"},"image":{"@id":"https:\/\/cestavon.sk\/en\/#\/schema\/logo\/image\/"},"sameAs":["https:\/\/www.facebook.com\/cestavon.sk","https:\/\/www.instagram.com\/cestavon\/","https:\/\/sk.linkedin.com\/company\/cesta-von"]}]}},"_links":{"self":[{"href":"https:\/\/cestavon.sk\/en\/wp-json\/wp\/v2\/pages\/6307","targetHints":{"allow":["GET"]}}],"collection":[{"href":"https:\/\/cestavon.sk\/en\/wp-json\/wp\/v2\/pages"}],"about":[{"href":"https:\/\/cestavon.sk\/en\/wp-json\/wp\/v2\/types\/page"}],"author":[{"embeddable":true,"href":"https:\/\/cestavon.sk\/en\/wp-json\/wp\/v2\/users\/1"}],"replies":[{"embeddable":true,"href":"https:\/\/cestavon.sk\/en\/wp-json\/wp\/v2\/comments?post=6307"}],"version-history":[{"count":3,"href":"https:\/\/cestavon.sk\/en\/wp-json\/wp\/v2\/pages\/6307\/revisions"}],"predecessor-version":[{"id":6310,"href":"https:\/\/cestavon.sk\/en\/wp-json\/wp\/v2\/pages\/6307\/revisions\/6310"}],"wp:attachment":[{"href":"https:\/\/cestavon.sk\/en\/wp-json\/wp\/v2\/media?parent=6307"}],"curies":[{"name":"wp","href":"https:\/\/api.w.org\/{rel}","templated":true}]}}